{"id":21948,"date":"2023-06-08T19:22:23","date_gmt":"2023-06-08T19:22:23","guid":{"rendered":"https:\/\/vv-dev.webdev.is\/?post_type=product&#038;p=21948"},"modified":"2026-02-05T14:01:34","modified_gmt":"2026-02-05T14:01:34","slug":"bahco-skiptilykill-6-svartur","status":"publish","type":"product","link":"https:\/\/velarogverkfaeri.is\/en\/verkfaeralausnir\/handverkfaeri\/skiptilyklar\/product\/bahco-skiptilykill-6-svartur\/","title":{"rendered":"BAHCO Skiptilykill 6&#8243; Svartur"},"content":{"rendered":"<p><img decoding=\"async\" src=\"data:image\/png;base64,iVBORw0KGgoAAAANSUhEUgAAAeYAAADxCAYAAAAeNxRYAAAAAXNSR0IArs4c6QAAAARnQU1BAACxjwv8YQUAAAAJcEhZcwAADsMAAA7DAcdvqGQAABoZSURBVHhe7d3\/bxTV\/sfxl5+\/wRaxvRG1aSB8+1z9gBiI\/gBpSco1l5uYGtKEuAH7y0V+ICkhWtJQDLGJP0D9ZZUsIWkIDYneqE1oQ3\/QYES5ei8FQrOpUmILdtff+dHPOTNndme323Yrne2BPh9xZGdmv7Rkzrzmfc6Z5ak\/DAEAAC\/8j\/sTAAB4gGAGAMAjBDMAAB4hmAEA8AjBDACAR6oI5ttK731Lb8y5ZDTmnjmWDrelb7gNVclp6Kh93XEN5dymqrmfLX3brVcpN6Iu+7qjI5pxm8Kfvfi7AACwHKqvmJtT+vTzi\/pi1pLSpuAJOf36S\/BAP08tJmHzmsraP7OaehBsSN6DKY3bP7NThWAGAMAHS9iVXa+2D8Ow7murd9uqsV6dLuQ7N7tNSducKruoAADAD4wxAwDgkSUN5pmh47PHim9kgnHnSks0Fj1rfDd4TbgejVuHS5VjwNEY8pyvq3JsuvCzx19fPuZe9vsGnx1ui\/\/sixt3BwCsVMlWzDbYeka09sAZ13V8Rp3N4S67bf6u6xG9bwJtoNG9Np3SWrstNmGrkuDioDMjFT7zok7utu+1yMllNmDNz67d3eY9XJd3ELq9GiqMt9vfJ6t0Z\/l7221v6X3Z14Y\/Q8266QEAj7Xqgzmb0cFCleiWhUJyajKYNHakMOZcr7YjNmClFxsXHodu64mNV9e36MgBk+rZq\/r3nAF7W\/86mw1CPz7OvakzDNCvr1ebzKYqNuE+bgO4c73bZpifoc8G7YctWhVucL9Phfe2gR5\/LQAAVag+mCvNyi4EVGWrGtcEgf6vWDfuzPWrGlezGle7DYsQvN98bnyvIfPH+Nl3Sy8g9r6rdNZsn8qHz5uXvX3LVcUL\/H6B+ga96B7GrW2sc48AAKhesl3Zm024mSp3qKcYkgdNRdvWc0KLmri9SLbSLrmAiJYFK1jb5W1DvFmdR+YO5dJxbxPibjsAAI8q2WAOupalznRpQCY23rq6Megm\/\/NadLIwblxhopmbDPb+ZRPchd+pW21uNwAAjyrhyV+2a7mGXxziupWHLsw\/9j0\/ez+2DVtbPZeG89i1Edeln2zFDwBYuRLuyt4TzMKOd2VHS9eipkhXa706e1rCiWqxiWnhbVyL+Uz7pScunGPvs6rRTj6LjZlHs7TdKgAAj6r6YK40KztY5r63eCz9rtIqnzQW3jI1fvbjxd2+VC37rV721qrYzxuOa1\/UkS3uOVUx4Vx4n\/B2qFVt\/yy90PhIOhK7BQwAgEf11B+Ge7zE7Bdx9EomEGeNKQf3N0+a4KNLGACAuAS7sutke36Hesq+fMN96Yh2txPKAACUSbBiDtlbi96\/7FYc263MN2EBADBb4sEMAACql\/B9zAAAYDEIZgAAPEIwAwDgEYIZAACPEMwAAHiEYAYAwCMEMwAAHiGYAQDwCMEMAIBHCGYAADxCMAMA4BGCGQAAjxDMAAB4hGAGAMAjBDMAAB4hmAEA8AjBDACARwhmAAA8QjADAOCRp\/4w3OOKHj586B4BAICkUTEDAOARghkAAI8QzAAAeIRgBgDAIwQzAAAeIZgBAPAIwQwAgEcIZgAAPEIwAwDgEYIZAACPEMwAAHiEYAYAwCMEMwAAHiGYAQDwSOL\/7GNu+AMdOj\/h1oxdXRpMrXMrd5TJSKnCOvCEyY+q+\/CAsm61eX+felvr3Jpxc0Dtp0bditR67JxSG90KgBUp2WAOTjpS94UObQg25DV8\/BPp0HsKzk12\/\/WXY0G9dG5l3lbvFfuoSc1N5sJge9kJEUhaEMrXtOO0O97thei+Pt2NwnmO\/SKcgRUt0a7sW9dNJbDrZRfKVp1aT0QnIVNN378XPkjAhtQ59e9vMo8mlDW5\/PyzhDJqK\/fTNWV3\/aNwvEvrtMcck9np34O1W18OSPvfmbV\/+NKocm4LgJUn0WCubzDBeOUzDefdhhhb0QZd3Ff61L7vbbVn7rg9tqo263abWbrti21l4dbb9w3olnum7Sa3r7PvFew7Hj+h5ZV79h0NXjinwdMdunuq+DqgFupb35vVG5SbjoZ17uiHK7MvGOtf2qbmiWv6T1mbmXWsB+2gtK1kbronB5X3Bxq+WWw3QTuyPVRuvbStAPBJssHcaqoFU7FmDruTQSF8YxWtHXO24elOYLcyXZp+06zbbRe69Pz5LrUH3X1u2zGpN35SMcH+wxa378RO1Qcb7QmrS72nzGvt534p7Wga1Q+FExewDMwF5qAJ49YtUVg3qeEZ97AasWO9f\/899e6LtZVjOzVccvFp2t0l6VC8HV1arf5gvU8pDai\/0hUzgGWX8KzsdUq5E0OrXQ2q4\/krVxvYxfG1ddq6y\/wR7w7c+LJa4xVFU4f2lIzHhaGcWeMC3y5bHihjCpW79zkRYbmYKvaw7bo2ofhnx49jx3r9s8+Z\/+\/U1ui9nlmtZt3TdOwQb30zulB9Wrbzqnn7Jrdep4Y1KnSpA\/BLjW6Xigf0wpVrsbvOTeCKuruDpU\/D4dMqy4\/p6kSTUn+LdSFu7FC3DXhgWYSTuoZ3dZVNQJzQ9G\/uIQA4NQrmSHjlPrdwzGywoa9Q7dpAtbeYFKrfYClOIKtOXtOTTADDciiGcul4c9gbVN6LE0wYa9qmv3KoAitWgsEchmxxQopxc1iZiVj32yy\/y86NKQZoOEEme\/6Tkglkufw8XdJ1O9W+a0KZL4vj2Qt\/LpCEuUI5tOFvHVLJsX1HX52fiHVBA1iJkgvm\/O9qeNPOhi52S5fe0+xmoEbd1MGELne7SOE1P2qrrZBPb9PVaAKZWfr7hyvO9I5sSPUpNRnr\/i77XCB59sLUDbuUDMXYxc2zMBeRvceeK06O5B5mAEbi3\/wFAACqV+MxZgAAMB+CGQAAjxDMAAB4hGAGAMAjBDMAAB4hmAEA8AjBDACARwhmAAA8QjADAOARghkAAI8QzAAAeIRgBgDAIwQzAAAeIZgBAPDIgv\/sIwAAqB0qZgAAPEIwAwDgEYIZAACPEMwAAHiEYAYAwCMEMwAAHiGYAQDwCMEMAIBHCGYAADxCMAMA4BGCGQAAjxDMAAB4hGAGAMAjBDMAAB5JPJhnho7rjb1vFZf0bbfHuq10yTrwhMqNqMse\/0dHNOM2xY2l31LXUE66kZnzOQBWhmSD2ZxkDp5do5OfX9QXwXJGnb8Myp5\/wv3fa8g9XGr2RBdeDBxX11F30gOWRU5DH2U0vrtbX3zYolVuKwBUkmgwj10bkXa\/ok1uXapX24cn1FYfrs1MTYYPErCp86I+PdBsHmU1npVebHQfCtTYWPpdpZXSp53r3ZbZVjU2h8fo6katfaGB8AZWsKf+MNzjJWe7sQ+elTrTxTCO2Ir2\/ctuxbLVRHDiMtXFUXMiM2FqrT1wRn1b\/quuTlNxBFtaTAWeCsI+eP+pdp1Ub\/hezebkV6hIchq7YQJ6s\/lg243YOaUO9zqgZmzXdM9kxTYAAJUkGszBGPLe3mJ3dSF8Q1GwxrfZwP5u20V1brZr0eubiyc2e6K70BgEsILgz6qtJ3p+pDTctTulzl8ymtpX\/jwgSWXHv1Vy8QgAsyU8+Wu9OoOx5W612dXLvXpjb0Zjwb7KbBd0MTzX69Xd5o\/d7cVqY\/Mraste1b+jIWNzovt7pVB+wVwERGPb26aCkP55inFm1M7M0KC7qIzNsVBGB5nwCGAeNbpdKh7QI\/ruhts8h+LELdfdHQR6tK2sAimX+6++zpqT4d7YeN7mlE7agAdqaGYqq7UH\/hnrwq5X274Wczx\/P+\/FKYCVrUbBHKlTo52PNSdb7b6lgcYzhWrXBqodZy5Uv8Gy2PG6nH79hQlgqKXwmAOAxUowmMOQTcer4xtfKZ1t0atzjvPmZYqMWIDe1nemYh4\/+3HxFitjJjdPl3R9izp2Z5X+PNZduODnAkstrI7Hz34Vq45Nm7gwYi409zAJEcCckpv8lbutsQfTGuiJZlNbxRnVgWC2tNvvJsVEE7pC7vnx5xlrm1v0+pGU\/u+6ee43OypMpimb\/FX+uUCtBLOyR9yKu8uA6dkA5pHwrGwAALAYNR5jBgAA8yGYAQDwCMEMAIBHCGYAADxCMAMA4BGCGQAAjxDMAAB4hGAGAMAjBDMAAB4hmAEA8AjBDACARwhmAAA8QjADAOARghkAAI8s+M8+Pnz40D0CAABJo2IGAMAjBDMAAB4hmAEA8AjBDACARwhmAAA8QjADAOARghkAAI8QzAAAeIRgBgDAIwQzAAAeIZgBAPAIwQwAgEcIZgAAPEIwAwDgkWT\/2cebA2o\/JXVf6NAGt2k53Mq8rV51aTC1zm0Bais4Bic71H9ip+rdNis3\/IEOnZ9wa6HWY+eU2uhW8qPqPjygrFsN7OJYBp5kVMxAovIaPm5C+YpbLZObngiCePBCcSmEsvXbA2VtEMf2E8rAk41gBhJzR5l9XcqsMcF6bKfbFpfX9GSTGp5xqxXk7t9Tc8PTbg3ASrCswWy78dr3ve2WAd1y24PuO7tuu8Ir7Q9OeNH24tI9nA93l73uh3ArUFv5p7Vn3gr3d5mCeV62oq5G0JYyd4Iu8+i4v+Wq9agtZG66Jwft5wMN37TtLNwXtJ14uzk+qpx7NoDaWrZgDsfWnlN31D13TOotORmMqvf6y677rk+pJrNuTjzWrUyf7u7vK3Ttde+Sms16b2tdGOqnRmPdgy9Lc3QjAomqqysZT54lf193NaHM4UrhadmKWsqe7yoGpmsDFV3p0w9bwuO+f\/899ZpqffpN1w5MxT58Kn5xaz73knQoaCNdet5+xqXV6g\/WTXvTgPqjC10ANbVMwZzXf761Y2uxSWEbW83J4Jr+UzgXNCn1t6jSqNNftzdJk\/dNcIcnq7nkfroWjMkVx+nWaasJbsA7dTvVGwShW0536O6peDjXqfVEbL8NzMm+ucO5qUN73HFf\/+xz5v87tTVqB8+sVrPuaTqWta1vRhPRnlaDaV7N2ze59To1rDEXBNO\/B2sAamuZgjnswhs2J6FCJWDH4iYmNP2be8qc7MmqTzu+LVYRdrbrIVstG9V2\/QHeMUHdbi4ih6\/PVRWbY9+Eqa78GKt8ATxplimYwyv08tmodimZkTqH3PAnurq92JU9WHYLCgAAj6tlCuawa3r4UukEk1y+ujGt+pe2SfFxN7u48ekNW2xF8ZkKw2P5UQ0yxgwf3RwoHVM2671X4kM4d5Qp6bY266dG1by\/dVm\/FwBAsmoQzKPqjQeoWewM0PrW99S\/\/ZoOxbb39w8XA3VO5uR0+IHaY1W2nbzSOjGgr+xJbmOH+verOKGmX2rfb8pzYBkU7jwwgSpzjAbHe3ARmdfwffOE+HBO8GU878mNypjX2if0Fffv65OOnQsnOQJ4YiX7zV9JCL4J6Zp2nC6ewMJtNqyX9xvGAAB4VI9fMFv2fktbgRTsXPav\/QQAYCk8nsEMAMATapkmfwEAgEoIZgAAPEIwAwDgEYIZAACPEMwAAHiEYAYAwCMEMwAAHiGYAQDwCMEMAIBHCGYAADxCMAMA4BGCGQAAjyz4j1gAAIDaoWIGAMAjBDMAAB4hmAEA8AjBDACARwhmAAA8QjADAOARghkAAI8QzAAAeIRgBgDAIwQzAAAeIZgBAPAIwQwAgEcIZgAAPEIwAwDgkdoEc25EXXvf0hvx5eiIZtxu4Ek1M3S89LhP33Z7bitt1tM33GqZsbR9fkZjbn0hM0MZDeXciuXaXJfbGPwchc+eX\/DZczw3\/H2Ou8\/Kaeho\/Hewv1O0r1Tl9wxfX3y\/RzOWrv7vC\/BZ4sEcNMjOq3o9fVFffF5cPn3tqg4+ajjHAr\/rqD1h0DDhkRsZHTy7RicLx\/0Zdf4yWEUI2Sc0m\/8atSrcsICc\/v3NpHtc6sXGevdoKa3RX5bgbcfS7yqdbTF\/PyfU9sjvd1vfXXYPgcdcssFsTkzvX25WZ3p2w1vVdkJffNhS5YlnDvUt6vu8W23m4Xg2u4gTGZC8sWsj0u5XtMmtmwNWbR9WE0L12tS5mPaR15Q5\/EsEbeOiOje79SUStNvPU7Hf6U8qnBuW4L2s3LR+dg+Bx12iwRyemNqruxou6+6e1T12o7i\/pPvPPH7VVSQnX8joo6XoEwOWwKpGU\/VerqZCtqJu3bDXp6TrOWgbZntJG3G9Q8G2Xg0pq3Sn3R51C8\/Vrew+p7xb2QTlXD1OUXd80O7s85aip6tnRG095Rcp0d+BW2KfE\/19hF38bol+B\/szdWY0rhG9H+yj5wyPtwSDOadff5HWNta59XnYhmoa1os9UZdft9QTP6mYk84F6YgL4EIVYBtkT69rjMf1a2OLxr\/5L2PX8MKqNnNRWgjMWJDMYgPpXaVf6J6nGjWh81GxDZzcbdbt+xV6jWz1afctVJGbqv1ISmtLLhjM51+wQTn7s20gRt3xS1N9mwsG09Z14Mys95sZ+lhfv3Ym+P0qXmhf7tV328J9X5hKe61ZDy4WNqfCddlucbt\/iapwYJnUZvJXXPyq310Rz1y\/qvHd3bGGul5\/PyB9fb3YKNv2lXXrBaE86U5Gdvmn9I2p0LNTBDM8sV6dwbEZDrfYYKlUzQVjrTaUO9e7LZWY4D1SbAObtrWY9\/v+z1WGJsw7dmeL7evGV8FY76vlwWvaWBjKSxR0we9vq3vz+RWuHmw3eV9su+1xGJ\/KuzWjOaW\/Rz9j\/f\/q9Wbp56lYcANPiASDuV5\/eUGlDctyY19f9JgTizNjB8iCRusC2ywHz2ZnvzZmdje5qwTcGuCPeECP6LvYUMxQz1vhWOve+UK5gtWN5lif1K9\/MpdssI+f\/SoIdtuW1h7YUxq+tj32VNj+KMzFd6HaX6DbPDoHACtRohVzeFW\/8BhbMBbnGm3JMm8FUcGDKY0zAQzeqpM91OPaei7q0wMKuncXVf3aY\/1RZkdv3qPO5hENpDMauFyhgrXtMZ2SzppqPj6nYwls6qwcznb8+OBUe6H9f3qg7C8LWCGS7crenDIN0I6xzZ6EMjNVvL1j1ZYdZWNeRi43b5f0pr2Vx8nWvva\/BDM8EE5kKp2oWLnL2HbhBkE176SqrKYeuIfuWC+d8b1Y9cHw0Phl8z5zVcW2d6unxVT1lSaRPZrZ4RzOSWnbFl2M21vAqJixMiU+xmwb4BfpHfo6mgBT6KZao5PR7SD2BFD+nI8+1r\/mOxsEJ401xYk1e98NJo7Ex6iAZZPL6y\/7Uvq5J3ZM92jO8dogqF7I6OCcX7bRrJ8vFI\/10jHp9Xo1uAAO91dd4W5+JZg09vqWedqMnVjl2ln0ZSVLpRjO9mcOLxRs1374O34svVYc7lpQMOYcvtdSfWEJsFye+sNwjwH4KLhrwX5Jz1J8EUdRMOPadh0vdsgIQKJqPysbwPILZlxr8ZPOACSOihkAAI9QMQMA4BGCGQAAjxDMAAB4hGAGAMAjBDMAAB4hmAEA8AjBDACARwhmAAA8QjADAOARghkAAI8QzAAAeIRgBgDAIwv+IxYPHz50jwAAQNKomAEA8AjBDACARwhmAAA8QjADAOARghkAAI8QzAAAeIRgBgDAIwQzAAAeIZgBAPAIwQwAgEcIZgAAPEIwAwDgEYIZAACPEMwAAHgk2X\/2MT+q7sPXtOP0e2qtc9uWi08\/C1acW5m31TvZof4TO1XvtgWC43JAWbeqprLnlO+3dnVpMLXOrQB40lAxA4nKa\/i4CeUrbjXOhe7zx85p8IJd+pTSgA5l7rgnGL89UNYGcbDfLYQy8ESrQTBPKHP4bbXvi5YPNJx3u4An2h1l9nUps8YE67GdbltR7qdrQeimNroNqtNftzdJk\/eVc1ty9++pueFptwZgJah9V\/bNAbWfuqfU6XekfnfSilcAwX6p+0KHlHlbgw1d2vFtnzIT4e7m\/X3qdW+WG\/5Ah867HQU7g9duCCoV8\/7R63aZE+OVe3Rlo3byeeXq6sJuaXtcX1o9uyu7RHjMTr95rhDWtgt8sKF4zM\/NXgT0aditReLtBcDjofZd2RtblWqa0NWfpNZDHWq+8lmsgjYnpkujaj1mgzWUPf+ZdMh14ZmqI3v+k\/D5JvT7zz9nQtjtO23eqxDK9oRmQlkd6nf7DzXcKx2nA5IWhfKCwu7udlNdX93eF6ug85qetG2gq9jjFO\/mjrmV6dNdE8JRd3f3LkIZeFwt7xhz3U6177Ih7ZL55rCpcHdqa+HEZOz6R7HC3fiyWjWh6d\/MYzv2Fm6t4I5+uNKk1KFidVL\/0jYT3ICP6tR6wgZqn3Z8a0K4EL7R9mgxoT3ZVyGcwwAH8GSoeTDnhj8x4dukHS+Fabthi62Ch3XLPL51fdRc5bcWquV5bewwFbTUG1USwSQaV2nn7+tu8CTgcWKC+E075PJj0B5mm2u\/DXAX6q492Bngh6iWgcdSzSd\/HQq6n2PjvEHX9qgGMwMavGIq6KpPJneUCcaiixVFsQsQ8F3Yfd29RDMh7QWv7QYvVNfzjmUD8FkNgrlJqdPF8Bx0Y8BFYRWQvTIqVVstB9Zp667RYsXslsxNs6tuk3Y0mQuCL4tdfre+LLsXFFhW7riP5kwEwjkWxV4jc\/FZ0m1tL0Yr9yrZoRrFx6Ltcny0MLsbwOPDky8YsTNKP1ND2fOCL2VQfNZ2OPNUx85pz\/0P1K93Sia3BLO0v93mZr6Gz41mqbYe65JOzf4MIEkV7xyIf4lIcBeCuSh1Su86GNVX0wMajt0D3WqO\/dk9Q\/ZY\/1FbSy56i22FniTg8ZJsMFcpOHlN\/2NRX5wwO7TDbdXdWgI8QSpdAAfbHqh9Vg8VAN8tfzAX7mtebCUb3vMZ3adscXsIVqyyyrt4Pz+Ax40XFTMAAAgt733MAACgBMEMAIBHCGYAADxCMAMA4BGCGQAAjxDMAAB4hGAGAMAjBDMAAB4hmAEA8AjBDACARwhmAAC8If0\/h4+AUUYalHsAAAAASUVORK5CYII=\" alt=\"\"><\/p>","protected":false},"excerpt":{"rendered":"<p>Mesta opnun er 20mm og lengd er 155mm.<\/p>","protected":false},"featured_media":42747,"comment_status":"closed","ping_status":"closed","template":"","meta":[],"product_brand":[],"product_cat":[588,777,515],"product_tag":[1024],"class_list":{"0":"post-21948","1":"product","2":"type-product","3":"status-publish","4":"has-post-thumbnail","6":"product_cat-handverkfaeri","7":"product_cat-skiptilyklar","8":"product_cat-verkfaeralausnir","9":"product_tag-bahco","11":"first","12":"instock","13":"taxable","14":"shipping-taxable","15":"purchasable","16":"product-type-simple"},"yoast_head":"<!-- This site is optimized with the Yoast SEO plugin v27.3 - https:\/\/yoast.com\/product\/yoast-seo-wordpress\/ -->\n<title>BAHCO Skiptilykill 6&quot; Svartur - V\u00e9lar &amp; Verkf\u00e6ri<\/title>\n<meta name=\"robots\" content=\"index, follow, max-snippet:-1, max-image-preview:large, max-video-preview:-1\" \/>\n<link rel=\"canonical\" href=\"https:\/\/velarogverkfaeri.is\/en\/verkfaeralausnir\/handverkfaeri\/skiptilyklar\/product\/bahco-skiptilykill-6-svartur\/\" \/>\n<meta property=\"og:locale\" content=\"en_US\" \/>\n<meta property=\"og:type\" content=\"article\" \/>\n<meta property=\"og:title\" content=\"BAHCO Skiptilykill 6&quot; Svartur - V\u00e9lar &amp; Verkf\u00e6ri\" \/>\n<meta property=\"og:description\" content=\"Mesta opnun er 20mm og lengd er 155mm.\" \/>\n<meta property=\"og:url\" content=\"https:\/\/velarogverkfaeri.is\/en\/verkfaeralausnir\/handverkfaeri\/skiptilyklar\/product\/bahco-skiptilykill-6-svartur\/\" \/>\n<meta property=\"og:site_name\" content=\"V\u00e9lar &amp; Verkf\u00e6ri\" \/>\n<meta property=\"article:publisher\" content=\"https:\/\/www.facebook.com\/VelarOgVerkfaeri\" \/>\n<meta property=\"article:modified_time\" content=\"2026-02-05T14:01:34+00:00\" \/>\n<meta property=\"og:image\" content=\"https:\/\/velarogverkfaeri.is\/wp-content\/uploads\/2023\/06\/c5cabcf1-fd13-402a-8f55-a23112397161.jpeg\" \/>\n\t<meta property=\"og:image:width\" content=\"450\" \/>\n\t<meta property=\"og:image:height\" content=\"450\" \/>\n\t<meta property=\"og:image:type\" content=\"image\/jpeg\" \/>\n<meta name=\"twitter:card\" content=\"summary_large_image\" \/>\n<script type=\"application\/ld+json\" class=\"yoast-schema-graph\">{\"@context\":\"https:\\\/\\\/schema.org\",\"@graph\":[{\"@type\":\"WebPage\",\"@id\":\"https:\\\/\\\/velarogverkfaeri.is\\\/verkfaeralausnir\\\/handverkfaeri\\\/skiptilyklar\\\/product\\\/bahco-skiptilykill-6-svartur\\\/\",\"url\":\"https:\\\/\\\/velarogverkfaeri.is\\\/verkfaeralausnir\\\/handverkfaeri\\\/skiptilyklar\\\/product\\\/bahco-skiptilykill-6-svartur\\\/\",\"name\":\"BAHCO Skiptilykill 6\\\" Svartur - V\u00e9lar &amp; Verkf\u00e6ri\",\"isPartOf\":{\"@id\":\"https:\\\/\\\/velarogverkfaeri.is\\\/en\\\/#website\"},\"primaryImageOfPage\":{\"@id\":\"https:\\\/\\\/velarogverkfaeri.is\\\/verkfaeralausnir\\\/handverkfaeri\\\/skiptilyklar\\\/product\\\/bahco-skiptilykill-6-svartur\\\/#primaryimage\"},\"image\":{\"@id\":\"https:\\\/\\\/velarogverkfaeri.is\\\/verkfaeralausnir\\\/handverkfaeri\\\/skiptilyklar\\\/product\\\/bahco-skiptilykill-6-svartur\\\/#primaryimage\"},\"thumbnailUrl\":\"https:\\\/\\\/velarogverkfaeri.is\\\/wp-content\\\/uploads\\\/2023\\\/06\\\/c5cabcf1-fd13-402a-8f55-a23112397161.jpeg\",\"datePublished\":\"2023-06-08T19:22:23+00:00\",\"dateModified\":\"2026-02-05T14:01:34+00:00\",\"breadcrumb\":{\"@id\":\"https:\\\/\\\/velarogverkfaeri.is\\\/verkfaeralausnir\\\/handverkfaeri\\\/skiptilyklar\\\/product\\\/bahco-skiptilykill-6-svartur\\\/#breadcrumb\"},\"inLanguage\":\"en-US\",\"potentialAction\":[{\"@type\":\"ReadAction\",\"target\":[\"https:\\\/\\\/velarogverkfaeri.is\\\/verkfaeralausnir\\\/handverkfaeri\\\/skiptilyklar\\\/product\\\/bahco-skiptilykill-6-svartur\\\/\"]}]},{\"@type\":\"ImageObject\",\"inLanguage\":\"en-US\",\"@id\":\"https:\\\/\\\/velarogverkfaeri.is\\\/verkfaeralausnir\\\/handverkfaeri\\\/skiptilyklar\\\/product\\\/bahco-skiptilykill-6-svartur\\\/#primaryimage\",\"url\":\"https:\\\/\\\/velarogverkfaeri.is\\\/wp-content\\\/uploads\\\/2023\\\/06\\\/c5cabcf1-fd13-402a-8f55-a23112397161.jpeg\",\"contentUrl\":\"https:\\\/\\\/velarogverkfaeri.is\\\/wp-content\\\/uploads\\\/2023\\\/06\\\/c5cabcf1-fd13-402a-8f55-a23112397161.jpeg\",\"width\":450,\"height\":450},{\"@type\":\"BreadcrumbList\",\"@id\":\"https:\\\/\\\/velarogverkfaeri.is\\\/verkfaeralausnir\\\/handverkfaeri\\\/skiptilyklar\\\/product\\\/bahco-skiptilykill-6-svartur\\\/#breadcrumb\",\"itemListElement\":[{\"@type\":\"ListItem\",\"position\":1,\"name\":\"Home\",\"item\":\"https:\\\/\\\/velarogverkfaeri.is\\\/\"},{\"@type\":\"ListItem\",\"position\":2,\"name\":\"Vefverslun\",\"item\":\"https:\\\/\\\/velarogverkfaeri.is\\\/vefverslun\\\/\"},{\"@type\":\"ListItem\",\"position\":3,\"name\":\"BAHCO Skiptilykill 6&#8243; Svartur\"}]},{\"@type\":\"WebSite\",\"@id\":\"https:\\\/\\\/velarogverkfaeri.is\\\/en\\\/#website\",\"url\":\"https:\\\/\\\/velarogverkfaeri.is\\\/en\\\/\",\"name\":\"V\u00e9lar & Verkf\u00e6ri\",\"description\":\"Umbo\u00f0s- og heildverslun fr\u00e1 \u00e1rinu 1919\",\"publisher\":{\"@id\":\"https:\\\/\\\/velarogverkfaeri.is\\\/en\\\/#organization\"},\"potentialAction\":[{\"@type\":\"SearchAction\",\"target\":{\"@type\":\"EntryPoint\",\"urlTemplate\":\"https:\\\/\\\/velarogverkfaeri.is\\\/en\\\/?s={search_term_string}\"},\"query-input\":{\"@type\":\"PropertyValueSpecification\",\"valueRequired\":true,\"valueName\":\"search_term_string\"}}],\"inLanguage\":\"en-US\"},{\"@type\":\"Organization\",\"@id\":\"https:\\\/\\\/velarogverkfaeri.is\\\/en\\\/#organization\",\"name\":\"V\u00e9lar & Verkf\u00e6ri\",\"url\":\"https:\\\/\\\/velarogverkfaeri.is\\\/en\\\/\",\"logo\":{\"@type\":\"ImageObject\",\"inLanguage\":\"en-US\",\"@id\":\"https:\\\/\\\/velarogverkfaeri.is\\\/en\\\/#\\\/schema\\\/logo\\\/image\\\/\",\"url\":\"https:\\\/\\\/velarogverkfaeri.is\\\/wp-content\\\/uploads\\\/2021\\\/10\\\/vv_logo_350x100.png\",\"contentUrl\":\"https:\\\/\\\/velarogverkfaeri.is\\\/wp-content\\\/uploads\\\/2021\\\/10\\\/vv_logo_350x100.png\",\"width\":350,\"height\":100,\"caption\":\"V\u00e9lar & Verkf\u00e6ri\"},\"image\":{\"@id\":\"https:\\\/\\\/velarogverkfaeri.is\\\/en\\\/#\\\/schema\\\/logo\\\/image\\\/\"},\"sameAs\":[\"https:\\\/\\\/www.facebook.com\\\/VelarOgVerkfaeri\"]}]}<\/script>\n<!-- \/ Yoast SEO plugin. -->","yoast_head_json":{"title":"BAHCO Skiptilykill 6\" Svartur - V\u00e9lar &amp; Verkf\u00e6ri","robots":{"index":"index","follow":"follow","max-snippet":"max-snippet:-1","max-image-preview":"max-image-preview:large","max-video-preview":"max-video-preview:-1"},"canonical":"https:\/\/velarogverkfaeri.is\/en\/verkfaeralausnir\/handverkfaeri\/skiptilyklar\/product\/bahco-skiptilykill-6-svartur\/","og_locale":"en_US","og_type":"article","og_title":"BAHCO Skiptilykill 6\" Svartur - V\u00e9lar &amp; Verkf\u00e6ri","og_description":"Mesta opnun er 20mm og lengd er 155mm.","og_url":"https:\/\/velarogverkfaeri.is\/en\/verkfaeralausnir\/handverkfaeri\/skiptilyklar\/product\/bahco-skiptilykill-6-svartur\/","og_site_name":"V\u00e9lar &amp; Verkf\u00e6ri","article_publisher":"https:\/\/www.facebook.com\/VelarOgVerkfaeri","article_modified_time":"2026-02-05T14:01:34+00:00","og_image":[{"width":450,"height":450,"url":"https:\/\/velarogverkfaeri.is\/wp-content\/uploads\/2023\/06\/c5cabcf1-fd13-402a-8f55-a23112397161.jpeg","type":"image\/jpeg"}],"twitter_card":"summary_large_image","schema":{"@context":"https:\/\/schema.org","@graph":[{"@type":"WebPage","@id":"https:\/\/velarogverkfaeri.is\/verkfaeralausnir\/handverkfaeri\/skiptilyklar\/product\/bahco-skiptilykill-6-svartur\/","url":"https:\/\/velarogverkfaeri.is\/verkfaeralausnir\/handverkfaeri\/skiptilyklar\/product\/bahco-skiptilykill-6-svartur\/","name":"BAHCO Skiptilykill 6\" Svartur - V\u00e9lar &amp; Verkf\u00e6ri","isPartOf":{"@id":"https:\/\/velarogverkfaeri.is\/en\/#website"},"primaryImageOfPage":{"@id":"https:\/\/velarogverkfaeri.is\/verkfaeralausnir\/handverkfaeri\/skiptilyklar\/product\/bahco-skiptilykill-6-svartur\/#primaryimage"},"image":{"@id":"https:\/\/velarogverkfaeri.is\/verkfaeralausnir\/handverkfaeri\/skiptilyklar\/product\/bahco-skiptilykill-6-svartur\/#primaryimage"},"thumbnailUrl":"https:\/\/velarogverkfaeri.is\/wp-content\/uploads\/2023\/06\/c5cabcf1-fd13-402a-8f55-a23112397161.jpeg","datePublished":"2023-06-08T19:22:23+00:00","dateModified":"2026-02-05T14:01:34+00:00","breadcrumb":{"@id":"https:\/\/velarogverkfaeri.is\/verkfaeralausnir\/handverkfaeri\/skiptilyklar\/product\/bahco-skiptilykill-6-svartur\/#breadcrumb"},"inLanguage":"en-US","potentialAction":[{"@type":"ReadAction","target":["https:\/\/velarogverkfaeri.is\/verkfaeralausnir\/handverkfaeri\/skiptilyklar\/product\/bahco-skiptilykill-6-svartur\/"]}]},{"@type":"ImageObject","inLanguage":"en-US","@id":"https:\/\/velarogverkfaeri.is\/verkfaeralausnir\/handverkfaeri\/skiptilyklar\/product\/bahco-skiptilykill-6-svartur\/#primaryimage","url":"https:\/\/velarogverkfaeri.is\/wp-content\/uploads\/2023\/06\/c5cabcf1-fd13-402a-8f55-a23112397161.jpeg","contentUrl":"https:\/\/velarogverkfaeri.is\/wp-content\/uploads\/2023\/06\/c5cabcf1-fd13-402a-8f55-a23112397161.jpeg","width":450,"height":450},{"@type":"BreadcrumbList","@id":"https:\/\/velarogverkfaeri.is\/verkfaeralausnir\/handverkfaeri\/skiptilyklar\/product\/bahco-skiptilykill-6-svartur\/#breadcrumb","itemListElement":[{"@type":"ListItem","position":1,"name":"Home","item":"https:\/\/velarogverkfaeri.is\/"},{"@type":"ListItem","position":2,"name":"Vefverslun","item":"https:\/\/velarogverkfaeri.is\/vefverslun\/"},{"@type":"ListItem","position":3,"name":"BAHCO Skiptilykill 6&#8243; Svartur"}]},{"@type":"WebSite","@id":"https:\/\/velarogverkfaeri.is\/en\/#website","url":"https:\/\/velarogverkfaeri.is\/en\/","name":"V\u00e9lar & Verkf\u00e6ri","description":"Umbo\u00f0s- og heildverslun fr\u00e1 \u00e1rinu 1919","publisher":{"@id":"https:\/\/velarogverkfaeri.is\/en\/#organization"},"potentialAction":[{"@type":"SearchAction","target":{"@type":"EntryPoint","urlTemplate":"https:\/\/velarogverkfaeri.is\/en\/?s={search_term_string}"},"query-input":{"@type":"PropertyValueSpecification","valueRequired":true,"valueName":"search_term_string"}}],"inLanguage":"en-US"},{"@type":"Organization","@id":"https:\/\/velarogverkfaeri.is\/en\/#organization","name":"V\u00e9lar & Verkf\u00e6ri","url":"https:\/\/velarogverkfaeri.is\/en\/","logo":{"@type":"ImageObject","inLanguage":"en-US","@id":"https:\/\/velarogverkfaeri.is\/en\/#\/schema\/logo\/image\/","url":"https:\/\/velarogverkfaeri.is\/wp-content\/uploads\/2021\/10\/vv_logo_350x100.png","contentUrl":"https:\/\/velarogverkfaeri.is\/wp-content\/uploads\/2021\/10\/vv_logo_350x100.png","width":350,"height":100,"caption":"V\u00e9lar & Verkf\u00e6ri"},"image":{"@id":"https:\/\/velarogverkfaeri.is\/en\/#\/schema\/logo\/image\/"},"sameAs":["https:\/\/www.facebook.com\/VelarOgVerkfaeri"]}]}},"_links":{"self":[{"href":"https:\/\/velarogverkfaeri.is\/en\/wp-json\/wp\/v2\/product\/21948","targetHints":{"allow":["GET"]}}],"collection":[{"href":"https:\/\/velarogverkfaeri.is\/en\/wp-json\/wp\/v2\/product"}],"about":[{"href":"https:\/\/velarogverkfaeri.is\/en\/wp-json\/wp\/v2\/types\/product"}],"replies":[{"embeddable":true,"href":"https:\/\/velarogverkfaeri.is\/en\/wp-json\/wp\/v2\/comments?post=21948"}],"wp:featuredmedia":[{"embeddable":true,"href":"https:\/\/velarogverkfaeri.is\/en\/wp-json\/wp\/v2\/media\/42747"}],"wp:attachment":[{"href":"https:\/\/velarogverkfaeri.is\/en\/wp-json\/wp\/v2\/media?parent=21948"}],"wp:term":[{"taxonomy":"product_brand","embeddable":true,"href":"https:\/\/velarogverkfaeri.is\/en\/wp-json\/wp\/v2\/product_brand?post=21948"},{"taxonomy":"product_cat","embeddable":true,"href":"https:\/\/velarogverkfaeri.is\/en\/wp-json\/wp\/v2\/product_cat?post=21948"},{"taxonomy":"product_tag","embeddable":true,"href":"https:\/\/velarogverkfaeri.is\/en\/wp-json\/wp\/v2\/product_tag?post=21948"}],"curies":[{"name":"wp","href":"https:\/\/api.w.org\/{rel}","templated":true}]}}