{"id":21745,"date":"2023-04-28T18:04:33","date_gmt":"2023-04-28T18:04:33","guid":{"rendered":"https:\/\/vv-dev.webdev.is\/?post_type=product&#038;p=21745"},"modified":"2025-12-07T18:46:23","modified_gmt":"2025-12-07T18:46:23","slug":"ridder-griphalda-sogskalar-2x-hvitir-tholir-120kg-33cm","status":"publish","type":"product","link":"https:\/\/velarogverkfaeri.is\/en\/lykillausnir\/badherbergi-lykillausnir\/studningsvorur\/product\/ridder-griphalda-sogskalar-2x-hvitir-tholir-120kg-33cm\/","title":{"rendered":"RIDDER Griphalda sogsk\u00e1lar Hv\u00edt A00160001"},"content":{"rendered":"<p>\u00deessi \u00fe\u00e6gilega Premium soggrip fr\u00e1 RIDDER gerir \u00fe\u00e9r kleift a\u00f0 halda \u00e1fram a\u00f0 nota ba\u00f0herbergi\u00f0 \u00feitt sj\u00e1lfst\u00e6tt og \u00f6rugglega.<\/p>\n<p>Fjarl\u00e6gjanlegi handfangi\u00f0 samanstendur af gripi \u00far h\u00e1styrktu plasti (ABS) og tveimur sterkum sogsk\u00e1lum \u00far gervi g\u00famm\u00edi. Sogsk\u00e1lin gera \u00fe\u00e9r kleift a\u00f0 festa handfangi\u00f0 au\u00f0veldlega \u00e1 hva\u00f0a sl\u00e9ttu yfirbor\u00f0 sem er \u00e1n \u00feess a\u00f0 \u00feurfa a\u00f0 bora, sem au\u00f0veldar notkun \u00e1 mismunandi sv\u00e6\u00f0um eins og \u00e1 ba\u00f0herberginu e\u00f0a salerninu.<\/p>\n<p>Soghandfangi\u00f0 sem au\u00f0velt er a\u00f0 \u00fer\u00edfa er l\u00edka tilvali\u00f0 til a\u00f0 taka me\u00f0 \u00ed fer\u00f0al\u00f6g \u00fe\u00f6kk s\u00e9 fyrirfer\u00f0arl\u00edti\u00f0 formstu\u00f0li og hentar hva\u00f0a ba\u00f0herbergi sem er \u00fe\u00f6kk s\u00e9 hlutlausum hv\u00edtum lit.<\/p>\n<p>Litur: Hv\u00edtur<\/p>\n<p>Efni: ABS og TPE (thermoplastic elastomers)<\/p>\n<p>Lengd: 33 cm<\/p>\n<p>\u00deverm\u00e1l sogsk\u00e1l: 12,5 cm<\/p>\n<p>Me\u00f0 2 st\u00f3rum g\u00famm\u00edsogsk\u00e1lum<\/p>\n<p>H\u00e1marksbur\u00f0argeta: 120 kg<\/p>","protected":false},"excerpt":{"rendered":"<p>Tegund: A00160001<\/p>","protected":false},"featured_media":33454,"comment_status":"closed","ping_status":"closed","template":"","meta":[],"product_brand":[],"product_cat":[580,517,628],"product_tag":[],"class_list":{"0":"post-21745","1":"product","2":"type-product","3":"status-publish","4":"has-post-thumbnail","6":"product_cat-badherbergi-lykillausnir","7":"product_cat-lykillausnir","8":"product_cat-studningsvorur","10":"first","11":"instock","12":"taxable","13":"shipping-taxable","14":"purchasable","15":"product-type-simple"},"yoast_head":"<!-- This site is optimized with the Yoast SEO plugin v27.3 - https:\/\/yoast.com\/product\/yoast-seo-wordpress\/ -->\n<title>RIDDER Griphalda sogsk\u00e1lar Hv\u00edt A00160001 - V\u00e9lar &amp; Verkf\u00e6ri<\/title>\n<meta name=\"robots\" content=\"index, follow, max-snippet:-1, max-image-preview:large, max-video-preview:-1\" \/>\n<link rel=\"canonical\" href=\"https:\/\/velarogverkfaeri.is\/en\/lykillausnir\/badherbergi-lykillausnir\/studningsvorur\/product\/ridder-griphalda-sogskalar-2x-hvitir-tholir-120kg-33cm\/\" \/>\n<meta property=\"og:locale\" content=\"en_US\" \/>\n<meta property=\"og:type\" content=\"article\" \/>\n<meta property=\"og:title\" content=\"RIDDER Griphalda sogsk\u00e1lar Hv\u00edt A00160001 - V\u00e9lar &amp; Verkf\u00e6ri\" \/>\n<meta property=\"og:description\" content=\"Tegund: A00160001\" \/>\n<meta property=\"og:url\" content=\"https:\/\/velarogverkfaeri.is\/en\/lykillausnir\/badherbergi-lykillausnir\/studningsvorur\/product\/ridder-griphalda-sogskalar-2x-hvitir-tholir-120kg-33cm\/\" \/>\n<meta property=\"og:site_name\" content=\"V\u00e9lar &amp; Verkf\u00e6ri\" \/>\n<meta property=\"article:publisher\" content=\"https:\/\/www.facebook.com\/VelarOgVerkfaeri\" \/>\n<meta property=\"article:modified_time\" content=\"2025-12-07T18:46:23+00:00\" \/>\n<meta property=\"og:image\" content=\"https:\/\/velarogverkfaeri.is\/wp-content\/uploads\/2023\/06\/afb2ae52-36d7-4faa-bf7d-01f0c9d3b496.png\" \/>\n\t<meta property=\"og:image:width\" content=\"1024\" \/>\n\t<meta property=\"og:image:height\" content=\"874\" \/>\n\t<meta property=\"og:image:type\" content=\"image\/png\" \/>\n<meta name=\"twitter:card\" content=\"summary_large_image\" \/>\n<meta name=\"twitter:label1\" content=\"Est. reading time\" \/>\n\t<meta name=\"twitter:data1\" content=\"1 minute\" \/>\n<script type=\"application\/ld+json\" class=\"yoast-schema-graph\">{\"@context\":\"https:\\\/\\\/schema.org\",\"@graph\":[{\"@type\":\"WebPage\",\"@id\":\"https:\\\/\\\/velarogverkfaeri.is\\\/lykillausnir\\\/badherbergi-lykillausnir\\\/studningsvorur\\\/product\\\/ridder-griphalda-sogskalar-2x-hvitir-tholir-120kg-33cm\\\/\",\"url\":\"https:\\\/\\\/velarogverkfaeri.is\\\/lykillausnir\\\/badherbergi-lykillausnir\\\/studningsvorur\\\/product\\\/ridder-griphalda-sogskalar-2x-hvitir-tholir-120kg-33cm\\\/\",\"name\":\"RIDDER Griphalda sogsk\u00e1lar Hv\u00edt A00160001 - V\u00e9lar &amp; Verkf\u00e6ri\",\"isPartOf\":{\"@id\":\"https:\\\/\\\/velarogverkfaeri.is\\\/en\\\/#website\"},\"primaryImageOfPage\":{\"@id\":\"https:\\\/\\\/velarogverkfaeri.is\\\/lykillausnir\\\/badherbergi-lykillausnir\\\/studningsvorur\\\/product\\\/ridder-griphalda-sogskalar-2x-hvitir-tholir-120kg-33cm\\\/#primaryimage\"},\"image\":{\"@id\":\"https:\\\/\\\/velarogverkfaeri.is\\\/lykillausnir\\\/badherbergi-lykillausnir\\\/studningsvorur\\\/product\\\/ridder-griphalda-sogskalar-2x-hvitir-tholir-120kg-33cm\\\/#primaryimage\"},\"thumbnailUrl\":\"https:\\\/\\\/velarogverkfaeri.is\\\/wp-content\\\/uploads\\\/2023\\\/06\\\/afb2ae52-36d7-4faa-bf7d-01f0c9d3b496.png\",\"datePublished\":\"2023-04-28T18:04:33+00:00\",\"dateModified\":\"2025-12-07T18:46:23+00:00\",\"breadcrumb\":{\"@id\":\"https:\\\/\\\/velarogverkfaeri.is\\\/lykillausnir\\\/badherbergi-lykillausnir\\\/studningsvorur\\\/product\\\/ridder-griphalda-sogskalar-2x-hvitir-tholir-120kg-33cm\\\/#breadcrumb\"},\"inLanguage\":\"en-US\",\"potentialAction\":[{\"@type\":\"ReadAction\",\"target\":[\"https:\\\/\\\/velarogverkfaeri.is\\\/lykillausnir\\\/badherbergi-lykillausnir\\\/studningsvorur\\\/product\\\/ridder-griphalda-sogskalar-2x-hvitir-tholir-120kg-33cm\\\/\"]}]},{\"@type\":\"ImageObject\",\"inLanguage\":\"en-US\",\"@id\":\"https:\\\/\\\/velarogverkfaeri.is\\\/lykillausnir\\\/badherbergi-lykillausnir\\\/studningsvorur\\\/product\\\/ridder-griphalda-sogskalar-2x-hvitir-tholir-120kg-33cm\\\/#primaryimage\",\"url\":\"https:\\\/\\\/velarogverkfaeri.is\\\/wp-content\\\/uploads\\\/2023\\\/06\\\/afb2ae52-36d7-4faa-bf7d-01f0c9d3b496.png\",\"contentUrl\":\"https:\\\/\\\/velarogverkfaeri.is\\\/wp-content\\\/uploads\\\/2023\\\/06\\\/afb2ae52-36d7-4faa-bf7d-01f0c9d3b496.png\",\"width\":1024,\"height\":874},{\"@type\":\"BreadcrumbList\",\"@id\":\"https:\\\/\\\/velarogverkfaeri.is\\\/lykillausnir\\\/badherbergi-lykillausnir\\\/studningsvorur\\\/product\\\/ridder-griphalda-sogskalar-2x-hvitir-tholir-120kg-33cm\\\/#breadcrumb\",\"itemListElement\":[{\"@type\":\"ListItem\",\"position\":1,\"name\":\"Home\",\"item\":\"https:\\\/\\\/velarogverkfaeri.is\\\/\"},{\"@type\":\"ListItem\",\"position\":2,\"name\":\"Vefverslun\",\"item\":\"https:\\\/\\\/velarogverkfaeri.is\\\/vefverslun\\\/\"},{\"@type\":\"ListItem\",\"position\":3,\"name\":\"RIDDER Griphalda sogsk\u00e1lar Hv\u00edt A00160001\"}]},{\"@type\":\"WebSite\",\"@id\":\"https:\\\/\\\/velarogverkfaeri.is\\\/en\\\/#website\",\"url\":\"https:\\\/\\\/velarogverkfaeri.is\\\/en\\\/\",\"name\":\"V\u00e9lar & Verkf\u00e6ri\",\"description\":\"Umbo\u00f0s- og heildverslun fr\u00e1 \u00e1rinu 1919\",\"publisher\":{\"@id\":\"https:\\\/\\\/velarogverkfaeri.is\\\/en\\\/#organization\"},\"potentialAction\":[{\"@type\":\"SearchAction\",\"target\":{\"@type\":\"EntryPoint\",\"urlTemplate\":\"https:\\\/\\\/velarogverkfaeri.is\\\/en\\\/?s={search_term_string}\"},\"query-input\":{\"@type\":\"PropertyValueSpecification\",\"valueRequired\":true,\"valueName\":\"search_term_string\"}}],\"inLanguage\":\"en-US\"},{\"@type\":\"Organization\",\"@id\":\"https:\\\/\\\/velarogverkfaeri.is\\\/en\\\/#organization\",\"name\":\"V\u00e9lar & Verkf\u00e6ri\",\"url\":\"https:\\\/\\\/velarogverkfaeri.is\\\/en\\\/\",\"logo\":{\"@type\":\"ImageObject\",\"inLanguage\":\"en-US\",\"@id\":\"https:\\\/\\\/velarogverkfaeri.is\\\/en\\\/#\\\/schema\\\/logo\\\/image\\\/\",\"url\":\"https:\\\/\\\/velarogverkfaeri.is\\\/wp-content\\\/uploads\\\/2021\\\/10\\\/vv_logo_350x100.png\",\"contentUrl\":\"https:\\\/\\\/velarogverkfaeri.is\\\/wp-content\\\/uploads\\\/2021\\\/10\\\/vv_logo_350x100.png\",\"width\":350,\"height\":100,\"caption\":\"V\u00e9lar & Verkf\u00e6ri\"},\"image\":{\"@id\":\"https:\\\/\\\/velarogverkfaeri.is\\\/en\\\/#\\\/schema\\\/logo\\\/image\\\/\"},\"sameAs\":[\"https:\\\/\\\/www.facebook.com\\\/VelarOgVerkfaeri\"]}]}<\/script>\n<!-- \/ Yoast SEO plugin. -->","yoast_head_json":{"title":"RIDDER Griphalda sogsk\u00e1lar Hv\u00edt A00160001 - V\u00e9lar &amp; Verkf\u00e6ri","robots":{"index":"index","follow":"follow","max-snippet":"max-snippet:-1","max-image-preview":"max-image-preview:large","max-video-preview":"max-video-preview:-1"},"canonical":"https:\/\/velarogverkfaeri.is\/en\/lykillausnir\/badherbergi-lykillausnir\/studningsvorur\/product\/ridder-griphalda-sogskalar-2x-hvitir-tholir-120kg-33cm\/","og_locale":"en_US","og_type":"article","og_title":"RIDDER Griphalda sogsk\u00e1lar Hv\u00edt A00160001 - V\u00e9lar &amp; Verkf\u00e6ri","og_description":"Tegund: A00160001","og_url":"https:\/\/velarogverkfaeri.is\/en\/lykillausnir\/badherbergi-lykillausnir\/studningsvorur\/product\/ridder-griphalda-sogskalar-2x-hvitir-tholir-120kg-33cm\/","og_site_name":"V\u00e9lar &amp; Verkf\u00e6ri","article_publisher":"https:\/\/www.facebook.com\/VelarOgVerkfaeri","article_modified_time":"2025-12-07T18:46:23+00:00","og_image":[{"width":1024,"height":874,"url":"https:\/\/velarogverkfaeri.is\/wp-content\/uploads\/2023\/06\/afb2ae52-36d7-4faa-bf7d-01f0c9d3b496.png","type":"image\/png"}],"twitter_card":"summary_large_image","twitter_misc":{"Est. reading time":"1 minute"},"schema":{"@context":"https:\/\/schema.org","@graph":[{"@type":"WebPage","@id":"https:\/\/velarogverkfaeri.is\/lykillausnir\/badherbergi-lykillausnir\/studningsvorur\/product\/ridder-griphalda-sogskalar-2x-hvitir-tholir-120kg-33cm\/","url":"https:\/\/velarogverkfaeri.is\/lykillausnir\/badherbergi-lykillausnir\/studningsvorur\/product\/ridder-griphalda-sogskalar-2x-hvitir-tholir-120kg-33cm\/","name":"RIDDER Griphalda sogsk\u00e1lar Hv\u00edt A00160001 - V\u00e9lar &amp; Verkf\u00e6ri","isPartOf":{"@id":"https:\/\/velarogverkfaeri.is\/en\/#website"},"primaryImageOfPage":{"@id":"https:\/\/velarogverkfaeri.is\/lykillausnir\/badherbergi-lykillausnir\/studningsvorur\/product\/ridder-griphalda-sogskalar-2x-hvitir-tholir-120kg-33cm\/#primaryimage"},"image":{"@id":"https:\/\/velarogverkfaeri.is\/lykillausnir\/badherbergi-lykillausnir\/studningsvorur\/product\/ridder-griphalda-sogskalar-2x-hvitir-tholir-120kg-33cm\/#primaryimage"},"thumbnailUrl":"https:\/\/velarogverkfaeri.is\/wp-content\/uploads\/2023\/06\/afb2ae52-36d7-4faa-bf7d-01f0c9d3b496.png","datePublished":"2023-04-28T18:04:33+00:00","dateModified":"2025-12-07T18:46:23+00:00","breadcrumb":{"@id":"https:\/\/velarogverkfaeri.is\/lykillausnir\/badherbergi-lykillausnir\/studningsvorur\/product\/ridder-griphalda-sogskalar-2x-hvitir-tholir-120kg-33cm\/#breadcrumb"},"inLanguage":"en-US","potentialAction":[{"@type":"ReadAction","target":["https:\/\/velarogverkfaeri.is\/lykillausnir\/badherbergi-lykillausnir\/studningsvorur\/product\/ridder-griphalda-sogskalar-2x-hvitir-tholir-120kg-33cm\/"]}]},{"@type":"ImageObject","inLanguage":"en-US","@id":"https:\/\/velarogverkfaeri.is\/lykillausnir\/badherbergi-lykillausnir\/studningsvorur\/product\/ridder-griphalda-sogskalar-2x-hvitir-tholir-120kg-33cm\/#primaryimage","url":"https:\/\/velarogverkfaeri.is\/wp-content\/uploads\/2023\/06\/afb2ae52-36d7-4faa-bf7d-01f0c9d3b496.png","contentUrl":"https:\/\/velarogverkfaeri.is\/wp-content\/uploads\/2023\/06\/afb2ae52-36d7-4faa-bf7d-01f0c9d3b496.png","width":1024,"height":874},{"@type":"BreadcrumbList","@id":"https:\/\/velarogverkfaeri.is\/lykillausnir\/badherbergi-lykillausnir\/studningsvorur\/product\/ridder-griphalda-sogskalar-2x-hvitir-tholir-120kg-33cm\/#breadcrumb","itemListElement":[{"@type":"ListItem","position":1,"name":"Home","item":"https:\/\/velarogverkfaeri.is\/"},{"@type":"ListItem","position":2,"name":"Vefverslun","item":"https:\/\/velarogverkfaeri.is\/vefverslun\/"},{"@type":"ListItem","position":3,"name":"RIDDER Griphalda sogsk\u00e1lar Hv\u00edt A00160001"}]},{"@type":"WebSite","@id":"https:\/\/velarogverkfaeri.is\/en\/#website","url":"https:\/\/velarogverkfaeri.is\/en\/","name":"V\u00e9lar & Verkf\u00e6ri","description":"Umbo\u00f0s- og heildverslun fr\u00e1 \u00e1rinu 1919","publisher":{"@id":"https:\/\/velarogverkfaeri.is\/en\/#organization"},"potentialAction":[{"@type":"SearchAction","target":{"@type":"EntryPoint","urlTemplate":"https:\/\/velarogverkfaeri.is\/en\/?s={search_term_string}"},"query-input":{"@type":"PropertyValueSpecification","valueRequired":true,"valueName":"search_term_string"}}],"inLanguage":"en-US"},{"@type":"Organization","@id":"https:\/\/velarogverkfaeri.is\/en\/#organization","name":"V\u00e9lar & Verkf\u00e6ri","url":"https:\/\/velarogverkfaeri.is\/en\/","logo":{"@type":"ImageObject","inLanguage":"en-US","@id":"https:\/\/velarogverkfaeri.is\/en\/#\/schema\/logo\/image\/","url":"https:\/\/velarogverkfaeri.is\/wp-content\/uploads\/2021\/10\/vv_logo_350x100.png","contentUrl":"https:\/\/velarogverkfaeri.is\/wp-content\/uploads\/2021\/10\/vv_logo_350x100.png","width":350,"height":100,"caption":"V\u00e9lar & Verkf\u00e6ri"},"image":{"@id":"https:\/\/velarogverkfaeri.is\/en\/#\/schema\/logo\/image\/"},"sameAs":["https:\/\/www.facebook.com\/VelarOgVerkfaeri"]}]}},"_links":{"self":[{"href":"https:\/\/velarogverkfaeri.is\/en\/wp-json\/wp\/v2\/product\/21745","targetHints":{"allow":["GET"]}}],"collection":[{"href":"https:\/\/velarogverkfaeri.is\/en\/wp-json\/wp\/v2\/product"}],"about":[{"href":"https:\/\/velarogverkfaeri.is\/en\/wp-json\/wp\/v2\/types\/product"}],"replies":[{"embeddable":true,"href":"https:\/\/velarogverkfaeri.is\/en\/wp-json\/wp\/v2\/comments?post=21745"}],"wp:featuredmedia":[{"embeddable":true,"href":"https:\/\/velarogverkfaeri.is\/en\/wp-json\/wp\/v2\/media\/33454"}],"wp:attachment":[{"href":"https:\/\/velarogverkfaeri.is\/en\/wp-json\/wp\/v2\/media?parent=21745"}],"wp:term":[{"taxonomy":"product_brand","embeddable":true,"href":"https:\/\/velarogverkfaeri.is\/en\/wp-json\/wp\/v2\/product_brand?post=21745"},{"taxonomy":"product_cat","embeddable":true,"href":"https:\/\/velarogverkfaeri.is\/en\/wp-json\/wp\/v2\/product_cat?post=21745"},{"taxonomy":"product_tag","embeddable":true,"href":"https:\/\/velarogverkfaeri.is\/en\/wp-json\/wp\/v2\/product_tag?post=21745"}],"curies":[{"name":"wp","href":"https:\/\/api.w.org\/{rel}","templated":true}]}}