{"id":21743,"date":"2023-06-08T19:19:24","date_gmt":"2023-06-08T19:19:24","guid":{"rendered":"https:\/\/vv-dev.webdev.is\/?post_type=product&#038;p=21743"},"modified":"2025-12-01T10:01:06","modified_gmt":"2025-12-01T10:01:06","slug":"bahco-skiptilykill-4-svartur","status":"publish","type":"product","link":"https:\/\/velarogverkfaeri.is\/en\/verkfaeralausnir\/handverkfaeri\/skiptilyklar\/product\/bahco-skiptilykill-4-svartur\/","title":{"rendered":"BAHCO Skiptilykill 4&#8243; Svartur"},"content":{"rendered":"<p><img decoding=\"async\" src=\"data:image\/png;base64,iVBORw0KGgoAAAANSUhEUgAAAegAAADzCAYAAABNNoXgAAAAAXNSR0IArs4c6QAAAARnQU1BAACxjwv8YQUAAAAJcEhZcwAADsMAAA7DAcdvqGQAABmSSURBVHhe7d1dbFTV3sfxn88d97YcpCeiNg2Et+foA2IgelFCSYrmYGJqSBPCBE5vDnpBUkKkpKEYYhMvpN6MkjEkDaEx0RO0CSX0QlMjR46eQymhmVStsZXD1HsufdZae83Mnpe+wZ6yaL+fuGW\/zOxpyd77t\/9rrT088YchAAAQlP\/xfwIAgIAQ0AAABIiABgAgQAQ0AAABIqABAAgQAQ0AQIBiAX1b6f1v6rVZp4xG\/StH09G69E2\/YkFyGjxu33dKgzm\/asH8z5a+7ZcXKHdVnfZ9x6\/qnl8V\/ezF3wUAgBBVVtBNKX38+SVdrphS2uJekNOvP7kZ\/Ti1mKSd0VTW\/pnV1F23ovbuTmnc\/pmdKgQ0AACPgwdo4q5X63tRaPe21vt1C7FRHT7sO7b6VbW2NVV2cwEAwOOBPmgAAAL0QAF9b\/BUZV\/yzYzrl6425fuqK\/p\/3Xui5Xy\/djQtsI8438c86\/sW2Hdd+Nnj7y\/vky\/7fd1nR+viP\/vi+uUBAKgumQraBlz3Va0\/fM43KZ9TR1O0ya6bu0n7qk6aYOtv8O9Np7TerosN7KrG3SR0ZKTCZ17Smb12X4schGaD1vzs2ttl9uGbwl349miw0B9vf5+s0h3l+7br3tRJ2fdGP8OSNd8DAJa1yoDOZnSkUDX6ab6wnJp0g8uOFfqk69V6zAat9FzD\/P3Urd2x\/uz6PTp22KR7dkT\/mjVob+sf57Mu\/OP94Fs6oiD96sZCE9pUySbkx20Qd2z06wzzM\/TawH1vj1ZHK\/zvU2XfNtjj7wUAIAGVAV1tFHchqKpb3bDOBfs\/Ys27926MaFxNaljjVyyC299cbv5Tg+aP8fNvld5I7H9L6axZPzUTvW5O9rEvXyXP8\/s59Wv1nJ+NW99Q5+cAAEhOMk3cW03Imap3sLsYlkdMhdvafVqLGui9SLbyLrmRyE\/zVrS2KdyGeZM6js0ezqX94ibM\/XoAAGotmYB2Tc5SR7o0KGvWH7umwTWfP7g9OlPoV64yIM0PGjt5xQR44XfqUqvfDABArSU0SMw2OS\/hF5D45ubBi3P3jc\/NPs9tQ9dW06UhPXr9qm\/qr20LAAAAs0moiXufG7Udb+LOT52LGlK9UBvV0b0nGtAWG8AWPf61mM+0X57iQzq2n9UNdpBarE89P6rbLwIAUGuVAV1tFLebZn82eTT9ltIqH1wWPWo1fv7DxT32tFD2W8LsI1mxnzfq976kY9v8axbEhHRhP9FjVKtb\/156w\/G+dCz26BgAALX2xB+Gn39A9gs9eiQTjBV9zu756EkTgDQVAwCwGAk0cdfJtggPdpd9iYf\/8hLtbSOcAQBYpAQq6Ih9JOnkFb\/g2eZmvlkLAIDFSyygAQBAchJ6DhoAACSJgAYAIEAENAAAASKgAQAIEAENAECACGgAAAJEQAMAECACGgCAABHQAAAEiIAGACBABDQAAAEioAEACBABDQBAgAhoAAACREADABAgAhoAgAAR0AAABIiABgAgQAQ0AAABeuIPw87cv3\/frQAAAEtn1apVfq4UFTQAAAEioAEACBABDQBAgAhoAAACREADABAgAhoAgAAR0AAABIiABgAgQAQ0AAABIqABAAgQAQ0AQIAIaAAAAkRAAwAQIAIaAIAAJfbPTeaG3tXRCxN+ydjdqYHUBr9wR5mMlCosA8vTWOaQeibb1Xe6WfV+nTMzrK63+5X1i2qs8hoAK1Jt\/7nJW\/0mnJ9W18VPNOCmXqUmP9PQTH779xrys0mzF8S2A3Z6V12nDqmr8KHAUprRkDn+eq75xTgfzs+ciJ0fMudM5o5\/AQBUSiSgx24Mm4r5BW3yy1KdWk6\/o5a6aCn32y\/RTA1sSn2ivoONZm5CWVPAP\/OU\/1BgydxR5kCnMus6NXCi2a8ryv1wXdndnUpt9ivM+fGXneaYnfxNOb8GAMol0sQdNW9LqQ+KoZznmvziVUWh6dtWHOai5lvFmw72quf50VgzYLOpyNtd6Lv9T7+uLpnX2H2VNA\/OaOyWCerN5oNdpXJXbf59wJKYmVGuri46Hm\/1q+3TNfM0X0fH\/vQbn8RCO1JxrLvzoEXTsXOlxVTi0fvsjcFnWntih0bORueNO4+eGlLbWXPTbNGUDgRvtibuhPqg7YWit9iMXdL\/XLzoxNfZ4P5uW\/xCY9\/fWAz52IVOvn+7eGHKKw157W5XarK\/6oUPWBJzBnTxeHVBWn43a+THcuSP9fJlt\/+z8jev\/rwphHD5cvR5IzurfxaAMNS2D1oblHJ9a51qsYvXetV2oF9jblt1tmm6GKIbtH23+WP368UKfPMLapm4rn\/nu5TNRWdftXC2zYr5vu9td93F7+ff6IdGiGzXT9QHveubTrXN1gcdO9brn3ra\/L9Z2\/PH\/p\/WqEm\/aDp2iLe8kb8ZeFJrG03479zil+u0dp2Unf7dLQF4vCT8mFU8qIf13S2\/ehbFAV6+GdwFe35drCKvZmZUIxOm4n41NjJ8c7u6bNADQTNBbUJV176f8yYWwMpWo+egozv52dnq95AG1vYWql8brLbZr1ANu6myT3tuM5qeZKAYQhId6zxdAGCxEgjo6AKUiVfLt4aUmYg1y1X4XdMT8SC9o+9MBZ298FHx0SwjNzPHRa2uWW27J5T5ItZMOO\/nAkstqpZLj21zznw6bG5IWxjMCGBWDx\/QM79r7Rvt+vlssbm6OIglUv\/8DjXlm69PDSunDdp3sFFDhfd8r+22Yv5gh0bezq87pL6+oZLALrcpZZ+3jjWLl30usFTsYK7oGByWJvp11M67Y93Y3K6BE08rUzi2GbgFYH6JfZMYAABYvBqP4gYAAEkioAEACBABDQBAgAhoAAACREADABAgAhoAgAAR0AAABIiABgAgQAQ0AAABIqABAAgQAQ0AQIAIaAAAAkRAAwAQIAIaAIAAFf65SQAAEA4qaAAAAkRAAwAQIAIaAIAAEdAAAASIgAYAIEAENAAAASKgAQAIEAENAECACGgAAAJEQAMAECACGgCAABHQAAAEiIAGACBABDQAAAFKLKDvDZ7Sa\/vfLE7p236LdVvpkmVg+RpNm+P\/+FXd88txdlvnYE66mZn1NQBgJRPQ5mJz5Pw6nfn8ki676Zw6fhqQvQ5F2\/+pQT+bNHcxdDcFp9R53F\/8gEfE3qie\/KlJ6\/0yADyoRAJ69PpVae+L2uKXpXq1vndarfXR0r2pyWimBrZ0XNLHh5vMXFbjWem5Bv+hwFLL36geWKdxv6rc6oam6Bhd06D1z67Var8eAMo98Yfh5x+YrRqOnJc60sVQzrMV7skrfsHa26XLHRvNTE6Dx99S2oSqtf7wOfVu+486OzL+4rbHVOQpF\/pu\/1NtOqOeaF9NKX383h5\/cctp9KYJ6q3mg3NXzfun1O7fBywZd+yN6BV7DtzN6LWLDbFjFAAWL5GAdn3M+3uKzdiFEI7kAza+zgb3tzsuqWOrXcq\/v6kY8raPzl\/k5G4Asmrtzr8+rzTktTeljp8ymjpQ\/jqglqLjV\/njM3bsEtAAHlRCg8Q2qsP1PXep1S5e6dFr+zMadduqs03TxRDdqJf2mj\/2thUr8K0vqjU7on\/lu5RN1fzXauH8rLkZyPd975hyYf3jFP3QWDqj6R79ePgcN4UAEpVQBV2utKKoVkFbFc3fFaKK+v9umPd\/vau0Iok3Kcaa1e0++xvOqbe8rR2oBXcc5rtlKlW2+gDAwtToOeg6NdhxW7Oy1W8UpPnq94ypoG0\/dKEadlNln\/bccvr1JwaKYQnV71FvyTFrpu490TgJM084A3hQCQR0FLbpm37Ruvml0tk9emnWi9OMpkpGXN\/Wt6aSHj\/\/YfHRLONebo6manNhbN+bVfrz2PPV834uAACPh4dv4s7d1ujdafV3x5v5iiOwnXgzoB+BnR\/4FfGvL2suXN+0R68cS1Vv4nbKBomVfy7wKDBIDEACatQHDQAAHkaN+qABAMDDIKABAAgQAQ0AQIAIaAAAAkRAAwAQIAIaAIAAEdAAAASIgAYAIEAENAAAASKgAQAIEAENAECACGgAAAJEQAMAECACGgCAABX+ucn79++7FQAAYOmsWrXKz5WiggYAIEAENAAAASKgAQAIEAENAECACGgAAAJEQAMAECACGgCAABHQAAAEiIAGACBABDQAAAEioAEACBABDQBAgAhoAAACREADABCgZAL6Vr\/aDvRrzC8+KmOZQ2rL3PFLwNJzx+CpYeX8crnZt99R5oDZlp84joEVjwoaSMSMhk4dUs81v1hhru12W69+PtirgYufuKlLvYQ0sMIR0MBDs9VvpzLrOjVwotmvi5tn+60hZdSuoy11foW06dV2NV37TEMzfgWAFWdJAjo39G6x6S7eFD4zrC677JrIq2wvb\/bzU1f+qlX2vu+itcDSmnlS+2zlm9rgV5SZZ\/vYjWFp3VOq98tO3RbtapzQyA+lCe3OJVNZu6Zyf9yP+eo8fy5kbvkXu\/PnXQ3dsudZtM2dO\/HzZo7meACPVs0D2l5Qjl54Wl2+6W7ghNRTclEYVs+NF3zTXq9SjWbZN+2NZcqa\/XZLTWa5x1YaNtzPDqvlhN\/vxRekWZsXgRqqqysN13LzbTea1j7p5xbgWq++2xYd930Hf1GPqc6n3\/DnganQh87Gb3InlPlUOurOkU49c6FTbZ+uUZ9bNueb+tVHmQ4EqcYBPaN\/fzNhQrRdm\/wabW4xF4Xr+nfhmtCo1Kv5yqJOf9nZKE3+ZgJ8RtOTfnUVuR+uK7u7U6nNfoU2aLsJcGDZa2zXPn\/c1z\/1tPl\/s7bnz4M\/rVGTftF0LHNb3mj2NwhPaq05vZp2bvHLdVq7TspO\/+6WAISlxgH9u6YnZO7oi81vbbYvbmJC0\/\/1L5lVnVpO92rXN+aO37+3Z7LYT5ezOwaWCUISQLkaB3R0x15shi5Oxcp3drmhjzSys9jEPXA6XwkAy8embc2+1ShmZlQjE43a9Xxx4BiAlaXGAR01WQ99WjoQJTezsD6v+ud3SLbPrFB9m8n3X7uLWnyU68ywBuiDxuPIdfuU9gWPfdGv7O7XFRvYDWCFSTCgh9UTD1Iz2RGj9S3vqG\/ndR2Nre\/rG1rA4yN3lHn7rtpiVbcd5NIy0a8v7SjVze3qOyjzGr\/fPqntoCnXgUeg8KTC2WHJHKPueI8Nhpx7u+3O8QO47Hoz9ahz9lHhAFaEJ\/4w7Mz9+\/fdimDYUdpvX9euD94pVhFunQ3t2KAzAAAeY6tWrfJzpcINaMs+r2krjoJmdRHOAIBl5PEMaAAAlrnZArrGg8QAAMCDIKABAAgQAQ0AQIAIaAAAAkRAAwAQIAIaAIAAEdAAAASIgAYAIEAENAAAASKgAQAIEAENAECACGgAAAJU+McyAABAOKigAQAIEAENAECACGgAAAJEQAMAECACGgCAABHQAAAEiIAGACBABDQAAAEioAEACBABDQBAgAhoAAACREADABAgAhoAgAAR0AAABCjZgM5dVef+N\/VafDp+Vff8ZmC5ujd4qvS4T9\/2W24rbZbTN\/1imdG0fX1Go355PvcGMxrM+QXLn3OdfqX7OQqfPTf32bO8Nvp9TvnPymnwePx3sL9Tflup6vuM3l\/c38MZTS\/87wt4nCUW0O7E7BjRK+lLuvx5cfr45REdediQjgV\/53F74eAERUBuZnTk\/DqdKRz359Tx08ACwsi+oMn816DV0Yp55PSvryf9fKnnGur9XJLW6c8J7HY0\/ZbS2T3m7+e0Wh96f7f17RU\/CyxzyQS0uUCdvNKkjnTlCbi69bQuv7dngRegWdTvUe\/nXWo1s+PZ7CIuaEDtjV6\/Ku19UVv8sjlg1freQsKoXls6FnN+zGjKHP4l3LlxSR1b\/XJC3Hn7eSr2Oz2gwrUhgX1ZuWn96GeB5S6RgI4uUG0LuzsuawavaDa7Wdxe0ixo5l\/yFcqZZzN6P4m2MiABqxtMFXxlIRWzlW\/ujVqBSpqk3blh1pecI761yK3r0aCySnfY9fnm4tmam\/3nlDc3m8CcrQUq30zvzjv7uiRavrqvqrW7\/GYl\/3fgp9jn5P8+oqZ\/P+V\/B\/szdWQ0rqs66bbRkoblLYGAzunXn6T1DXV+eQ72hDUn2HPd+abALqk7fnExF5+L0jEfxIWqwJ6Y3T3+pDylXxv2aPzr\/9C3jSCsbjU3p4XgjAVKBRtMbyn9bNcc1akJn\/eL58CZvWbZ7q\/QimSrUbttvgrdVPHHUlpfcuNgPv+iDczKz7bBmG+mT6YaNzcO5lzX4XMV+7s3+KG+evmc+\/2q3nBf6dG3O6Jtl03lvd4su5uGraloWba53G5PqCoHApXsILG4eBXg75Dv3RjR+N6u2Am7UX89LH11o3hyth4oa+5z4TzpL0p2+rv0tanYs1MENAKxUR3u2Iy6YWzAVKvuXF+sDeeOjX5NNSaAjxXPgS079pj9\/fPBKkUT6u17s8Xz6+aXri\/4pfIANudYFM4JBZ77\/W21bz6\/yl2EbT7vja23LRDjUzN+yWhK6a\/5n7H+f\/VKk\/TjVCzAgRUigYCu15+fVekJZvm+scvd5gLj3bMdaO7k9cFtpiPns5XvjalsPveVgV8CwhEP6qv6NtZFM9j9ZtQXu3+ucK5iTYM51if16wPmkw348fNfuoC359L6w\/tKQ9iej91V1j8McxNeqP7naU7PXwMAVEqkgo7u8ufvg3N9df7kLZnmrCiquDulcQaKIVh1sod6XGv3JX18WK7Zd1HVsD3WH2Y09dZ96mi6qv50Rv1XqlS09nxMp6TzprqPj\/lIwJaO6iFt+5ePTLUVzv+PD5f9ZQFwkmni3poyJ6Ltg6scrHJvqvhYyOptu8r6xIxcbs6m6i37q\/ejrX\/5fwloBCAa8FQ6oLF6U7Jt2nWBNefgq6ym7vpZf6yXjhBfrHrXbTR+xexntirZtnZ17zFVfrXBZg+nMqSjMSutO\/I35fbRMSpooJrE+qDtiXg5vUtf5QfKFJqv1ulM\/jESeyEof837H+ofc10V3MVjXXEAzv633ACTeB8W8MjkZvTnAyn92B07prs1a3+uC6xnMzoy65d2NOnHi8VjvbTPeqNecjfC0fYFV7xbX3SDy17ZNsc5Ywdg+fMs\/6UnSSmGtP2ZoxsG2+Qf\/Y4fSi8Xu8Hm5fqko30l9cUnQKie+MPw8wAeJfeUg\/2ynyS+0KPIjdC2TcqL7UoC8EjVbhQ3gEfPjdDW4genAXjkqKABAAgQFTQAAAEioAEACBABDQBAgAhoAAACREADABAgAhoAgAAR0AAABIiABgAgQAQ0AAABIqABAAgQAQ0AQIAIaAAAAlT4xzLu37\/vVgAAgKWzatUqP1eKChoAgAAR0AAABIiABgAgQAQ0AAABIqABAAgQAQ0AQIAIaAAAAkRAAwAQIAIaAIAAEdAAAASIgAYAIEAENAAAASKgAQAIEAENAECAkgnomWF1HXhXQzN++VEK6WfByuOOv0NqOzWsnF\/l3OpXm13vp8wtvx4AZkEFDSRmRkN9\/cru7tTA6WbV+7UutM\/+otQHn2jgop06pbOENIC5JRjQE8q8XawQ2qhiscKMZTqVUbv6Uhv8msjYF\/3Swb+ppc6v0AbtO9iooU\/LqmwAiHniD8PO3L9\/3614ILZCePu6dn3wTvEiZJv0XNXwN6nPXLjWmaoifuFy26Wui+1S5pAG1nZq1ze9ykxEm5sO9qrH7yw39K6OXvAbCprdezfZquWU2X\/+fbubpWu\/lP4sQK0Vjvfy4+6OMgd6pROfKLXZr7KqnTNO9Pohv5QXPx8ALC+rVq3yc6Vq18S9uUWpxgmN\/CC1HG1X07XPYhW1CVVTPbScsAEbyV74TDrqmwBPNJvlj6LXmwtZ34WnTRj7bR+YfRXCOVa1+O1H1\/6irNsjsFRMqJ4dNn\/GWpFK+qAbtfZPfnYeY5le\/WzCOGoK\/0RduwlnYKVamj7ouma17bZh7RP61pCpeJu1PV5R7H69WElsfkEt5mI3\/V8z\/9+7cwTuHX13rVGpo8X+vvrnd5gAB5ZObsjcfJoQLvYx9yqlfh3N3PGvWKgZTU\/6WQArXs0COjf0kQnhRu16PkrdTdtsVTykMTM\/dmPYVAUthep5TpvbTUUt9eT7tt\/u1zP5ynvmN\/3sXgQ8OrnpCXM8x\/uY69Tyhu1q+d4d77aydjeb8zLvO92rXd90FsZy9Ey26yjVM7Ai1WyQ2FHXLB3rX3NN3sMayPRr4JqpqBd80bHNh7avOl+dlPXlAY\/UfFXvBm3fLf38W+mIydwP15Vt3KG\/lJ0G9sZ2ZGexibtkNDiAFSXBgI438dmp2L8ciaqK7LVhaaHVs2MvcMPFCtpP7hGVui3a1WhuDL4oNiXaEbP0QWPp+OPatw5FojEW+VaiTa+2S\/kxFc4dfXlhwr2vPHxtF40uFCtoN5U\/Uw1gRajdKO6q7AjVz7S27HVjmUPqUXyUd3Hk677f3lWf\/lYySMaN6v5mh\/pcdVE66rXlhH3GtPIzgJpyo7jtQLFIxcCusu0t5aO6HXssf6\/tJTe3xXOBliNgeZptFHcyAb1ALlinXy993GoeleEdrRtYy8hWLDPVbnTdurtqq2iRArBcPPqAnvU50fmUPuds8dgJlq2ySrv4vD+A5SqIChoAAJRa+i8qAQAAD4yABgAgQAQ0AAABIqABAAgQAQ0AQIAIaAAAAkRAAwAQIAIaAIAAEdAAAASIgAYAIEAENAAAASKgAQAIjvT\/8B4f7yoov4YAAAAASUVORK5CYII=\" alt=\"\"><\/p>","protected":false},"excerpt":{"rendered":"<p><span style=\"color: rgb(77, 80, 87); font-family: Lato, Arial; font-size: 16px;\">Mesta opnun: 13mm<\/span><br style=\"margin: 0px; outline: none; padding: 0px; color: rgb(77, 80, 87); font-family: Lato, Arial; font-size: 16px;\"><span style=\"color: rgb(77, 80, 87); font-family: Lato, Arial; font-size: 16px;\">Lengd: 110mm<\/span><\/p>","protected":false},"featured_media":40941,"comment_status":"closed","ping_status":"closed","template":"","meta":[],"product_brand":[],"product_cat":[588,777,515],"product_tag":[1024],"class_list":{"0":"post-21743","1":"product","2":"type-product","3":"status-publish","4":"has-post-thumbnail","6":"product_cat-handverkfaeri","7":"product_cat-skiptilyklar","8":"product_cat-verkfaeralausnir","9":"product_tag-bahco","11":"first","12":"instock","13":"taxable","14":"shipping-taxable","15":"purchasable","16":"product-type-simple"},"yoast_head":"<!-- This site is optimized with the Yoast SEO plugin v27.3 - https:\/\/yoast.com\/product\/yoast-seo-wordpress\/ -->\n<title>BAHCO Skiptilykill 4&quot; Svartur - V\u00e9lar &amp; Verkf\u00e6ri<\/title>\n<meta name=\"robots\" content=\"index, follow, max-snippet:-1, max-image-preview:large, max-video-preview:-1\" \/>\n<link rel=\"canonical\" href=\"https:\/\/velarogverkfaeri.is\/en\/verkfaeralausnir\/handverkfaeri\/skiptilyklar\/product\/bahco-skiptilykill-4-svartur\/\" \/>\n<meta property=\"og:locale\" content=\"en_US\" \/>\n<meta property=\"og:type\" content=\"article\" \/>\n<meta property=\"og:title\" content=\"BAHCO Skiptilykill 4&quot; Svartur - V\u00e9lar &amp; Verkf\u00e6ri\" \/>\n<meta property=\"og:description\" content=\"Mesta opnun: 13mmLengd: 110mm\" \/>\n<meta property=\"og:url\" content=\"https:\/\/velarogverkfaeri.is\/en\/verkfaeralausnir\/handverkfaeri\/skiptilyklar\/product\/bahco-skiptilykill-4-svartur\/\" \/>\n<meta property=\"og:site_name\" content=\"V\u00e9lar &amp; Verkf\u00e6ri\" \/>\n<meta property=\"article:publisher\" content=\"https:\/\/www.facebook.com\/VelarOgVerkfaeri\" \/>\n<meta property=\"article:modified_time\" content=\"2025-12-01T10:01:06+00:00\" \/>\n<meta property=\"og:image\" content=\"https:\/\/velarogverkfaeri.is\/wp-content\/uploads\/2023\/06\/560f22d0-9739-45f4-b6f3-da62f43912a3.jpeg\" \/>\n\t<meta property=\"og:image:width\" content=\"1000\" \/>\n\t<meta property=\"og:image:height\" content=\"1000\" \/>\n\t<meta property=\"og:image:type\" content=\"image\/jpeg\" \/>\n<meta name=\"twitter:card\" content=\"summary_large_image\" \/>\n<script type=\"application\/ld+json\" class=\"yoast-schema-graph\">{\"@context\":\"https:\\\/\\\/schema.org\",\"@graph\":[{\"@type\":\"WebPage\",\"@id\":\"https:\\\/\\\/velarogverkfaeri.is\\\/verkfaeralausnir\\\/handverkfaeri\\\/skiptilyklar\\\/product\\\/bahco-skiptilykill-4-svartur\\\/\",\"url\":\"https:\\\/\\\/velarogverkfaeri.is\\\/verkfaeralausnir\\\/handverkfaeri\\\/skiptilyklar\\\/product\\\/bahco-skiptilykill-4-svartur\\\/\",\"name\":\"BAHCO Skiptilykill 4\\\" Svartur - V\u00e9lar &amp; Verkf\u00e6ri\",\"isPartOf\":{\"@id\":\"https:\\\/\\\/velarogverkfaeri.is\\\/en\\\/#website\"},\"primaryImageOfPage\":{\"@id\":\"https:\\\/\\\/velarogverkfaeri.is\\\/verkfaeralausnir\\\/handverkfaeri\\\/skiptilyklar\\\/product\\\/bahco-skiptilykill-4-svartur\\\/#primaryimage\"},\"image\":{\"@id\":\"https:\\\/\\\/velarogverkfaeri.is\\\/verkfaeralausnir\\\/handverkfaeri\\\/skiptilyklar\\\/product\\\/bahco-skiptilykill-4-svartur\\\/#primaryimage\"},\"thumbnailUrl\":\"https:\\\/\\\/velarogverkfaeri.is\\\/wp-content\\\/uploads\\\/2023\\\/06\\\/560f22d0-9739-45f4-b6f3-da62f43912a3.jpeg\",\"datePublished\":\"2023-06-08T19:19:24+00:00\",\"dateModified\":\"2025-12-01T10:01:06+00:00\",\"breadcrumb\":{\"@id\":\"https:\\\/\\\/velarogverkfaeri.is\\\/verkfaeralausnir\\\/handverkfaeri\\\/skiptilyklar\\\/product\\\/bahco-skiptilykill-4-svartur\\\/#breadcrumb\"},\"inLanguage\":\"en-US\",\"potentialAction\":[{\"@type\":\"ReadAction\",\"target\":[\"https:\\\/\\\/velarogverkfaeri.is\\\/verkfaeralausnir\\\/handverkfaeri\\\/skiptilyklar\\\/product\\\/bahco-skiptilykill-4-svartur\\\/\"]}]},{\"@type\":\"ImageObject\",\"inLanguage\":\"en-US\",\"@id\":\"https:\\\/\\\/velarogverkfaeri.is\\\/verkfaeralausnir\\\/handverkfaeri\\\/skiptilyklar\\\/product\\\/bahco-skiptilykill-4-svartur\\\/#primaryimage\",\"url\":\"https:\\\/\\\/velarogverkfaeri.is\\\/wp-content\\\/uploads\\\/2023\\\/06\\\/560f22d0-9739-45f4-b6f3-da62f43912a3.jpeg\",\"contentUrl\":\"https:\\\/\\\/velarogverkfaeri.is\\\/wp-content\\\/uploads\\\/2023\\\/06\\\/560f22d0-9739-45f4-b6f3-da62f43912a3.jpeg\",\"width\":1000,\"height\":1000},{\"@type\":\"BreadcrumbList\",\"@id\":\"https:\\\/\\\/velarogverkfaeri.is\\\/verkfaeralausnir\\\/handverkfaeri\\\/skiptilyklar\\\/product\\\/bahco-skiptilykill-4-svartur\\\/#breadcrumb\",\"itemListElement\":[{\"@type\":\"ListItem\",\"position\":1,\"name\":\"Home\",\"item\":\"https:\\\/\\\/velarogverkfaeri.is\\\/\"},{\"@type\":\"ListItem\",\"position\":2,\"name\":\"Vefverslun\",\"item\":\"https:\\\/\\\/velarogverkfaeri.is\\\/vefverslun\\\/\"},{\"@type\":\"ListItem\",\"position\":3,\"name\":\"BAHCO Skiptilykill 4&#8243; Svartur\"}]},{\"@type\":\"WebSite\",\"@id\":\"https:\\\/\\\/velarogverkfaeri.is\\\/en\\\/#website\",\"url\":\"https:\\\/\\\/velarogverkfaeri.is\\\/en\\\/\",\"name\":\"V\u00e9lar & Verkf\u00e6ri\",\"description\":\"Umbo\u00f0s- og heildverslun fr\u00e1 \u00e1rinu 1919\",\"publisher\":{\"@id\":\"https:\\\/\\\/velarogverkfaeri.is\\\/en\\\/#organization\"},\"potentialAction\":[{\"@type\":\"SearchAction\",\"target\":{\"@type\":\"EntryPoint\",\"urlTemplate\":\"https:\\\/\\\/velarogverkfaeri.is\\\/en\\\/?s={search_term_string}\"},\"query-input\":{\"@type\":\"PropertyValueSpecification\",\"valueRequired\":true,\"valueName\":\"search_term_string\"}}],\"inLanguage\":\"en-US\"},{\"@type\":\"Organization\",\"@id\":\"https:\\\/\\\/velarogverkfaeri.is\\\/en\\\/#organization\",\"name\":\"V\u00e9lar & Verkf\u00e6ri\",\"url\":\"https:\\\/\\\/velarogverkfaeri.is\\\/en\\\/\",\"logo\":{\"@type\":\"ImageObject\",\"inLanguage\":\"en-US\",\"@id\":\"https:\\\/\\\/velarogverkfaeri.is\\\/en\\\/#\\\/schema\\\/logo\\\/image\\\/\",\"url\":\"https:\\\/\\\/velarogverkfaeri.is\\\/wp-content\\\/uploads\\\/2021\\\/10\\\/vv_logo_350x100.png\",\"contentUrl\":\"https:\\\/\\\/velarogverkfaeri.is\\\/wp-content\\\/uploads\\\/2021\\\/10\\\/vv_logo_350x100.png\",\"width\":350,\"height\":100,\"caption\":\"V\u00e9lar & Verkf\u00e6ri\"},\"image\":{\"@id\":\"https:\\\/\\\/velarogverkfaeri.is\\\/en\\\/#\\\/schema\\\/logo\\\/image\\\/\"},\"sameAs\":[\"https:\\\/\\\/www.facebook.com\\\/VelarOgVerkfaeri\"]}]}<\/script>\n<!-- \/ Yoast SEO plugin. -->","yoast_head_json":{"title":"BAHCO Skiptilykill 4\" Svartur - V\u00e9lar &amp; Verkf\u00e6ri","robots":{"index":"index","follow":"follow","max-snippet":"max-snippet:-1","max-image-preview":"max-image-preview:large","max-video-preview":"max-video-preview:-1"},"canonical":"https:\/\/velarogverkfaeri.is\/en\/verkfaeralausnir\/handverkfaeri\/skiptilyklar\/product\/bahco-skiptilykill-4-svartur\/","og_locale":"en_US","og_type":"article","og_title":"BAHCO Skiptilykill 4\" Svartur - V\u00e9lar &amp; Verkf\u00e6ri","og_description":"Mesta opnun: 13mmLengd: 110mm","og_url":"https:\/\/velarogverkfaeri.is\/en\/verkfaeralausnir\/handverkfaeri\/skiptilyklar\/product\/bahco-skiptilykill-4-svartur\/","og_site_name":"V\u00e9lar &amp; Verkf\u00e6ri","article_publisher":"https:\/\/www.facebook.com\/VelarOgVerkfaeri","article_modified_time":"2025-12-01T10:01:06+00:00","og_image":[{"width":1000,"height":1000,"url":"https:\/\/velarogverkfaeri.is\/wp-content\/uploads\/2023\/06\/560f22d0-9739-45f4-b6f3-da62f43912a3.jpeg","type":"image\/jpeg"}],"twitter_card":"summary_large_image","schema":{"@context":"https:\/\/schema.org","@graph":[{"@type":"WebPage","@id":"https:\/\/velarogverkfaeri.is\/verkfaeralausnir\/handverkfaeri\/skiptilyklar\/product\/bahco-skiptilykill-4-svartur\/","url":"https:\/\/velarogverkfaeri.is\/verkfaeralausnir\/handverkfaeri\/skiptilyklar\/product\/bahco-skiptilykill-4-svartur\/","name":"BAHCO Skiptilykill 4\" Svartur - V\u00e9lar &amp; Verkf\u00e6ri","isPartOf":{"@id":"https:\/\/velarogverkfaeri.is\/en\/#website"},"primaryImageOfPage":{"@id":"https:\/\/velarogverkfaeri.is\/verkfaeralausnir\/handverkfaeri\/skiptilyklar\/product\/bahco-skiptilykill-4-svartur\/#primaryimage"},"image":{"@id":"https:\/\/velarogverkfaeri.is\/verkfaeralausnir\/handverkfaeri\/skiptilyklar\/product\/bahco-skiptilykill-4-svartur\/#primaryimage"},"thumbnailUrl":"https:\/\/velarogverkfaeri.is\/wp-content\/uploads\/2023\/06\/560f22d0-9739-45f4-b6f3-da62f43912a3.jpeg","datePublished":"2023-06-08T19:19:24+00:00","dateModified":"2025-12-01T10:01:06+00:00","breadcrumb":{"@id":"https:\/\/velarogverkfaeri.is\/verkfaeralausnir\/handverkfaeri\/skiptilyklar\/product\/bahco-skiptilykill-4-svartur\/#breadcrumb"},"inLanguage":"en-US","potentialAction":[{"@type":"ReadAction","target":["https:\/\/velarogverkfaeri.is\/verkfaeralausnir\/handverkfaeri\/skiptilyklar\/product\/bahco-skiptilykill-4-svartur\/"]}]},{"@type":"ImageObject","inLanguage":"en-US","@id":"https:\/\/velarogverkfaeri.is\/verkfaeralausnir\/handverkfaeri\/skiptilyklar\/product\/bahco-skiptilykill-4-svartur\/#primaryimage","url":"https:\/\/velarogverkfaeri.is\/wp-content\/uploads\/2023\/06\/560f22d0-9739-45f4-b6f3-da62f43912a3.jpeg","contentUrl":"https:\/\/velarogverkfaeri.is\/wp-content\/uploads\/2023\/06\/560f22d0-9739-45f4-b6f3-da62f43912a3.jpeg","width":1000,"height":1000},{"@type":"BreadcrumbList","@id":"https:\/\/velarogverkfaeri.is\/verkfaeralausnir\/handverkfaeri\/skiptilyklar\/product\/bahco-skiptilykill-4-svartur\/#breadcrumb","itemListElement":[{"@type":"ListItem","position":1,"name":"Home","item":"https:\/\/velarogverkfaeri.is\/"},{"@type":"ListItem","position":2,"name":"Vefverslun","item":"https:\/\/velarogverkfaeri.is\/vefverslun\/"},{"@type":"ListItem","position":3,"name":"BAHCO Skiptilykill 4&#8243; Svartur"}]},{"@type":"WebSite","@id":"https:\/\/velarogverkfaeri.is\/en\/#website","url":"https:\/\/velarogverkfaeri.is\/en\/","name":"V\u00e9lar & Verkf\u00e6ri","description":"Umbo\u00f0s- og heildverslun fr\u00e1 \u00e1rinu 1919","publisher":{"@id":"https:\/\/velarogverkfaeri.is\/en\/#organization"},"potentialAction":[{"@type":"SearchAction","target":{"@type":"EntryPoint","urlTemplate":"https:\/\/velarogverkfaeri.is\/en\/?s={search_term_string}"},"query-input":{"@type":"PropertyValueSpecification","valueRequired":true,"valueName":"search_term_string"}}],"inLanguage":"en-US"},{"@type":"Organization","@id":"https:\/\/velarogverkfaeri.is\/en\/#organization","name":"V\u00e9lar & Verkf\u00e6ri","url":"https:\/\/velarogverkfaeri.is\/en\/","logo":{"@type":"ImageObject","inLanguage":"en-US","@id":"https:\/\/velarogverkfaeri.is\/en\/#\/schema\/logo\/image\/","url":"https:\/\/velarogverkfaeri.is\/wp-content\/uploads\/2021\/10\/vv_logo_350x100.png","contentUrl":"https:\/\/velarogverkfaeri.is\/wp-content\/uploads\/2021\/10\/vv_logo_350x100.png","width":350,"height":100,"caption":"V\u00e9lar & Verkf\u00e6ri"},"image":{"@id":"https:\/\/velarogverkfaeri.is\/en\/#\/schema\/logo\/image\/"},"sameAs":["https:\/\/www.facebook.com\/VelarOgVerkfaeri"]}]}},"_links":{"self":[{"href":"https:\/\/velarogverkfaeri.is\/en\/wp-json\/wp\/v2\/product\/21743","targetHints":{"allow":["GET"]}}],"collection":[{"href":"https:\/\/velarogverkfaeri.is\/en\/wp-json\/wp\/v2\/product"}],"about":[{"href":"https:\/\/velarogverkfaeri.is\/en\/wp-json\/wp\/v2\/types\/product"}],"replies":[{"embeddable":true,"href":"https:\/\/velarogverkfaeri.is\/en\/wp-json\/wp\/v2\/comments?post=21743"}],"wp:featuredmedia":[{"embeddable":true,"href":"https:\/\/velarogverkfaeri.is\/en\/wp-json\/wp\/v2\/media\/40941"}],"wp:attachment":[{"href":"https:\/\/velarogverkfaeri.is\/en\/wp-json\/wp\/v2\/media?parent=21743"}],"wp:term":[{"taxonomy":"product_brand","embeddable":true,"href":"https:\/\/velarogverkfaeri.is\/en\/wp-json\/wp\/v2\/product_brand?post=21743"},{"taxonomy":"product_cat","embeddable":true,"href":"https:\/\/velarogverkfaeri.is\/en\/wp-json\/wp\/v2\/product_cat?post=21743"},{"taxonomy":"product_tag","embeddable":true,"href":"https:\/\/velarogverkfaeri.is\/en\/wp-json\/wp\/v2\/product_tag?post=21743"}],"curies":[{"name":"wp","href":"https:\/\/api.w.org\/{rel}","templated":true}]}}