{"id":21711,"date":"2023-04-28T17:52:12","date_gmt":"2023-04-28T17:52:12","guid":{"rendered":"https:\/\/vv-dev.webdev.is\/?post_type=product&#038;p=21711"},"modified":"2025-11-18T14:40:59","modified_gmt":"2025-11-18T14:40:59","slug":"frost-fatasla-bukto-600mm-svort-krom-a-hjolum-u6004-b","status":"publish","type":"product","link":"https:\/\/velarogverkfaeri.is\/en\/honnunarlausnir\/fataskipulag-honnunarlausnir\/fataslar-og-standar\/product\/frost-fatasla-bukto-600mm-svort-krom-a-hjolum-u6004-b\/","title":{"rendered":"FROST Fatasl\u00e1 BUKTO 600mm Sv\u00f6rt\/Kr\u00f3m \u00e1 hj\u00f3lum"},"content":{"rendered":"<p>BUKTO fatarekki\/fatastandur 600 mm \u00e1 hj\u00f3lum. Me\u00f0 mattsv\u00f6rtum toppi. Fr\u00e1b\u00e6r \u00ed fatahenginu, fundarherberginu e\u00f0a r\u00e1\u00f0stefnuherberginu. H\u00e6gt er a\u00f0 kaupa grunnpl\u00f6tu fyrir sk\u00f3 og t\u00f6skur s\u00e9rstaklega. <\/p>\n<p>Fatast\u00f6ng er h\u00fasgagn sem venjulega er a\u00f0 finna \u00ed forstofu e\u00f0a \u00fej\u00f3nustuherbergi, hanna\u00f0 til a\u00f0 hengja upp yfirhafnir e\u00f0a sem fatask\u00e1pastandur fyrir skyrtur e\u00f0a kj\u00f3la \u00ed fataherbergi. Fatastandurinn er fr\u00edstandandi og h\u00e6gt a\u00f0 f\u00e6ra hann um \u00ed herberginu. FROST b\u00fd\u00f0ur upp \u00e1 fatastanda \u00far st\u00e1li og \u00ed h\u00e6sta g\u00e6\u00f0aflokki. Fatastandurinn stendur \u00fe\u00e9tt \u00e1 g\u00f3lfinu og getur au\u00f0veldlega haldi\u00f0 \u00e1 \u00f6llum \u00fatif\u00f6tunum \u00fe\u00ednum. Allir FROST fatastandar eru me\u00f0 einstaka h\u00f6nnun sem \u00fe\u00fa finnur hvergi annars sta\u00f0ar. \u00c1herslan er ekki a\u00f0eins \u00e1 g\u00e6\u00f0i og virkni, heldur einnig \u00e1 fagurfr\u00e6\u00f0i og st\u00edl. \u00deeir passa fullkomlega inn \u00ed klass\u00edsk e\u00f0a n\u00fat\u00edma heimili\/skrifstofur. Ennfremur er h\u00e6gt a\u00f0 sameina standana vi\u00f0 restina af \u00farvali okkar af FROST v\u00f6runum.&nbsp;<\/p>","protected":false},"excerpt":{"rendered":"<p>Prakt\u00edskt og flott fatasl\u00e1 fr\u00e1 danska h\u00f6nnunarmerkinu FROST.<\/p>","protected":false},"featured_media":29456,"comment_status":"closed","ping_status":"closed","template":"","meta":[],"product_brand":[],"product_cat":[543,816,518],"product_tag":[1012],"class_list":{"0":"post-21711","1":"product","2":"type-product","3":"status-publish","4":"has-post-thumbnail","6":"product_cat-fataskipulag-honnunarlausnir","7":"product_cat-fataslar-og-standar","8":"product_cat-honnunarlausnir","9":"product_tag-frost","11":"first","12":"instock","13":"taxable","14":"shipping-taxable","15":"purchasable","16":"product-type-simple"},"yoast_head":"<!-- This site is optimized with the Yoast SEO plugin v27.3 - https:\/\/yoast.com\/product\/yoast-seo-wordpress\/ -->\n<title>FROST Fatasl\u00e1 BUKTO 600mm Sv\u00f6rt\/Kr\u00f3m \u00e1 hj\u00f3lum - V\u00e9lar &amp; Verkf\u00e6ri<\/title>\n<meta name=\"robots\" content=\"index, follow, max-snippet:-1, max-image-preview:large, max-video-preview:-1\" \/>\n<link rel=\"canonical\" href=\"https:\/\/velarogverkfaeri.is\/en\/honnunarlausnir\/fataskipulag-honnunarlausnir\/fataslar-og-standar\/product\/frost-fatasla-bukto-600mm-svort-krom-a-hjolum-u6004-b\/\" \/>\n<meta property=\"og:locale\" content=\"en_US\" \/>\n<meta property=\"og:type\" content=\"article\" \/>\n<meta property=\"og:title\" content=\"FROST Fatasl\u00e1 BUKTO 600mm Sv\u00f6rt\/Kr\u00f3m \u00e1 hj\u00f3lum - V\u00e9lar &amp; Verkf\u00e6ri\" \/>\n<meta property=\"og:description\" content=\"Prakt\u00edskt og flott fatasl\u00e1 fr\u00e1 danska h\u00f6nnunarmerkinu FROST.\" \/>\n<meta property=\"og:url\" content=\"https:\/\/velarogverkfaeri.is\/en\/honnunarlausnir\/fataskipulag-honnunarlausnir\/fataslar-og-standar\/product\/frost-fatasla-bukto-600mm-svort-krom-a-hjolum-u6004-b\/\" \/>\n<meta property=\"og:site_name\" content=\"V\u00e9lar &amp; Verkf\u00e6ri\" \/>\n<meta property=\"article:publisher\" content=\"https:\/\/www.facebook.com\/VelarOgVerkfaeri\" \/>\n<meta property=\"article:modified_time\" content=\"2025-11-18T14:40:59+00:00\" \/>\n<meta property=\"og:image\" content=\"https:\/\/velarogverkfaeri.is\/wp-content\/uploads\/2023\/06\/8093d4c0-c5ac-4e90-9da3-1d8777b1e834.jpeg\" \/>\n\t<meta property=\"og:image:width\" content=\"619\" \/>\n\t<meta property=\"og:image:height\" content=\"655\" \/>\n\t<meta property=\"og:image:type\" content=\"image\/jpeg\" \/>\n<meta name=\"twitter:card\" content=\"summary_large_image\" \/>\n<meta name=\"twitter:label1\" content=\"Est. reading time\" \/>\n\t<meta name=\"twitter:data1\" content=\"1 minute\" \/>\n<script type=\"application\/ld+json\" class=\"yoast-schema-graph\">{\"@context\":\"https:\\\/\\\/schema.org\",\"@graph\":[{\"@type\":\"WebPage\",\"@id\":\"https:\\\/\\\/velarogverkfaeri.is\\\/honnunarlausnir\\\/fataskipulag-honnunarlausnir\\\/fataslar-og-standar\\\/product\\\/frost-fatasla-bukto-600mm-svort-krom-a-hjolum-u6004-b\\\/\",\"url\":\"https:\\\/\\\/velarogverkfaeri.is\\\/honnunarlausnir\\\/fataskipulag-honnunarlausnir\\\/fataslar-og-standar\\\/product\\\/frost-fatasla-bukto-600mm-svort-krom-a-hjolum-u6004-b\\\/\",\"name\":\"FROST Fatasl\u00e1 BUKTO 600mm Sv\u00f6rt\\\/Kr\u00f3m \u00e1 hj\u00f3lum - V\u00e9lar &amp; Verkf\u00e6ri\",\"isPartOf\":{\"@id\":\"https:\\\/\\\/velarogverkfaeri.is\\\/en\\\/#website\"},\"primaryImageOfPage\":{\"@id\":\"https:\\\/\\\/velarogverkfaeri.is\\\/honnunarlausnir\\\/fataskipulag-honnunarlausnir\\\/fataslar-og-standar\\\/product\\\/frost-fatasla-bukto-600mm-svort-krom-a-hjolum-u6004-b\\\/#primaryimage\"},\"image\":{\"@id\":\"https:\\\/\\\/velarogverkfaeri.is\\\/honnunarlausnir\\\/fataskipulag-honnunarlausnir\\\/fataslar-og-standar\\\/product\\\/frost-fatasla-bukto-600mm-svort-krom-a-hjolum-u6004-b\\\/#primaryimage\"},\"thumbnailUrl\":\"https:\\\/\\\/velarogverkfaeri.is\\\/wp-content\\\/uploads\\\/2023\\\/06\\\/8093d4c0-c5ac-4e90-9da3-1d8777b1e834.jpeg\",\"datePublished\":\"2023-04-28T17:52:12+00:00\",\"dateModified\":\"2025-11-18T14:40:59+00:00\",\"breadcrumb\":{\"@id\":\"https:\\\/\\\/velarogverkfaeri.is\\\/honnunarlausnir\\\/fataskipulag-honnunarlausnir\\\/fataslar-og-standar\\\/product\\\/frost-fatasla-bukto-600mm-svort-krom-a-hjolum-u6004-b\\\/#breadcrumb\"},\"inLanguage\":\"en-US\",\"potentialAction\":[{\"@type\":\"ReadAction\",\"target\":[\"https:\\\/\\\/velarogverkfaeri.is\\\/honnunarlausnir\\\/fataskipulag-honnunarlausnir\\\/fataslar-og-standar\\\/product\\\/frost-fatasla-bukto-600mm-svort-krom-a-hjolum-u6004-b\\\/\"]}]},{\"@type\":\"ImageObject\",\"inLanguage\":\"en-US\",\"@id\":\"https:\\\/\\\/velarogverkfaeri.is\\\/honnunarlausnir\\\/fataskipulag-honnunarlausnir\\\/fataslar-og-standar\\\/product\\\/frost-fatasla-bukto-600mm-svort-krom-a-hjolum-u6004-b\\\/#primaryimage\",\"url\":\"https:\\\/\\\/velarogverkfaeri.is\\\/wp-content\\\/uploads\\\/2023\\\/06\\\/8093d4c0-c5ac-4e90-9da3-1d8777b1e834.jpeg\",\"contentUrl\":\"https:\\\/\\\/velarogverkfaeri.is\\\/wp-content\\\/uploads\\\/2023\\\/06\\\/8093d4c0-c5ac-4e90-9da3-1d8777b1e834.jpeg\",\"width\":619,\"height\":655},{\"@type\":\"BreadcrumbList\",\"@id\":\"https:\\\/\\\/velarogverkfaeri.is\\\/honnunarlausnir\\\/fataskipulag-honnunarlausnir\\\/fataslar-og-standar\\\/product\\\/frost-fatasla-bukto-600mm-svort-krom-a-hjolum-u6004-b\\\/#breadcrumb\",\"itemListElement\":[{\"@type\":\"ListItem\",\"position\":1,\"name\":\"Home\",\"item\":\"https:\\\/\\\/velarogverkfaeri.is\\\/\"},{\"@type\":\"ListItem\",\"position\":2,\"name\":\"Vefverslun\",\"item\":\"https:\\\/\\\/velarogverkfaeri.is\\\/vefverslun\\\/\"},{\"@type\":\"ListItem\",\"position\":3,\"name\":\"FROST Fatasl\u00e1 BUKTO 600mm Sv\u00f6rt\\\/Kr\u00f3m \u00e1 hj\u00f3lum\"}]},{\"@type\":\"WebSite\",\"@id\":\"https:\\\/\\\/velarogverkfaeri.is\\\/en\\\/#website\",\"url\":\"https:\\\/\\\/velarogverkfaeri.is\\\/en\\\/\",\"name\":\"V\u00e9lar & Verkf\u00e6ri\",\"description\":\"Umbo\u00f0s- og heildverslun fr\u00e1 \u00e1rinu 1919\",\"publisher\":{\"@id\":\"https:\\\/\\\/velarogverkfaeri.is\\\/en\\\/#organization\"},\"potentialAction\":[{\"@type\":\"SearchAction\",\"target\":{\"@type\":\"EntryPoint\",\"urlTemplate\":\"https:\\\/\\\/velarogverkfaeri.is\\\/en\\\/?s={search_term_string}\"},\"query-input\":{\"@type\":\"PropertyValueSpecification\",\"valueRequired\":true,\"valueName\":\"search_term_string\"}}],\"inLanguage\":\"en-US\"},{\"@type\":\"Organization\",\"@id\":\"https:\\\/\\\/velarogverkfaeri.is\\\/en\\\/#organization\",\"name\":\"V\u00e9lar & Verkf\u00e6ri\",\"url\":\"https:\\\/\\\/velarogverkfaeri.is\\\/en\\\/\",\"logo\":{\"@type\":\"ImageObject\",\"inLanguage\":\"en-US\",\"@id\":\"https:\\\/\\\/velarogverkfaeri.is\\\/en\\\/#\\\/schema\\\/logo\\\/image\\\/\",\"url\":\"https:\\\/\\\/velarogverkfaeri.is\\\/wp-content\\\/uploads\\\/2021\\\/10\\\/vv_logo_350x100.png\",\"contentUrl\":\"https:\\\/\\\/velarogverkfaeri.is\\\/wp-content\\\/uploads\\\/2021\\\/10\\\/vv_logo_350x100.png\",\"width\":350,\"height\":100,\"caption\":\"V\u00e9lar & Verkf\u00e6ri\"},\"image\":{\"@id\":\"https:\\\/\\\/velarogverkfaeri.is\\\/en\\\/#\\\/schema\\\/logo\\\/image\\\/\"},\"sameAs\":[\"https:\\\/\\\/www.facebook.com\\\/VelarOgVerkfaeri\"]}]}<\/script>\n<!-- \/ Yoast SEO plugin. -->","yoast_head_json":{"title":"FROST Fatasl\u00e1 BUKTO 600mm Sv\u00f6rt\/Kr\u00f3m \u00e1 hj\u00f3lum - V\u00e9lar &amp; Verkf\u00e6ri","robots":{"index":"index","follow":"follow","max-snippet":"max-snippet:-1","max-image-preview":"max-image-preview:large","max-video-preview":"max-video-preview:-1"},"canonical":"https:\/\/velarogverkfaeri.is\/en\/honnunarlausnir\/fataskipulag-honnunarlausnir\/fataslar-og-standar\/product\/frost-fatasla-bukto-600mm-svort-krom-a-hjolum-u6004-b\/","og_locale":"en_US","og_type":"article","og_title":"FROST Fatasl\u00e1 BUKTO 600mm Sv\u00f6rt\/Kr\u00f3m \u00e1 hj\u00f3lum - V\u00e9lar &amp; Verkf\u00e6ri","og_description":"Prakt\u00edskt og flott fatasl\u00e1 fr\u00e1 danska h\u00f6nnunarmerkinu FROST.","og_url":"https:\/\/velarogverkfaeri.is\/en\/honnunarlausnir\/fataskipulag-honnunarlausnir\/fataslar-og-standar\/product\/frost-fatasla-bukto-600mm-svort-krom-a-hjolum-u6004-b\/","og_site_name":"V\u00e9lar &amp; Verkf\u00e6ri","article_publisher":"https:\/\/www.facebook.com\/VelarOgVerkfaeri","article_modified_time":"2025-11-18T14:40:59+00:00","og_image":[{"width":619,"height":655,"url":"https:\/\/velarogverkfaeri.is\/wp-content\/uploads\/2023\/06\/8093d4c0-c5ac-4e90-9da3-1d8777b1e834.jpeg","type":"image\/jpeg"}],"twitter_card":"summary_large_image","twitter_misc":{"Est. reading time":"1 minute"},"schema":{"@context":"https:\/\/schema.org","@graph":[{"@type":"WebPage","@id":"https:\/\/velarogverkfaeri.is\/honnunarlausnir\/fataskipulag-honnunarlausnir\/fataslar-og-standar\/product\/frost-fatasla-bukto-600mm-svort-krom-a-hjolum-u6004-b\/","url":"https:\/\/velarogverkfaeri.is\/honnunarlausnir\/fataskipulag-honnunarlausnir\/fataslar-og-standar\/product\/frost-fatasla-bukto-600mm-svort-krom-a-hjolum-u6004-b\/","name":"FROST Fatasl\u00e1 BUKTO 600mm Sv\u00f6rt\/Kr\u00f3m \u00e1 hj\u00f3lum - V\u00e9lar &amp; Verkf\u00e6ri","isPartOf":{"@id":"https:\/\/velarogverkfaeri.is\/en\/#website"},"primaryImageOfPage":{"@id":"https:\/\/velarogverkfaeri.is\/honnunarlausnir\/fataskipulag-honnunarlausnir\/fataslar-og-standar\/product\/frost-fatasla-bukto-600mm-svort-krom-a-hjolum-u6004-b\/#primaryimage"},"image":{"@id":"https:\/\/velarogverkfaeri.is\/honnunarlausnir\/fataskipulag-honnunarlausnir\/fataslar-og-standar\/product\/frost-fatasla-bukto-600mm-svort-krom-a-hjolum-u6004-b\/#primaryimage"},"thumbnailUrl":"https:\/\/velarogverkfaeri.is\/wp-content\/uploads\/2023\/06\/8093d4c0-c5ac-4e90-9da3-1d8777b1e834.jpeg","datePublished":"2023-04-28T17:52:12+00:00","dateModified":"2025-11-18T14:40:59+00:00","breadcrumb":{"@id":"https:\/\/velarogverkfaeri.is\/honnunarlausnir\/fataskipulag-honnunarlausnir\/fataslar-og-standar\/product\/frost-fatasla-bukto-600mm-svort-krom-a-hjolum-u6004-b\/#breadcrumb"},"inLanguage":"en-US","potentialAction":[{"@type":"ReadAction","target":["https:\/\/velarogverkfaeri.is\/honnunarlausnir\/fataskipulag-honnunarlausnir\/fataslar-og-standar\/product\/frost-fatasla-bukto-600mm-svort-krom-a-hjolum-u6004-b\/"]}]},{"@type":"ImageObject","inLanguage":"en-US","@id":"https:\/\/velarogverkfaeri.is\/honnunarlausnir\/fataskipulag-honnunarlausnir\/fataslar-og-standar\/product\/frost-fatasla-bukto-600mm-svort-krom-a-hjolum-u6004-b\/#primaryimage","url":"https:\/\/velarogverkfaeri.is\/wp-content\/uploads\/2023\/06\/8093d4c0-c5ac-4e90-9da3-1d8777b1e834.jpeg","contentUrl":"https:\/\/velarogverkfaeri.is\/wp-content\/uploads\/2023\/06\/8093d4c0-c5ac-4e90-9da3-1d8777b1e834.jpeg","width":619,"height":655},{"@type":"BreadcrumbList","@id":"https:\/\/velarogverkfaeri.is\/honnunarlausnir\/fataskipulag-honnunarlausnir\/fataslar-og-standar\/product\/frost-fatasla-bukto-600mm-svort-krom-a-hjolum-u6004-b\/#breadcrumb","itemListElement":[{"@type":"ListItem","position":1,"name":"Home","item":"https:\/\/velarogverkfaeri.is\/"},{"@type":"ListItem","position":2,"name":"Vefverslun","item":"https:\/\/velarogverkfaeri.is\/vefverslun\/"},{"@type":"ListItem","position":3,"name":"FROST Fatasl\u00e1 BUKTO 600mm Sv\u00f6rt\/Kr\u00f3m \u00e1 hj\u00f3lum"}]},{"@type":"WebSite","@id":"https:\/\/velarogverkfaeri.is\/en\/#website","url":"https:\/\/velarogverkfaeri.is\/en\/","name":"V\u00e9lar & Verkf\u00e6ri","description":"Umbo\u00f0s- og heildverslun fr\u00e1 \u00e1rinu 1919","publisher":{"@id":"https:\/\/velarogverkfaeri.is\/en\/#organization"},"potentialAction":[{"@type":"SearchAction","target":{"@type":"EntryPoint","urlTemplate":"https:\/\/velarogverkfaeri.is\/en\/?s={search_term_string}"},"query-input":{"@type":"PropertyValueSpecification","valueRequired":true,"valueName":"search_term_string"}}],"inLanguage":"en-US"},{"@type":"Organization","@id":"https:\/\/velarogverkfaeri.is\/en\/#organization","name":"V\u00e9lar & Verkf\u00e6ri","url":"https:\/\/velarogverkfaeri.is\/en\/","logo":{"@type":"ImageObject","inLanguage":"en-US","@id":"https:\/\/velarogverkfaeri.is\/en\/#\/schema\/logo\/image\/","url":"https:\/\/velarogverkfaeri.is\/wp-content\/uploads\/2021\/10\/vv_logo_350x100.png","contentUrl":"https:\/\/velarogverkfaeri.is\/wp-content\/uploads\/2021\/10\/vv_logo_350x100.png","width":350,"height":100,"caption":"V\u00e9lar & Verkf\u00e6ri"},"image":{"@id":"https:\/\/velarogverkfaeri.is\/en\/#\/schema\/logo\/image\/"},"sameAs":["https:\/\/www.facebook.com\/VelarOgVerkfaeri"]}]}},"_links":{"self":[{"href":"https:\/\/velarogverkfaeri.is\/en\/wp-json\/wp\/v2\/product\/21711","targetHints":{"allow":["GET"]}}],"collection":[{"href":"https:\/\/velarogverkfaeri.is\/en\/wp-json\/wp\/v2\/product"}],"about":[{"href":"https:\/\/velarogverkfaeri.is\/en\/wp-json\/wp\/v2\/types\/product"}],"replies":[{"embeddable":true,"href":"https:\/\/velarogverkfaeri.is\/en\/wp-json\/wp\/v2\/comments?post=21711"}],"wp:featuredmedia":[{"embeddable":true,"href":"https:\/\/velarogverkfaeri.is\/en\/wp-json\/wp\/v2\/media\/29456"}],"wp:attachment":[{"href":"https:\/\/velarogverkfaeri.is\/en\/wp-json\/wp\/v2\/media?parent=21711"}],"wp:term":[{"taxonomy":"product_brand","embeddable":true,"href":"https:\/\/velarogverkfaeri.is\/en\/wp-json\/wp\/v2\/product_brand?post=21711"},{"taxonomy":"product_cat","embeddable":true,"href":"https:\/\/velarogverkfaeri.is\/en\/wp-json\/wp\/v2\/product_cat?post=21711"},{"taxonomy":"product_tag","embeddable":true,"href":"https:\/\/velarogverkfaeri.is\/en\/wp-json\/wp\/v2\/product_tag?post=21711"}],"curies":[{"name":"wp","href":"https:\/\/api.w.org\/{rel}","templated":true}]}}