{"id":55278,"date":"2023-11-16T19:09:22","date_gmt":"2023-11-16T19:09:22","guid":{"rendered":"https:\/\/velarogverkfaeri.is\/?page_id=55278"},"modified":"2025-11-24T20:56:53","modified_gmt":"2025-11-24T20:56:53","slug":"svortu-dagar","status":"publish","type":"page","link":"https:\/\/velarogverkfaeri.is\/en\/svortu-dagar\/","title":{"rendered":"Sv\u00f6rtudagar"},"content":{"rendered":"<div data-elementor-type=\"wp-page\" data-elementor-id=\"55278\" class=\"elementor elementor-55278\" data-elementor-post-type=\"page\">\n\t\t\t\t\t\t<section class=\"elementor-section elementor-top-section elementor-element elementor-element-2132d89 elementor-section-boxed elementor-section-height-default elementor-section-height-default\" data-id=\"2132d89\" data-element_type=\"section\" data-e-type=\"section\">\n\t\t\t\t\t\t<div class=\"elementor-container elementor-column-gap-default\">\n\t\t\t\t\t<div class=\"elementor-column elementor-col-100 elementor-top-column elementor-element elementor-element-795999b\" data-id=\"795999b\" data-element_type=\"column\" data-e-type=\"column\">\n\t\t\t<div class=\"elementor-widget-wrap elementor-element-populated\">\n\t\t\t\t\t\t<div class=\"elementor-element elementor-element-0266b64 elementor-widget elementor-widget-image\" data-id=\"0266b64\" data-element_type=\"widget\" data-e-type=\"widget\" data-widget_type=\"image.default\">\n\t\t\t\t<div class=\"elementor-widget-container\">\n\t\t\t\t\t\t\t\t\t\t\t\t\t\t\t<img fetchpriority=\"high\" decoding=\"async\" width=\"1920\" height=\"728\" src=\"https:\/\/velarogverkfaeri.is\/wp-content\/uploads\/2025\/11\/Svortudagar.png\" class=\"attachment-full size-full wp-image-78176\" alt=\"\" srcset=\"https:\/\/velarogverkfaeri.is\/wp-content\/uploads\/2025\/11\/Svortudagar.png 1920w, https:\/\/velarogverkfaeri.is\/wp-content\/uploads\/2025\/11\/Svortudagar-300x114.png 300w, https:\/\/velarogverkfaeri.is\/wp-content\/uploads\/2025\/11\/Svortudagar-1024x388.png 1024w, https:\/\/velarogverkfaeri.is\/wp-content\/uploads\/2025\/11\/Svortudagar-768x291.png 768w, https:\/\/velarogverkfaeri.is\/wp-content\/uploads\/2025\/11\/Svortudagar-1536x582.png 1536w, https:\/\/velarogverkfaeri.is\/wp-content\/uploads\/2025\/11\/Svortudagar-18x7.png 18w, https:\/\/velarogverkfaeri.is\/wp-content\/uploads\/2025\/11\/Svortudagar-600x228.png 600w\" sizes=\"(max-width: 1920px) 100vw, 1920px\" \/>\t\t\t\t\t\t\t\t\t\t\t\t\t\t\t<\/div>\n\t\t\t\t<\/div>\n\t\t\t\t\t<\/div>\n\t\t<\/div>\n\t\t\t\t\t<\/div>\n\t\t<\/section>\n\t\t\t\t<section class=\"elementor-section elementor-top-section elementor-element elementor-element-ce51a94 elementor-section-boxed elementor-section-height-default elementor-section-height-default\" data-id=\"ce51a94\" data-element_type=\"section\" data-e-type=\"section\">\n\t\t\t\t\t\t<div class=\"elementor-container elementor-column-gap-default\">\n\t\t\t\t\t<div class=\"elementor-column elementor-col-100 elementor-top-column elementor-element elementor-element-9df2db8\" data-id=\"9df2db8\" data-element_type=\"column\" data-e-type=\"column\">\n\t\t\t<div class=\"elementor-widget-wrap elementor-element-populated\">\n\t\t\t\t\t\t\t<\/div>\n\t\t<\/div>\n\t\t\t\t\t<\/div>\n\t\t<\/section>\n\t\t\t\t<\/div>","protected":false},"excerpt":{"rendered":"<p>\u00dea\u00f0 ver\u00f0a Sv\u00f6rtudagar hj\u00e1 V\u00e9lum og Verkf\u00e6rum dagana 20. &#8211; 27. n\u00f3vember! Allt a\u00f0 50% afsl\u00e1ttur og n\u00fdjar v\u00f6rur b\u00e6tast vi\u00f0 \u00e1 hverjum degi. V\u00e9lar og Verkf\u00e6ri eru me\u00f0 fj\u00f6lbreytt \u00farval af allskonar v\u00f6rum \u00ed \u00feremur vefverslunum<\/p>","protected":false},"author":1,"featured_media":55315,"parent":0,"menu_order":0,"comment_status":"closed","ping_status":"closed","template":"","meta":{"footnotes":""},"class_list":["post-55278","page","type-page","status-publish","has-post-thumbnail","hentry"],"yoast_head":"<!-- This site is optimized with the Yoast SEO plugin v27.3 - https:\/\/yoast.com\/product\/yoast-seo-wordpress\/ -->\n<title>Sv\u00f6rtudagar - V\u00e9lar &amp; Verkf\u00e6ri<\/title>\n<meta name=\"robots\" content=\"index, follow, max-snippet:-1, max-image-preview:large, max-video-preview:-1\" \/>\n<link rel=\"canonical\" href=\"https:\/\/velarogverkfaeri.is\/en\/svortu-dagar\/\" \/>\n<meta property=\"og:locale\" content=\"en_US\" \/>\n<meta property=\"og:type\" content=\"article\" \/>\n<meta property=\"og:title\" content=\"Sv\u00f6rtudagar - V\u00e9lar &amp; Verkf\u00e6ri\" \/>\n<meta property=\"og:description\" content=\"\u00dea\u00f0 ver\u00f0a Sv\u00f6rtudagar hj\u00e1 V\u00e9lum og Verkf\u00e6rum dagana 20. - 27. n\u00f3vember! Allt a\u00f0 50% afsl\u00e1ttur og n\u00fdjar v\u00f6rur b\u00e6tast vi\u00f0 \u00e1 hverjum degi. V\u00e9lar og Verkf\u00e6ri eru me\u00f0 fj\u00f6lbreytt \u00farval af allskonar v\u00f6rum \u00ed \u00feremur vefverslunum\" \/>\n<meta property=\"og:url\" content=\"https:\/\/velarogverkfaeri.is\/en\/svortu-dagar\/\" \/>\n<meta property=\"og:site_name\" content=\"V\u00e9lar &amp; Verkf\u00e6ri\" \/>\n<meta property=\"article:publisher\" content=\"https:\/\/www.facebook.com\/VelarOgVerkfaeri\" \/>\n<meta property=\"article:modified_time\" content=\"2025-11-24T20:56:53+00:00\" \/>\n<meta property=\"og:image\" content=\"https:\/\/velarogverkfaeri.is\/wp-content\/uploads\/2023\/11\/svortudagar-vv-tilbod-cover.png\" \/>\n\t<meta property=\"og:image:width\" content=\"1920\" \/>\n\t<meta property=\"og:image:height\" content=\"1080\" \/>\n\t<meta property=\"og:image:type\" content=\"image\/png\" \/>\n<meta name=\"twitter:card\" content=\"summary_large_image\" \/>\n<meta name=\"twitter:label1\" content=\"Est. reading time\" \/>\n\t<meta name=\"twitter:data1\" content=\"14 minutes\" \/>\n<script type=\"application\/ld+json\" class=\"yoast-schema-graph\">{\"@context\":\"https:\\\/\\\/schema.org\",\"@graph\":[{\"@type\":\"WebPage\",\"@id\":\"https:\\\/\\\/velarogverkfaeri.is\\\/svortu-dagar\\\/\",\"url\":\"https:\\\/\\\/velarogverkfaeri.is\\\/svortu-dagar\\\/\",\"name\":\"Sv\u00f6rtudagar - V\u00e9lar &amp; Verkf\u00e6ri\",\"isPartOf\":{\"@id\":\"https:\\\/\\\/velarogverkfaeri.is\\\/en\\\/#website\"},\"primaryImageOfPage\":{\"@id\":\"https:\\\/\\\/velarogverkfaeri.is\\\/svortu-dagar\\\/#primaryimage\"},\"image\":{\"@id\":\"https:\\\/\\\/velarogverkfaeri.is\\\/svortu-dagar\\\/#primaryimage\"},\"thumbnailUrl\":\"https:\\\/\\\/velarogverkfaeri.is\\\/wp-content\\\/uploads\\\/2023\\\/11\\\/svortudagar-vv-tilbod-cover.png\",\"datePublished\":\"2023-11-16T19:09:22+00:00\",\"dateModified\":\"2025-11-24T20:56:53+00:00\",\"breadcrumb\":{\"@id\":\"https:\\\/\\\/velarogverkfaeri.is\\\/svortu-dagar\\\/#breadcrumb\"},\"inLanguage\":\"en-US\",\"potentialAction\":[{\"@type\":\"ReadAction\",\"target\":[\"https:\\\/\\\/velarogverkfaeri.is\\\/svortu-dagar\\\/\"]}]},{\"@type\":\"ImageObject\",\"inLanguage\":\"en-US\",\"@id\":\"https:\\\/\\\/velarogverkfaeri.is\\\/svortu-dagar\\\/#primaryimage\",\"url\":\"https:\\\/\\\/velarogverkfaeri.is\\\/wp-content\\\/uploads\\\/2023\\\/11\\\/svortudagar-vv-tilbod-cover.png\",\"contentUrl\":\"https:\\\/\\\/velarogverkfaeri.is\\\/wp-content\\\/uploads\\\/2023\\\/11\\\/svortudagar-vv-tilbod-cover.png\",\"width\":1920,\"height\":1080},{\"@type\":\"BreadcrumbList\",\"@id\":\"https:\\\/\\\/velarogverkfaeri.is\\\/svortu-dagar\\\/#breadcrumb\",\"itemListElement\":[{\"@type\":\"ListItem\",\"position\":1,\"name\":\"Home\",\"item\":\"https:\\\/\\\/velarogverkfaeri.is\\\/\"},{\"@type\":\"ListItem\",\"position\":2,\"name\":\"Sv\u00f6rtudagar\"}]},{\"@type\":\"WebSite\",\"@id\":\"https:\\\/\\\/velarogverkfaeri.is\\\/en\\\/#website\",\"url\":\"https:\\\/\\\/velarogverkfaeri.is\\\/en\\\/\",\"name\":\"V\u00e9lar & Verkf\u00e6ri\",\"description\":\"Umbo\u00f0s- og heildverslun fr\u00e1 \u00e1rinu 1919\",\"publisher\":{\"@id\":\"https:\\\/\\\/velarogverkfaeri.is\\\/en\\\/#organization\"},\"potentialAction\":[{\"@type\":\"SearchAction\",\"target\":{\"@type\":\"EntryPoint\",\"urlTemplate\":\"https:\\\/\\\/velarogverkfaeri.is\\\/en\\\/?s={search_term_string}\"},\"query-input\":{\"@type\":\"PropertyValueSpecification\",\"valueRequired\":true,\"valueName\":\"search_term_string\"}}],\"inLanguage\":\"en-US\"},{\"@type\":\"Organization\",\"@id\":\"https:\\\/\\\/velarogverkfaeri.is\\\/en\\\/#organization\",\"name\":\"V\u00e9lar & Verkf\u00e6ri\",\"url\":\"https:\\\/\\\/velarogverkfaeri.is\\\/en\\\/\",\"logo\":{\"@type\":\"ImageObject\",\"inLanguage\":\"en-US\",\"@id\":\"https:\\\/\\\/velarogverkfaeri.is\\\/en\\\/#\\\/schema\\\/logo\\\/image\\\/\",\"url\":\"https:\\\/\\\/velarogverkfaeri.is\\\/wp-content\\\/uploads\\\/2021\\\/10\\\/vv_logo_350x100.png\",\"contentUrl\":\"https:\\\/\\\/velarogverkfaeri.is\\\/wp-content\\\/uploads\\\/2021\\\/10\\\/vv_logo_350x100.png\",\"width\":350,\"height\":100,\"caption\":\"V\u00e9lar & Verkf\u00e6ri\"},\"image\":{\"@id\":\"https:\\\/\\\/velarogverkfaeri.is\\\/en\\\/#\\\/schema\\\/logo\\\/image\\\/\"},\"sameAs\":[\"https:\\\/\\\/www.facebook.com\\\/VelarOgVerkfaeri\"]}]}<\/script>\n<!-- \/ Yoast SEO plugin. -->","yoast_head_json":{"title":"Sv\u00f6rtudagar - V\u00e9lar &amp; Verkf\u00e6ri","robots":{"index":"index","follow":"follow","max-snippet":"max-snippet:-1","max-image-preview":"max-image-preview:large","max-video-preview":"max-video-preview:-1"},"canonical":"https:\/\/velarogverkfaeri.is\/en\/svortu-dagar\/","og_locale":"en_US","og_type":"article","og_title":"Sv\u00f6rtudagar - V\u00e9lar &amp; Verkf\u00e6ri","og_description":"\u00dea\u00f0 ver\u00f0a Sv\u00f6rtudagar hj\u00e1 V\u00e9lum og Verkf\u00e6rum dagana 20. - 27. n\u00f3vember! Allt a\u00f0 50% afsl\u00e1ttur og n\u00fdjar v\u00f6rur b\u00e6tast vi\u00f0 \u00e1 hverjum degi. V\u00e9lar og Verkf\u00e6ri eru me\u00f0 fj\u00f6lbreytt \u00farval af allskonar v\u00f6rum \u00ed \u00feremur vefverslunum","og_url":"https:\/\/velarogverkfaeri.is\/en\/svortu-dagar\/","og_site_name":"V\u00e9lar &amp; Verkf\u00e6ri","article_publisher":"https:\/\/www.facebook.com\/VelarOgVerkfaeri","article_modified_time":"2025-11-24T20:56:53+00:00","og_image":[{"width":1920,"height":1080,"url":"https:\/\/velarogverkfaeri.is\/wp-content\/uploads\/2023\/11\/svortudagar-vv-tilbod-cover.png","type":"image\/png"}],"twitter_card":"summary_large_image","twitter_misc":{"Est. reading time":"14 minutes"},"schema":{"@context":"https:\/\/schema.org","@graph":[{"@type":"WebPage","@id":"https:\/\/velarogverkfaeri.is\/svortu-dagar\/","url":"https:\/\/velarogverkfaeri.is\/svortu-dagar\/","name":"Sv\u00f6rtudagar - V\u00e9lar &amp; Verkf\u00e6ri","isPartOf":{"@id":"https:\/\/velarogverkfaeri.is\/en\/#website"},"primaryImageOfPage":{"@id":"https:\/\/velarogverkfaeri.is\/svortu-dagar\/#primaryimage"},"image":{"@id":"https:\/\/velarogverkfaeri.is\/svortu-dagar\/#primaryimage"},"thumbnailUrl":"https:\/\/velarogverkfaeri.is\/wp-content\/uploads\/2023\/11\/svortudagar-vv-tilbod-cover.png","datePublished":"2023-11-16T19:09:22+00:00","dateModified":"2025-11-24T20:56:53+00:00","breadcrumb":{"@id":"https:\/\/velarogverkfaeri.is\/svortu-dagar\/#breadcrumb"},"inLanguage":"en-US","potentialAction":[{"@type":"ReadAction","target":["https:\/\/velarogverkfaeri.is\/svortu-dagar\/"]}]},{"@type":"ImageObject","inLanguage":"en-US","@id":"https:\/\/velarogverkfaeri.is\/svortu-dagar\/#primaryimage","url":"https:\/\/velarogverkfaeri.is\/wp-content\/uploads\/2023\/11\/svortudagar-vv-tilbod-cover.png","contentUrl":"https:\/\/velarogverkfaeri.is\/wp-content\/uploads\/2023\/11\/svortudagar-vv-tilbod-cover.png","width":1920,"height":1080},{"@type":"BreadcrumbList","@id":"https:\/\/velarogverkfaeri.is\/svortu-dagar\/#breadcrumb","itemListElement":[{"@type":"ListItem","position":1,"name":"Home","item":"https:\/\/velarogverkfaeri.is\/"},{"@type":"ListItem","position":2,"name":"Sv\u00f6rtudagar"}]},{"@type":"WebSite","@id":"https:\/\/velarogverkfaeri.is\/en\/#website","url":"https:\/\/velarogverkfaeri.is\/en\/","name":"V\u00e9lar & Verkf\u00e6ri","description":"Umbo\u00f0s- og heildverslun fr\u00e1 \u00e1rinu 1919","publisher":{"@id":"https:\/\/velarogverkfaeri.is\/en\/#organization"},"potentialAction":[{"@type":"SearchAction","target":{"@type":"EntryPoint","urlTemplate":"https:\/\/velarogverkfaeri.is\/en\/?s={search_term_string}"},"query-input":{"@type":"PropertyValueSpecification","valueRequired":true,"valueName":"search_term_string"}}],"inLanguage":"en-US"},{"@type":"Organization","@id":"https:\/\/velarogverkfaeri.is\/en\/#organization","name":"V\u00e9lar & Verkf\u00e6ri","url":"https:\/\/velarogverkfaeri.is\/en\/","logo":{"@type":"ImageObject","inLanguage":"en-US","@id":"https:\/\/velarogverkfaeri.is\/en\/#\/schema\/logo\/image\/","url":"https:\/\/velarogverkfaeri.is\/wp-content\/uploads\/2021\/10\/vv_logo_350x100.png","contentUrl":"https:\/\/velarogverkfaeri.is\/wp-content\/uploads\/2021\/10\/vv_logo_350x100.png","width":350,"height":100,"caption":"V\u00e9lar & Verkf\u00e6ri"},"image":{"@id":"https:\/\/velarogverkfaeri.is\/en\/#\/schema\/logo\/image\/"},"sameAs":["https:\/\/www.facebook.com\/VelarOgVerkfaeri"]}]}},"_links":{"self":[{"href":"https:\/\/velarogverkfaeri.is\/en\/wp-json\/wp\/v2\/pages\/55278","targetHints":{"allow":["GET"]}}],"collection":[{"href":"https:\/\/velarogverkfaeri.is\/en\/wp-json\/wp\/v2\/pages"}],"about":[{"href":"https:\/\/velarogverkfaeri.is\/en\/wp-json\/wp\/v2\/types\/page"}],"author":[{"embeddable":true,"href":"https:\/\/velarogverkfaeri.is\/en\/wp-json\/wp\/v2\/users\/1"}],"replies":[{"embeddable":true,"href":"https:\/\/velarogverkfaeri.is\/en\/wp-json\/wp\/v2\/comments?post=55278"}],"version-history":[{"count":51,"href":"https:\/\/velarogverkfaeri.is\/en\/wp-json\/wp\/v2\/pages\/55278\/revisions"}],"predecessor-version":[{"id":78190,"href":"https:\/\/velarogverkfaeri.is\/en\/wp-json\/wp\/v2\/pages\/55278\/revisions\/78190"}],"wp:featuredmedia":[{"embeddable":true,"href":"https:\/\/velarogverkfaeri.is\/en\/wp-json\/wp\/v2\/media\/55315"}],"wp:attachment":[{"href":"https:\/\/velarogverkfaeri.is\/en\/wp-json\/wp\/v2\/media?parent=55278"}],"curies":[{"name":"wp","href":"https:\/\/api.w.org\/{rel}","templated":true}]}}