{"id":53665,"date":"2023-11-08T00:55:40","date_gmt":"2023-11-08T00:55:40","guid":{"rendered":"https:\/\/vv-dev.webdev.is\/?page_id=53665"},"modified":"2026-02-12T13:02:15","modified_gmt":"2026-02-12T13:02:15","slug":"lyklasmidi","status":"publish","type":"page","link":"https:\/\/velarogverkfaeri.is\/en\/lykillausnir\/lyklasmidi\/","title":{"rendered":"Key duplication"},"content":{"rendered":"<p>Employees at Lykillausnir are V\u00e9lar &amp; Verkf\u00e6ri specialist in key duplicating and key cutting. We are the leading distributor in Iceland of most of the largest manufacturers of locks and keys in the world, such as Assa Abloy, Abloy, Master Lock, Abus, Yale and MultiLock.<\/p>\n\n\n\n<p>Our locksmiths have decades of experience in key duplication and cylinder construction.<\/p>\n\n\n\n<h3 class=\"wp-block-heading\"><strong>L\u00e1saopnanir\/uppsetning \u00e1 hur\u00f0ab\u00fana\u00f0i<\/strong><\/h3>\n\n\n\n<p>Hj\u00e1 Lykillausnum vinna l\u00e1sasmi\u00f0ir sem geta a\u00f0sto\u00f0a\u00f0 vi\u00f0 opnun \u00e1 l\u00e6stu h\u00fasn\u00e6\u00f0i, b\u00edlum og hirslum e\u00f0a til a\u00f0 hj\u00e1lpa til vi\u00f0 uppsetningu \u00e1 hur\u00f0ab\u00fana\u00f0i m\u00e1nudaga &#8211; fimmtudaga fr\u00e1 kl. 09:00-17:00 og f\u00f6studaga fr\u00e1 kl. 09:00-16:00. S\u00edman\u00famer fyrir l\u00e1saopnanir er 693 &#8211; 8501.<\/p>\n\n\n\n<h3 class=\"wp-block-heading\"><strong>General keys<\/strong><\/h3>\n\n\n\n<p>Verslun okkar b\u00fd\u00f0ur upp \u00e1 sm\u00ed\u00f0i \u00e1 allflestum lyklum sem eru \u00ed umfer\u00f0 h\u00e9r \u00e1 landi og \u00fev\u00ed um a\u00f0 gera a\u00f0 koma vi\u00f0 \u00ed hj\u00e1 okkur ef n\u00fdja lykla vantar.<\/p>\n\n\n\n<h3 class=\"wp-block-heading\"><strong>Master key system<\/strong><\/h3>\n\n\n\n<p>Lykillausnir bj\u00f3\u00f0a upp \u00e1 sm\u00ed\u00f0i \u00e1 h\u00f6fu\u00f0lyklakerfum sem henta einstaklega vel fyrir h\u00fasf\u00e9l\u00f6g sem og fyrirt\u00e6ki \u00fear sem hver lykill \u00fearf a\u00f0 ganga a\u00f0 fleirri en einni hur\u00f0.<\/p>\n\n\n\n<h3 class=\"wp-block-heading\"><strong>Access control system<\/strong><\/h3>\n\n\n\n<p>In recent years, electronic access control systems have become more common in companies and apartment complex to increase convenience and traceability. Lykillausnir can program access cards that belong to access systems that have been created by V\u00e9lar &amp; Verkf\u00e6ri experts.<\/p>\n\n\n\n<p>Please contact us if we can assist<\/p>\n\n\n\n<p><strong>Email: <\/strong><a href=\"mailto:lykillausnir@vv.is\">lykillausnir<\/a><a href=\"mailto:soludeild@vv.is\">@vv.is<\/a><\/p>\n\n\n\n<p><strong>Phone: <\/strong><a href=\"tel:533-2900\">533-2900<\/a><\/p>\n\n\n\n<p><strong>Heimilisfang:<\/strong> Sk\u00fatuvogur 1e<\/p>\n\n\n\n<p><strong>Opening hours:<\/strong> Opi\u00f0 m\u00e1nudaga til fimmtudaga fr\u00e1 kl. 08:00 &#8211; 18:00, f\u00f6studaga fr\u00e1 kl. 8:00 &#8211; 17:00 og laugardaga fr\u00e1 kl. 11:00 &#8211; 15:00.<\/p>\n\n\n\n<figure class=\"wp-block-gallery has-nested-images columns-default is-cropped wp-block-gallery-1 is-layout-flex wp-block-gallery-is-layout-flex\">\n<figure class=\"wp-block-image size-large\"><img fetchpriority=\"high\" decoding=\"async\" width=\"1024\" height=\"388\" data-id=\"57116\" src=\"https:\/\/velarogverkfaeri.is\/wp-content\/uploads\/2024\/01\/lykillausnir_banner-jan24-1024x388.png\" alt=\"\" class=\"wp-image-57116\" srcset=\"https:\/\/velarogverkfaeri.is\/wp-content\/uploads\/2024\/01\/lykillausnir_banner-jan24-1024x388.png 1024w, https:\/\/velarogverkfaeri.is\/wp-content\/uploads\/2024\/01\/lykillausnir_banner-jan24-300x114.png 300w, https:\/\/velarogverkfaeri.is\/wp-content\/uploads\/2024\/01\/lykillausnir_banner-jan24-768x291.png 768w, https:\/\/velarogverkfaeri.is\/wp-content\/uploads\/2024\/01\/lykillausnir_banner-jan24-1536x582.png 1536w, https:\/\/velarogverkfaeri.is\/wp-content\/uploads\/2024\/01\/lykillausnir_banner-jan24-18x7.png 18w, https:\/\/velarogverkfaeri.is\/wp-content\/uploads\/2024\/01\/lykillausnir_banner-jan24-600x228.png 600w, https:\/\/velarogverkfaeri.is\/wp-content\/uploads\/2024\/01\/lykillausnir_banner-jan24.png 1920w\" sizes=\"(max-width: 1024px) 100vw, 1024px\" \/><\/figure>\n<\/figure>","protected":false},"excerpt":{"rendered":"<p>Lykillausnir eru s\u00e9rfr\u00e6\u00f0ingar V\u00e9la og Verkf\u00e6ra \u00ed lykla- og l\u00e1sasm\u00ed\u00f0i og bj\u00f3\u00f0a upp \u00e1 a\u00f0 sm\u00ed\u00f0a flest sem \u00edslenskur marka\u00f0ur hefur upp \u00e1 a\u00f0 bj\u00f3\u00f0a. Fyrirt\u00e6ki\u00f0 er dreifingara\u00f0ili flestra sterkustu framlei\u00f0enda l\u00e1sa og lykla \u00ed heiminum eins og Assa Abloy, Abloy, Master Lock, Abus, Yale og MultiLock. L\u00e1sasmi\u00f0irnir okkar hafa tuga \u00e1ra reynslu \u00ed l\u00e1sa [&hellip;]<\/p>\n","protected":false},"author":1,"featured_media":0,"parent":16313,"menu_order":0,"comment_status":"closed","ping_status":"closed","template":"","meta":{"footnotes":""},"class_list":["post-53665","page","type-page","status-publish","hentry"],"yoast_head":"<!-- This site is optimized with the Yoast SEO plugin v27.3 - https:\/\/yoast.com\/product\/yoast-seo-wordpress\/ -->\n<title>Lyklasm\u00ed\u00f0i | L\u00e1sasmi\u00f0i &amp; lykla\u00fej\u00f3nusta | Lykillausnir<\/title>\n<meta name=\"description\" content=\"L\u00e1sasmi\u00f0ir Lykillausna eru s\u00e9rfr\u00e6\u00f0ingar \u00ed l\u00e1sasm\u00ed\u00f0i, afritun lykla, h\u00f6fu\u00f0lyklakerfum og rafr\u00e6num a\u00f0gangskerfum me\u00f0 v\u00f6rum fr\u00e1 Assa Abloy, Abus, Yale og fleiri.\" \/>\n<meta name=\"robots\" content=\"index, follow, max-snippet:-1, max-image-preview:large, max-video-preview:-1\" \/>\n<link rel=\"canonical\" href=\"https:\/\/velarogverkfaeri.is\/en\/lykillausnir\/lyklasmidi\/\" \/>\n<meta property=\"og:locale\" content=\"en_US\" \/>\n<meta property=\"og:type\" content=\"article\" \/>\n<meta property=\"og:title\" content=\"Lyklasm\u00ed\u00f0i | L\u00e1sasmi\u00f0i &amp; lykla\u00fej\u00f3nusta | Lykillausnir\" \/>\n<meta property=\"og:description\" content=\"L\u00e1sasmi\u00f0ir Lykillausna eru s\u00e9rfr\u00e6\u00f0ingar \u00ed l\u00e1sasm\u00ed\u00f0i, afritun lykla, h\u00f6fu\u00f0lyklakerfum og rafr\u00e6num a\u00f0gangskerfum me\u00f0 v\u00f6rum fr\u00e1 Assa Abloy, Abus, Yale og fleiri.\" \/>\n<meta property=\"og:url\" content=\"https:\/\/velarogverkfaeri.is\/en\/lykillausnir\/lyklasmidi\/\" \/>\n<meta property=\"og:site_name\" content=\"V\u00e9lar &amp; Verkf\u00e6ri\" \/>\n<meta property=\"article:publisher\" content=\"https:\/\/www.facebook.com\/VelarOgVerkfaeri\" \/>\n<meta property=\"article:modified_time\" content=\"2026-02-12T13:02:15+00:00\" \/>\n<meta property=\"og:image\" content=\"https:\/\/velarogverkfaeri.is\/wp-content\/uploads\/2024\/01\/lykillausnir_banner-jan24.png\" \/>\n\t<meta property=\"og:image:width\" content=\"1920\" \/>\n\t<meta property=\"og:image:height\" content=\"728\" \/>\n\t<meta property=\"og:image:type\" content=\"image\/png\" \/>\n<meta name=\"twitter:card\" content=\"summary_large_image\" \/>\n<meta name=\"twitter:label1\" content=\"Est. reading time\" \/>\n\t<meta name=\"twitter:data1\" content=\"2 minutes\" \/>\n<script type=\"application\/ld+json\" class=\"yoast-schema-graph\">{\"@context\":\"https:\\\/\\\/schema.org\",\"@graph\":[{\"@type\":\"WebPage\",\"@id\":\"https:\\\/\\\/velarogverkfaeri.is\\\/lykillausnir\\\/lyklasmidi\\\/\",\"url\":\"https:\\\/\\\/velarogverkfaeri.is\\\/lykillausnir\\\/lyklasmidi\\\/\",\"name\":\"Lyklasm\u00ed\u00f0i | L\u00e1sasmi\u00f0i & lykla\u00fej\u00f3nusta | Lykillausnir\",\"isPartOf\":{\"@id\":\"https:\\\/\\\/velarogverkfaeri.is\\\/en\\\/#website\"},\"primaryImageOfPage\":{\"@id\":\"https:\\\/\\\/velarogverkfaeri.is\\\/lykillausnir\\\/lyklasmidi\\\/#primaryimage\"},\"image\":{\"@id\":\"https:\\\/\\\/velarogverkfaeri.is\\\/lykillausnir\\\/lyklasmidi\\\/#primaryimage\"},\"thumbnailUrl\":\"https:\\\/\\\/velarogverkfaeri.is\\\/wp-content\\\/uploads\\\/2024\\\/01\\\/lykillausnir_banner-jan24-1024x388.png\",\"datePublished\":\"2023-11-08T00:55:40+00:00\",\"dateModified\":\"2026-02-12T13:02:15+00:00\",\"description\":\"L\u00e1sasmi\u00f0ir Lykillausna eru s\u00e9rfr\u00e6\u00f0ingar \u00ed l\u00e1sasm\u00ed\u00f0i, afritun lykla, h\u00f6fu\u00f0lyklakerfum og rafr\u00e6num a\u00f0gangskerfum me\u00f0 v\u00f6rum fr\u00e1 Assa Abloy, Abus, Yale og fleiri.\",\"breadcrumb\":{\"@id\":\"https:\\\/\\\/velarogverkfaeri.is\\\/lykillausnir\\\/lyklasmidi\\\/#breadcrumb\"},\"inLanguage\":\"en-US\",\"potentialAction\":[{\"@type\":\"ReadAction\",\"target\":[\"https:\\\/\\\/velarogverkfaeri.is\\\/lykillausnir\\\/lyklasmidi\\\/\"]}]},{\"@type\":\"ImageObject\",\"inLanguage\":\"en-US\",\"@id\":\"https:\\\/\\\/velarogverkfaeri.is\\\/lykillausnir\\\/lyklasmidi\\\/#primaryimage\",\"url\":\"https:\\\/\\\/velarogverkfaeri.is\\\/wp-content\\\/uploads\\\/2024\\\/01\\\/lykillausnir_banner-jan24-1024x388.png\",\"contentUrl\":\"https:\\\/\\\/velarogverkfaeri.is\\\/wp-content\\\/uploads\\\/2024\\\/01\\\/lykillausnir_banner-jan24-1024x388.png\"},{\"@type\":\"BreadcrumbList\",\"@id\":\"https:\\\/\\\/velarogverkfaeri.is\\\/lykillausnir\\\/lyklasmidi\\\/#breadcrumb\",\"itemListElement\":[{\"@type\":\"ListItem\",\"position\":1,\"name\":\"Home\",\"item\":\"https:\\\/\\\/velarogverkfaeri.is\\\/\"},{\"@type\":\"ListItem\",\"position\":2,\"name\":\"Lykillausnir\",\"item\":\"https:\\\/\\\/velarogverkfaeri.is\\\/lykillausnir\\\/\"},{\"@type\":\"ListItem\",\"position\":3,\"name\":\"Lyklasm\u00ed\u00f0i\"}]},{\"@type\":\"WebSite\",\"@id\":\"https:\\\/\\\/velarogverkfaeri.is\\\/en\\\/#website\",\"url\":\"https:\\\/\\\/velarogverkfaeri.is\\\/en\\\/\",\"name\":\"V\u00e9lar & Verkf\u00e6ri\",\"description\":\"Umbo\u00f0s- og heildverslun fr\u00e1 \u00e1rinu 1919\",\"publisher\":{\"@id\":\"https:\\\/\\\/velarogverkfaeri.is\\\/en\\\/#organization\"},\"potentialAction\":[{\"@type\":\"SearchAction\",\"target\":{\"@type\":\"EntryPoint\",\"urlTemplate\":\"https:\\\/\\\/velarogverkfaeri.is\\\/en\\\/?s={search_term_string}\"},\"query-input\":{\"@type\":\"PropertyValueSpecification\",\"valueRequired\":true,\"valueName\":\"search_term_string\"}}],\"inLanguage\":\"en-US\"},{\"@type\":\"Organization\",\"@id\":\"https:\\\/\\\/velarogverkfaeri.is\\\/en\\\/#organization\",\"name\":\"V\u00e9lar & Verkf\u00e6ri\",\"url\":\"https:\\\/\\\/velarogverkfaeri.is\\\/en\\\/\",\"logo\":{\"@type\":\"ImageObject\",\"inLanguage\":\"en-US\",\"@id\":\"https:\\\/\\\/velarogverkfaeri.is\\\/en\\\/#\\\/schema\\\/logo\\\/image\\\/\",\"url\":\"https:\\\/\\\/velarogverkfaeri.is\\\/wp-content\\\/uploads\\\/2021\\\/10\\\/vv_logo_350x100.png\",\"contentUrl\":\"https:\\\/\\\/velarogverkfaeri.is\\\/wp-content\\\/uploads\\\/2021\\\/10\\\/vv_logo_350x100.png\",\"width\":350,\"height\":100,\"caption\":\"V\u00e9lar & Verkf\u00e6ri\"},\"image\":{\"@id\":\"https:\\\/\\\/velarogverkfaeri.is\\\/en\\\/#\\\/schema\\\/logo\\\/image\\\/\"},\"sameAs\":[\"https:\\\/\\\/www.facebook.com\\\/VelarOgVerkfaeri\"]}]}<\/script>\n<!-- \/ Yoast SEO plugin. -->","yoast_head_json":{"title":"Lyklasm\u00ed\u00f0i | L\u00e1sasmi\u00f0i & lykla\u00fej\u00f3nusta | Lykillausnir","description":"L\u00e1sasmi\u00f0ir Lykillausna eru s\u00e9rfr\u00e6\u00f0ingar \u00ed l\u00e1sasm\u00ed\u00f0i, afritun lykla, h\u00f6fu\u00f0lyklakerfum og rafr\u00e6num a\u00f0gangskerfum me\u00f0 v\u00f6rum fr\u00e1 Assa Abloy, Abus, Yale og fleiri.","robots":{"index":"index","follow":"follow","max-snippet":"max-snippet:-1","max-image-preview":"max-image-preview:large","max-video-preview":"max-video-preview:-1"},"canonical":"https:\/\/velarogverkfaeri.is\/en\/lykillausnir\/lyklasmidi\/","og_locale":"en_US","og_type":"article","og_title":"Lyklasm\u00ed\u00f0i | L\u00e1sasmi\u00f0i & lykla\u00fej\u00f3nusta | Lykillausnir","og_description":"L\u00e1sasmi\u00f0ir Lykillausna eru s\u00e9rfr\u00e6\u00f0ingar \u00ed l\u00e1sasm\u00ed\u00f0i, afritun lykla, h\u00f6fu\u00f0lyklakerfum og rafr\u00e6num a\u00f0gangskerfum me\u00f0 v\u00f6rum fr\u00e1 Assa Abloy, Abus, Yale og fleiri.","og_url":"https:\/\/velarogverkfaeri.is\/en\/lykillausnir\/lyklasmidi\/","og_site_name":"V\u00e9lar &amp; Verkf\u00e6ri","article_publisher":"https:\/\/www.facebook.com\/VelarOgVerkfaeri","article_modified_time":"2026-02-12T13:02:15+00:00","og_image":[{"width":1920,"height":728,"url":"https:\/\/velarogverkfaeri.is\/wp-content\/uploads\/2024\/01\/lykillausnir_banner-jan24.png","type":"image\/png"}],"twitter_card":"summary_large_image","twitter_misc":{"Est. reading time":"2 minutes"},"schema":{"@context":"https:\/\/schema.org","@graph":[{"@type":"WebPage","@id":"https:\/\/velarogverkfaeri.is\/lykillausnir\/lyklasmidi\/","url":"https:\/\/velarogverkfaeri.is\/lykillausnir\/lyklasmidi\/","name":"Lyklasm\u00ed\u00f0i | L\u00e1sasmi\u00f0i & lykla\u00fej\u00f3nusta | Lykillausnir","isPartOf":{"@id":"https:\/\/velarogverkfaeri.is\/en\/#website"},"primaryImageOfPage":{"@id":"https:\/\/velarogverkfaeri.is\/lykillausnir\/lyklasmidi\/#primaryimage"},"image":{"@id":"https:\/\/velarogverkfaeri.is\/lykillausnir\/lyklasmidi\/#primaryimage"},"thumbnailUrl":"https:\/\/velarogverkfaeri.is\/wp-content\/uploads\/2024\/01\/lykillausnir_banner-jan24-1024x388.png","datePublished":"2023-11-08T00:55:40+00:00","dateModified":"2026-02-12T13:02:15+00:00","description":"L\u00e1sasmi\u00f0ir Lykillausna eru s\u00e9rfr\u00e6\u00f0ingar \u00ed l\u00e1sasm\u00ed\u00f0i, afritun lykla, h\u00f6fu\u00f0lyklakerfum og rafr\u00e6num a\u00f0gangskerfum me\u00f0 v\u00f6rum fr\u00e1 Assa Abloy, Abus, Yale og fleiri.","breadcrumb":{"@id":"https:\/\/velarogverkfaeri.is\/lykillausnir\/lyklasmidi\/#breadcrumb"},"inLanguage":"en-US","potentialAction":[{"@type":"ReadAction","target":["https:\/\/velarogverkfaeri.is\/lykillausnir\/lyklasmidi\/"]}]},{"@type":"ImageObject","inLanguage":"en-US","@id":"https:\/\/velarogverkfaeri.is\/lykillausnir\/lyklasmidi\/#primaryimage","url":"https:\/\/velarogverkfaeri.is\/wp-content\/uploads\/2024\/01\/lykillausnir_banner-jan24-1024x388.png","contentUrl":"https:\/\/velarogverkfaeri.is\/wp-content\/uploads\/2024\/01\/lykillausnir_banner-jan24-1024x388.png"},{"@type":"BreadcrumbList","@id":"https:\/\/velarogverkfaeri.is\/lykillausnir\/lyklasmidi\/#breadcrumb","itemListElement":[{"@type":"ListItem","position":1,"name":"Home","item":"https:\/\/velarogverkfaeri.is\/"},{"@type":"ListItem","position":2,"name":"Lykillausnir","item":"https:\/\/velarogverkfaeri.is\/lykillausnir\/"},{"@type":"ListItem","position":3,"name":"Lyklasm\u00ed\u00f0i"}]},{"@type":"WebSite","@id":"https:\/\/velarogverkfaeri.is\/en\/#website","url":"https:\/\/velarogverkfaeri.is\/en\/","name":"V\u00e9lar & Verkf\u00e6ri","description":"Umbo\u00f0s- og heildverslun fr\u00e1 \u00e1rinu 1919","publisher":{"@id":"https:\/\/velarogverkfaeri.is\/en\/#organization"},"potentialAction":[{"@type":"SearchAction","target":{"@type":"EntryPoint","urlTemplate":"https:\/\/velarogverkfaeri.is\/en\/?s={search_term_string}"},"query-input":{"@type":"PropertyValueSpecification","valueRequired":true,"valueName":"search_term_string"}}],"inLanguage":"en-US"},{"@type":"Organization","@id":"https:\/\/velarogverkfaeri.is\/en\/#organization","name":"V\u00e9lar & Verkf\u00e6ri","url":"https:\/\/velarogverkfaeri.is\/en\/","logo":{"@type":"ImageObject","inLanguage":"en-US","@id":"https:\/\/velarogverkfaeri.is\/en\/#\/schema\/logo\/image\/","url":"https:\/\/velarogverkfaeri.is\/wp-content\/uploads\/2021\/10\/vv_logo_350x100.png","contentUrl":"https:\/\/velarogverkfaeri.is\/wp-content\/uploads\/2021\/10\/vv_logo_350x100.png","width":350,"height":100,"caption":"V\u00e9lar & Verkf\u00e6ri"},"image":{"@id":"https:\/\/velarogverkfaeri.is\/en\/#\/schema\/logo\/image\/"},"sameAs":["https:\/\/www.facebook.com\/VelarOgVerkfaeri"]}]}},"_links":{"self":[{"href":"https:\/\/velarogverkfaeri.is\/en\/wp-json\/wp\/v2\/pages\/53665","targetHints":{"allow":["GET"]}}],"collection":[{"href":"https:\/\/velarogverkfaeri.is\/en\/wp-json\/wp\/v2\/pages"}],"about":[{"href":"https:\/\/velarogverkfaeri.is\/en\/wp-json\/wp\/v2\/types\/page"}],"author":[{"embeddable":true,"href":"https:\/\/velarogverkfaeri.is\/en\/wp-json\/wp\/v2\/users\/1"}],"replies":[{"embeddable":true,"href":"https:\/\/velarogverkfaeri.is\/en\/wp-json\/wp\/v2\/comments?post=53665"}],"version-history":[{"count":10,"href":"https:\/\/velarogverkfaeri.is\/en\/wp-json\/wp\/v2\/pages\/53665\/revisions"}],"predecessor-version":[{"id":59793,"href":"https:\/\/velarogverkfaeri.is\/en\/wp-json\/wp\/v2\/pages\/53665\/revisions\/59793"}],"up":[{"embeddable":true,"href":"https:\/\/velarogverkfaeri.is\/en\/wp-json\/wp\/v2\/pages\/16313"}],"wp:attachment":[{"href":"https:\/\/velarogverkfaeri.is\/en\/wp-json\/wp\/v2\/media?parent=53665"}],"curies":[{"name":"wp","href":"https:\/\/api.w.org\/{rel}","templated":true}]}}