{"id":20,"date":"2021-10-03T14:49:43","date_gmt":"2021-10-03T14:49:43","guid":{"rendered":"https:\/\/vv.webdev.is\/?page_id=20"},"modified":"2026-04-19T14:22:20","modified_gmt":"2026-04-19T14:22:20","slug":"thjonusta","status":"publish","type":"page","link":"https:\/\/velarogverkfaeri.is\/en\/thjonusta\/","title":{"rendered":"Service"},"content":{"rendered":"<div data-elementor-type=\"wp-page\" data-elementor-id=\"20\" class=\"elementor elementor-20\" data-elementor-post-type=\"page\">\n\t\t\t\t\t\t<section class=\"elementor-section elementor-top-section elementor-element elementor-element-fca9051 elementor-section-boxed elementor-section-height-default elementor-section-height-default\" data-id=\"fca9051\" data-element_type=\"section\" data-e-type=\"section\">\n\t\t\t\t\t\t<div class=\"elementor-container elementor-column-gap-default\">\n\t\t\t\t\t<div class=\"elementor-column elementor-col-100 elementor-top-column elementor-element elementor-element-b6c565c\" data-id=\"b6c565c\" data-element_type=\"column\" data-e-type=\"column\">\n\t\t\t<div class=\"elementor-widget-wrap elementor-element-populated\">\n\t\t\t\t\t\t<div class=\"elementor-element elementor-element-ec13f2b elementor-widget elementor-widget-spacer\" data-id=\"ec13f2b\" data-element_type=\"widget\" data-e-type=\"widget\" data-widget_type=\"spacer.default\">\n\t\t\t\t<div class=\"elementor-widget-container\">\n\t\t\t\t\t\t\t<div class=\"elementor-spacer\">\n\t\t\t<div class=\"elementor-spacer-inner\"><\/div>\n\t\t<\/div>\n\t\t\t\t\t\t<\/div>\n\t\t\t\t<\/div>\n\t\t\t\t<div class=\"elementor-element elementor-element-fd04e59 elementor-widget elementor-widget-heading\" data-id=\"fd04e59\" data-element_type=\"widget\" data-e-type=\"widget\" data-widget_type=\"heading.default\">\n\t\t\t\t<div class=\"elementor-widget-container\">\n\t\t\t\t\t<h2 class=\"elementor-heading-title elementor-size-default\">\u00dej\u00f3nusta hj\u00e1 Lykillausnum<\/h2>\t\t\t\t<\/div>\n\t\t\t\t<\/div>\n\t\t\t\t\t<\/div>\n\t\t<\/div>\n\t\t\t\t\t<\/div>\n\t\t<\/section>\n\t\t\t\t<section class=\"elementor-section elementor-top-section elementor-element elementor-element-bf56df9 elementor-section-boxed elementor-section-height-default elementor-section-height-default\" data-id=\"bf56df9\" data-element_type=\"section\" data-e-type=\"section\">\n\t\t\t\t\t\t<div class=\"elementor-container elementor-column-gap-default\">\n\t\t\t\t\t<div class=\"elementor-column elementor-col-66 elementor-top-column elementor-element elementor-element-bd01710\" data-id=\"bd01710\" data-element_type=\"column\" data-e-type=\"column\">\n\t\t\t<div class=\"elementor-widget-wrap elementor-element-populated\">\n\t\t\t\t\t\t<div class=\"elementor-element elementor-element-0b4c058 elementor-widget elementor-widget-spacer\" data-id=\"0b4c058\" data-element_type=\"widget\" data-e-type=\"widget\" data-widget_type=\"spacer.default\">\n\t\t\t\t<div class=\"elementor-widget-container\">\n\t\t\t\t\t\t\t<div class=\"elementor-spacer\">\n\t\t\t<div class=\"elementor-spacer-inner\"><\/div>\n\t\t<\/div>\n\t\t\t\t\t\t<\/div>\n\t\t\t\t<\/div>\n\t\t\t\t<div class=\"elementor-element elementor-element-64dfcef elementor-widget elementor-widget-text-editor\" data-id=\"64dfcef\" data-element_type=\"widget\" data-e-type=\"widget\" data-widget_type=\"text-editor.default\">\n\t\t\t\t<div class=\"elementor-widget-container\">\n\t\t\t\t\t\t\t\t\t<h3><strong>Key duplication<\/strong><\/h3>\n<p>Employees at Lykillausnir are V\u00e9lar &amp; Verkf\u00e6ri specialist in key duplicating and key cutting. We are the leading distributor in Iceland of most of the largest manufacturers of locks and keys in the world, such as Assa Abloy, Abloy, Master Lock, Abus, Yale and MultiLock.<\/p>\n<p>Our locksmiths have decades of experience in key duplication and cylinder construction.<\/p>\n<h3><strong>L\u00e1saopnanir\/uppsetning \u00e1 hur\u00f0ab\u00fana\u00f0i<\/strong><\/h3>\n<p>Hj\u00e1 Lykillausnum vinna l\u00e1sasmi\u00f0ir sem geta a\u00f0sto\u00f0a\u00f0 vi\u00f0 opnun \u00e1 l\u00e6stu h\u00fasn\u00e6\u00f0i, b\u00edlum og hirslum e\u00f0a til a\u00f0 hj\u00e1lpa til vi\u00f0 uppsetningu \u00e1 hur\u00f0ab\u00fana\u00f0i virka daga 9-17.<\/p>\n<h3><strong>General keys<\/strong><\/h3>\n<p>Our store, Lykillausnir offers key duplication and cutting of most of the keys that are in circulation in Iceland and therefore it is advisable to come to us if new keys are missing.&nbsp;<\/p>\n<h3><strong>Master key system<\/strong><\/h3>\n<p>Lykillausnir offer key construction of master key systems that are particularly suitable for apartment complex as well for companies that have keys that need to open more than one door.<\/p>\n<h3><strong>Access control system<\/strong><\/h3>\n<p>In recent years, electronic access control systems have become more common in companies and apartment complex to increase convenience and traceability. Lykillausnir can program access cards that belong to access systems that have been created by V\u00e9lar &amp; Verkf\u00e6ri experts.<\/p>\n<p><em>Please contact us if we can assist<\/em><\/p>\n<p><strong>Email:<\/strong> <a href=\"mailto:lykillausnir@vv.is\">lykillausnir@vv.is<\/a><br><strong>Phone:<\/strong> <a href=\"tel:533-2900\">533-2900<\/a> <br><strong>Address:<\/strong> Sk\u00fatuvogur 1e, 104 Reykjav\u00edk<\/p>\n<p><span style=\"font-weight: bolder; color: rgb(51, 51, 51);\">Opening hours:<\/span><span style=\"color: rgb(51, 51, 51); font-weight: 600;\">&nbsp;Opi\u00f0 m\u00e1nudaga til fimmtudaga fr\u00e1 kl. 08:00 \u2013 18:00, f\u00f6studaga fr\u00e1 kl. 8:00 \u2013 17:00 og laugardaga fr\u00e1 kl. 11:00 \u2013 15:00.<\/span><\/p>\t\t\t\t\t\t\t\t<\/div>\n\t\t\t\t<\/div>\n\t\t\t\t\t<\/div>\n\t\t<\/div>\n\t\t\t\t<div class=\"elementor-column elementor-col-33 elementor-top-column elementor-element elementor-element-3e01427\" data-id=\"3e01427\" data-element_type=\"column\" data-e-type=\"column\">\n\t\t\t<div class=\"elementor-widget-wrap elementor-element-populated\">\n\t\t\t\t\t\t<div class=\"elementor-element elementor-element-4d3880d elementor-widget elementor-widget-spacer\" data-id=\"4d3880d\" data-element_type=\"widget\" data-e-type=\"widget\" data-widget_type=\"spacer.default\">\n\t\t\t\t<div class=\"elementor-widget-container\">\n\t\t\t\t\t\t\t<div class=\"elementor-spacer\">\n\t\t\t<div class=\"elementor-spacer-inner\"><\/div>\n\t\t<\/div>\n\t\t\t\t\t\t<\/div>\n\t\t\t\t<\/div>\n\t\t\t\t<div class=\"elementor-element elementor-element-1048457 elementor-widget elementor-widget-image\" data-id=\"1048457\" data-element_type=\"widget\" data-e-type=\"widget\" data-widget_type=\"image.default\">\n\t\t\t\t<div class=\"elementor-widget-container\">\n\t\t\t\t\t\t\t\t\t\t\t\t\t\t\t\t<a href=\"https:\/\/lykillausnir.is\/\">\n\t\t\t\t\t\t\t<img fetchpriority=\"high\" decoding=\"async\" width=\"576\" height=\"1024\" src=\"https:\/\/velarogverkfaeri.is\/wp-content\/uploads\/2022\/03\/assaabloy_story_v1-576x1024.png\" class=\"attachment-large size-large wp-image-603\" alt=\"\" srcset=\"https:\/\/velarogverkfaeri.is\/wp-content\/uploads\/2022\/03\/assaabloy_story_v1-576x1024.png 576w, https:\/\/velarogverkfaeri.is\/wp-content\/uploads\/2022\/03\/assaabloy_story_v1-169x300.png 169w, https:\/\/velarogverkfaeri.is\/wp-content\/uploads\/2022\/03\/assaabloy_story_v1-768x1365.png 768w, https:\/\/velarogverkfaeri.is\/wp-content\/uploads\/2022\/03\/assaabloy_story_v1-864x1536.png 864w, https:\/\/velarogverkfaeri.is\/wp-content\/uploads\/2022\/03\/assaabloy_story_v1-7x12.png 7w, https:\/\/velarogverkfaeri.is\/wp-content\/uploads\/2022\/03\/assaabloy_story_v1-300x533.png 300w, https:\/\/velarogverkfaeri.is\/wp-content\/uploads\/2022\/03\/assaabloy_story_v1-600x1067.png 600w, https:\/\/velarogverkfaeri.is\/wp-content\/uploads\/2022\/03\/assaabloy_story_v1-338x600.png 338w, https:\/\/velarogverkfaeri.is\/wp-content\/uploads\/2022\/03\/assaabloy_story_v1.png 1080w\" sizes=\"(max-width: 576px) 100vw, 576px\" \/>\t\t\t\t\t\t\t\t<\/a>\n\t\t\t\t\t\t\t\t\t\t\t\t\t\t\t<\/div>\n\t\t\t\t<\/div>\n\t\t\t\t\t<\/div>\n\t\t<\/div>\n\t\t\t\t\t<\/div>\n\t\t<\/section>\n\t\t\t\t<section class=\"elementor-section elementor-top-section elementor-element elementor-element-28e9972 elementor-section-boxed elementor-section-height-default elementor-section-height-default\" data-id=\"28e9972\" data-element_type=\"section\" data-e-type=\"section\">\n\t\t\t\t\t\t<div class=\"elementor-container elementor-column-gap-default\">\n\t\t\t\t\t<div class=\"elementor-column elementor-col-100 elementor-top-column elementor-element elementor-element-605417a elementor-hidden-mobile\" data-id=\"605417a\" data-element_type=\"column\" data-e-type=\"column\">\n\t\t\t<div class=\"elementor-widget-wrap elementor-element-populated\">\n\t\t\t\t\t\t<div class=\"elementor-element elementor-element-8b6ff75 elementor-widget elementor-widget-spacer\" data-id=\"8b6ff75\" data-element_type=\"widget\" data-e-type=\"widget\" data-widget_type=\"spacer.default\">\n\t\t\t\t<div class=\"elementor-widget-container\">\n\t\t\t\t\t\t\t<div class=\"elementor-spacer\">\n\t\t\t<div class=\"elementor-spacer-inner\"><\/div>\n\t\t<\/div>\n\t\t\t\t\t\t<\/div>\n\t\t\t\t<\/div>\n\t\t\t\t\t<\/div>\n\t\t<\/div>\n\t\t\t\t\t<\/div>\n\t\t<\/section>\n\t\t\t\t<\/div>","protected":false},"excerpt":{"rendered":"<p>\u00dej\u00f3nusta hj\u00e1 Lykillausnum Lyklasm\u00ed\u00f0i Lykillausnir eru s\u00e9rfr\u00e6\u00f0ingar V\u00e9la og Verkf\u00e6ra \u00ed lykla- og l\u00e1sasm\u00ed\u00f0i og bj\u00f3\u00f0a upp \u00e1 a\u00f0 sm\u00ed\u00f0a flest sem \u00edslenskur marka\u00f0ur hefur upp \u00e1 a\u00f0 bj\u00f3\u00f0a. Fyrirt\u00e6ki\u00f0 er dreifingara\u00f0ili flestra sterkustu framlei\u00f0enda l\u00e1sa og lykla \u00ed heiminum eins og Assa Abloy, Abloy, Master Lock, Abus, Yale og MultiLock. L\u00e1sasmi\u00f0irnir okkar hafa tuga [&hellip;]<\/p>\n","protected":false},"author":1,"featured_media":3244,"parent":0,"menu_order":0,"comment_status":"closed","ping_status":"closed","template":"","meta":{"footnotes":""},"class_list":["post-20","page","type-page","status-publish","has-post-thumbnail","hentry"],"yoast_head":"<!-- This site is optimized with the Yoast SEO plugin v27.3 - https:\/\/yoast.com\/product\/yoast-seo-wordpress\/ -->\n<title>\u00dej\u00f3nusta | L\u00e1sasm\u00ed\u00f0i, uppsetning &amp; a\u00f0gangskerfi \u2013 V\u00e9lar &amp; Verkf\u00e6ri<\/title>\n<meta name=\"description\" content=\"V\u00e9lar &amp; Verkf\u00e6ri b\u00fd\u00f0ur faglega \u00fej\u00f3nustu \u00ed l\u00e1sasm\u00ed\u00f0i, uppsetningu hur\u00f0arb\u00fana\u00f0ar, a\u00f0gangskerfa og almenna t\u00e6kni\u00fej\u00f3nustu fyrir snjalllausnir.\" \/>\n<meta name=\"robots\" content=\"index, follow, max-snippet:-1, max-image-preview:large, max-video-preview:-1\" \/>\n<link rel=\"canonical\" href=\"https:\/\/velarogverkfaeri.is\/en\/thjonusta\/\" \/>\n<meta property=\"og:locale\" content=\"en_US\" \/>\n<meta property=\"og:type\" content=\"article\" \/>\n<meta property=\"og:title\" content=\"\u00dej\u00f3nusta | L\u00e1sasm\u00ed\u00f0i, uppsetning &amp; a\u00f0gangskerfi \u2013 V\u00e9lar &amp; Verkf\u00e6ri\" \/>\n<meta property=\"og:description\" content=\"V\u00e9lar &amp; Verkf\u00e6ri b\u00fd\u00f0ur faglega \u00fej\u00f3nustu \u00ed l\u00e1sasm\u00ed\u00f0i, uppsetningu hur\u00f0arb\u00fana\u00f0ar, a\u00f0gangskerfa og almenna t\u00e6kni\u00fej\u00f3nustu fyrir snjalllausnir.\" \/>\n<meta property=\"og:url\" content=\"https:\/\/velarogverkfaeri.is\/en\/thjonusta\/\" \/>\n<meta property=\"og:site_name\" content=\"V\u00e9lar &amp; Verkf\u00e6ri\" \/>\n<meta property=\"article:publisher\" content=\"https:\/\/www.facebook.com\/VelarOgVerkfaeri\" \/>\n<meta property=\"article:modified_time\" content=\"2026-04-19T14:22:20+00:00\" \/>\n<meta property=\"og:image\" content=\"https:\/\/velarogverkfaeri.is\/wp-content\/uploads\/2022\/04\/velarogverkfaeri_adgangskerfi_banner_0.png\" \/>\n\t<meta property=\"og:image:width\" content=\"750\" \/>\n\t<meta property=\"og:image:height\" content=\"500\" \/>\n\t<meta property=\"og:image:type\" content=\"image\/png\" \/>\n<meta name=\"twitter:card\" content=\"summary_large_image\" \/>\n<meta name=\"twitter:label1\" content=\"Est. reading time\" \/>\n\t<meta name=\"twitter:data1\" content=\"2 minutes\" \/>\n<script type=\"application\/ld+json\" class=\"yoast-schema-graph\">{\"@context\":\"https:\\\/\\\/schema.org\",\"@graph\":[{\"@type\":\"WebPage\",\"@id\":\"https:\\\/\\\/velarogverkfaeri.is\\\/thjonusta\\\/\",\"url\":\"https:\\\/\\\/velarogverkfaeri.is\\\/thjonusta\\\/\",\"name\":\"\u00dej\u00f3nusta | L\u00e1sasm\u00ed\u00f0i, uppsetning & a\u00f0gangskerfi \u2013 V\u00e9lar & Verkf\u00e6ri\",\"isPartOf\":{\"@id\":\"https:\\\/\\\/velarogverkfaeri.is\\\/en\\\/#website\"},\"primaryImageOfPage\":{\"@id\":\"https:\\\/\\\/velarogverkfaeri.is\\\/thjonusta\\\/#primaryimage\"},\"image\":{\"@id\":\"https:\\\/\\\/velarogverkfaeri.is\\\/thjonusta\\\/#primaryimage\"},\"thumbnailUrl\":\"https:\\\/\\\/velarogverkfaeri.is\\\/wp-content\\\/uploads\\\/2022\\\/04\\\/velarogverkfaeri_adgangskerfi_banner_0.png\",\"datePublished\":\"2021-10-03T14:49:43+00:00\",\"dateModified\":\"2026-04-19T14:22:20+00:00\",\"description\":\"V\u00e9lar & Verkf\u00e6ri b\u00fd\u00f0ur faglega \u00fej\u00f3nustu \u00ed l\u00e1sasm\u00ed\u00f0i, uppsetningu hur\u00f0arb\u00fana\u00f0ar, a\u00f0gangskerfa og almenna t\u00e6kni\u00fej\u00f3nustu fyrir snjalllausnir.\",\"breadcrumb\":{\"@id\":\"https:\\\/\\\/velarogverkfaeri.is\\\/thjonusta\\\/#breadcrumb\"},\"inLanguage\":\"en-US\",\"potentialAction\":[{\"@type\":\"ReadAction\",\"target\":[\"https:\\\/\\\/velarogverkfaeri.is\\\/thjonusta\\\/\"]}]},{\"@type\":\"ImageObject\",\"inLanguage\":\"en-US\",\"@id\":\"https:\\\/\\\/velarogverkfaeri.is\\\/thjonusta\\\/#primaryimage\",\"url\":\"https:\\\/\\\/velarogverkfaeri.is\\\/wp-content\\\/uploads\\\/2022\\\/04\\\/velarogverkfaeri_adgangskerfi_banner_0.png\",\"contentUrl\":\"https:\\\/\\\/velarogverkfaeri.is\\\/wp-content\\\/uploads\\\/2022\\\/04\\\/velarogverkfaeri_adgangskerfi_banner_0.png\",\"width\":750,\"height\":500},{\"@type\":\"BreadcrumbList\",\"@id\":\"https:\\\/\\\/velarogverkfaeri.is\\\/thjonusta\\\/#breadcrumb\",\"itemListElement\":[{\"@type\":\"ListItem\",\"position\":1,\"name\":\"Home\",\"item\":\"https:\\\/\\\/velarogverkfaeri.is\\\/\"},{\"@type\":\"ListItem\",\"position\":2,\"name\":\"\u00dej\u00f3nusta\"}]},{\"@type\":\"WebSite\",\"@id\":\"https:\\\/\\\/velarogverkfaeri.is\\\/en\\\/#website\",\"url\":\"https:\\\/\\\/velarogverkfaeri.is\\\/en\\\/\",\"name\":\"V\u00e9lar & Verkf\u00e6ri\",\"description\":\"Umbo\u00f0s- og heildverslun fr\u00e1 \u00e1rinu 1919\",\"publisher\":{\"@id\":\"https:\\\/\\\/velarogverkfaeri.is\\\/en\\\/#organization\"},\"potentialAction\":[{\"@type\":\"SearchAction\",\"target\":{\"@type\":\"EntryPoint\",\"urlTemplate\":\"https:\\\/\\\/velarogverkfaeri.is\\\/en\\\/?s={search_term_string}\"},\"query-input\":{\"@type\":\"PropertyValueSpecification\",\"valueRequired\":true,\"valueName\":\"search_term_string\"}}],\"inLanguage\":\"en-US\"},{\"@type\":\"Organization\",\"@id\":\"https:\\\/\\\/velarogverkfaeri.is\\\/en\\\/#organization\",\"name\":\"V\u00e9lar & Verkf\u00e6ri\",\"url\":\"https:\\\/\\\/velarogverkfaeri.is\\\/en\\\/\",\"logo\":{\"@type\":\"ImageObject\",\"inLanguage\":\"en-US\",\"@id\":\"https:\\\/\\\/velarogverkfaeri.is\\\/en\\\/#\\\/schema\\\/logo\\\/image\\\/\",\"url\":\"https:\\\/\\\/velarogverkfaeri.is\\\/wp-content\\\/uploads\\\/2021\\\/10\\\/vv_logo_350x100.png\",\"contentUrl\":\"https:\\\/\\\/velarogverkfaeri.is\\\/wp-content\\\/uploads\\\/2021\\\/10\\\/vv_logo_350x100.png\",\"width\":350,\"height\":100,\"caption\":\"V\u00e9lar & Verkf\u00e6ri\"},\"image\":{\"@id\":\"https:\\\/\\\/velarogverkfaeri.is\\\/en\\\/#\\\/schema\\\/logo\\\/image\\\/\"},\"sameAs\":[\"https:\\\/\\\/www.facebook.com\\\/VelarOgVerkfaeri\"]}]}<\/script>\n<!-- \/ Yoast SEO plugin. -->","yoast_head_json":{"title":"\u00dej\u00f3nusta | L\u00e1sasm\u00ed\u00f0i, uppsetning & a\u00f0gangskerfi \u2013 V\u00e9lar & Verkf\u00e6ri","description":"V\u00e9lar & Verkf\u00e6ri b\u00fd\u00f0ur faglega \u00fej\u00f3nustu \u00ed l\u00e1sasm\u00ed\u00f0i, uppsetningu hur\u00f0arb\u00fana\u00f0ar, a\u00f0gangskerfa og almenna t\u00e6kni\u00fej\u00f3nustu fyrir snjalllausnir.","robots":{"index":"index","follow":"follow","max-snippet":"max-snippet:-1","max-image-preview":"max-image-preview:large","max-video-preview":"max-video-preview:-1"},"canonical":"https:\/\/velarogverkfaeri.is\/en\/thjonusta\/","og_locale":"en_US","og_type":"article","og_title":"\u00dej\u00f3nusta | L\u00e1sasm\u00ed\u00f0i, uppsetning & a\u00f0gangskerfi \u2013 V\u00e9lar & Verkf\u00e6ri","og_description":"V\u00e9lar & Verkf\u00e6ri b\u00fd\u00f0ur faglega \u00fej\u00f3nustu \u00ed l\u00e1sasm\u00ed\u00f0i, uppsetningu hur\u00f0arb\u00fana\u00f0ar, a\u00f0gangskerfa og almenna t\u00e6kni\u00fej\u00f3nustu fyrir snjalllausnir.","og_url":"https:\/\/velarogverkfaeri.is\/en\/thjonusta\/","og_site_name":"V\u00e9lar &amp; Verkf\u00e6ri","article_publisher":"https:\/\/www.facebook.com\/VelarOgVerkfaeri","article_modified_time":"2026-04-19T14:22:20+00:00","og_image":[{"width":750,"height":500,"url":"https:\/\/velarogverkfaeri.is\/wp-content\/uploads\/2022\/04\/velarogverkfaeri_adgangskerfi_banner_0.png","type":"image\/png"}],"twitter_card":"summary_large_image","twitter_misc":{"Est. reading time":"2 minutes"},"schema":{"@context":"https:\/\/schema.org","@graph":[{"@type":"WebPage","@id":"https:\/\/velarogverkfaeri.is\/thjonusta\/","url":"https:\/\/velarogverkfaeri.is\/thjonusta\/","name":"\u00dej\u00f3nusta | L\u00e1sasm\u00ed\u00f0i, uppsetning & a\u00f0gangskerfi \u2013 V\u00e9lar & Verkf\u00e6ri","isPartOf":{"@id":"https:\/\/velarogverkfaeri.is\/en\/#website"},"primaryImageOfPage":{"@id":"https:\/\/velarogverkfaeri.is\/thjonusta\/#primaryimage"},"image":{"@id":"https:\/\/velarogverkfaeri.is\/thjonusta\/#primaryimage"},"thumbnailUrl":"https:\/\/velarogverkfaeri.is\/wp-content\/uploads\/2022\/04\/velarogverkfaeri_adgangskerfi_banner_0.png","datePublished":"2021-10-03T14:49:43+00:00","dateModified":"2026-04-19T14:22:20+00:00","description":"V\u00e9lar & Verkf\u00e6ri b\u00fd\u00f0ur faglega \u00fej\u00f3nustu \u00ed l\u00e1sasm\u00ed\u00f0i, uppsetningu hur\u00f0arb\u00fana\u00f0ar, a\u00f0gangskerfa og almenna t\u00e6kni\u00fej\u00f3nustu fyrir snjalllausnir.","breadcrumb":{"@id":"https:\/\/velarogverkfaeri.is\/thjonusta\/#breadcrumb"},"inLanguage":"en-US","potentialAction":[{"@type":"ReadAction","target":["https:\/\/velarogverkfaeri.is\/thjonusta\/"]}]},{"@type":"ImageObject","inLanguage":"en-US","@id":"https:\/\/velarogverkfaeri.is\/thjonusta\/#primaryimage","url":"https:\/\/velarogverkfaeri.is\/wp-content\/uploads\/2022\/04\/velarogverkfaeri_adgangskerfi_banner_0.png","contentUrl":"https:\/\/velarogverkfaeri.is\/wp-content\/uploads\/2022\/04\/velarogverkfaeri_adgangskerfi_banner_0.png","width":750,"height":500},{"@type":"BreadcrumbList","@id":"https:\/\/velarogverkfaeri.is\/thjonusta\/#breadcrumb","itemListElement":[{"@type":"ListItem","position":1,"name":"Home","item":"https:\/\/velarogverkfaeri.is\/"},{"@type":"ListItem","position":2,"name":"\u00dej\u00f3nusta"}]},{"@type":"WebSite","@id":"https:\/\/velarogverkfaeri.is\/en\/#website","url":"https:\/\/velarogverkfaeri.is\/en\/","name":"V\u00e9lar & Verkf\u00e6ri","description":"Umbo\u00f0s- og heildverslun fr\u00e1 \u00e1rinu 1919","publisher":{"@id":"https:\/\/velarogverkfaeri.is\/en\/#organization"},"potentialAction":[{"@type":"SearchAction","target":{"@type":"EntryPoint","urlTemplate":"https:\/\/velarogverkfaeri.is\/en\/?s={search_term_string}"},"query-input":{"@type":"PropertyValueSpecification","valueRequired":true,"valueName":"search_term_string"}}],"inLanguage":"en-US"},{"@type":"Organization","@id":"https:\/\/velarogverkfaeri.is\/en\/#organization","name":"V\u00e9lar & Verkf\u00e6ri","url":"https:\/\/velarogverkfaeri.is\/en\/","logo":{"@type":"ImageObject","inLanguage":"en-US","@id":"https:\/\/velarogverkfaeri.is\/en\/#\/schema\/logo\/image\/","url":"https:\/\/velarogverkfaeri.is\/wp-content\/uploads\/2021\/10\/vv_logo_350x100.png","contentUrl":"https:\/\/velarogverkfaeri.is\/wp-content\/uploads\/2021\/10\/vv_logo_350x100.png","width":350,"height":100,"caption":"V\u00e9lar & Verkf\u00e6ri"},"image":{"@id":"https:\/\/velarogverkfaeri.is\/en\/#\/schema\/logo\/image\/"},"sameAs":["https:\/\/www.facebook.com\/VelarOgVerkfaeri"]}]}},"_links":{"self":[{"href":"https:\/\/velarogverkfaeri.is\/en\/wp-json\/wp\/v2\/pages\/20","targetHints":{"allow":["GET"]}}],"collection":[{"href":"https:\/\/velarogverkfaeri.is\/en\/wp-json\/wp\/v2\/pages"}],"about":[{"href":"https:\/\/velarogverkfaeri.is\/en\/wp-json\/wp\/v2\/types\/page"}],"author":[{"embeddable":true,"href":"https:\/\/velarogverkfaeri.is\/en\/wp-json\/wp\/v2\/users\/1"}],"replies":[{"embeddable":true,"href":"https:\/\/velarogverkfaeri.is\/en\/wp-json\/wp\/v2\/comments?post=20"}],"version-history":[{"count":15,"href":"https:\/\/velarogverkfaeri.is\/en\/wp-json\/wp\/v2\/pages\/20\/revisions"}],"predecessor-version":[{"id":82071,"href":"https:\/\/velarogverkfaeri.is\/en\/wp-json\/wp\/v2\/pages\/20\/revisions\/82071"}],"wp:featuredmedia":[{"embeddable":true,"href":"https:\/\/velarogverkfaeri.is\/en\/wp-json\/wp\/v2\/media\/3244"}],"wp:attachment":[{"href":"https:\/\/velarogverkfaeri.is\/en\/wp-json\/wp\/v2\/media?parent=20"}],"curies":[{"name":"wp","href":"https:\/\/api.w.org\/{rel}","templated":true}]}}