{"id":10798,"date":"2022-10-09T23:09:42","date_gmt":"2022-10-09T23:09:42","guid":{"rendered":"https:\/\/vv.webdev.is\/?page_id=10798"},"modified":"2026-02-13T11:14:34","modified_gmt":"2026-02-13T11:14:34","slug":"itarefni","status":"publish","type":"page","link":"https:\/\/velarogverkfaeri.is\/en\/itarefni\/","title":{"rendered":"additional material"},"content":{"rendered":"<div data-elementor-type=\"wp-page\" data-elementor-id=\"10798\" class=\"elementor elementor-10798\" data-elementor-post-type=\"page\">\n\t\t\t\t\t\t<section class=\"elementor-section elementor-top-section elementor-element elementor-element-7bfba2c elementor-section-boxed elementor-section-height-default elementor-section-height-default\" data-id=\"7bfba2c\" data-element_type=\"section\" data-e-type=\"section\">\n\t\t\t\t\t\t<div class=\"elementor-container elementor-column-gap-default\">\n\t\t\t\t\t<div class=\"elementor-column elementor-col-100 elementor-top-column elementor-element elementor-element-ffbc11f\" data-id=\"ffbc11f\" data-element_type=\"column\" data-e-type=\"column\">\n\t\t\t<div class=\"elementor-widget-wrap elementor-element-populated\">\n\t\t\t\t\t\t<div class=\"elementor-element elementor-element-e82f7ca elementor-widget elementor-widget-spacer\" data-id=\"e82f7ca\" data-element_type=\"widget\" data-e-type=\"widget\" data-widget_type=\"spacer.default\">\n\t\t\t\t<div class=\"elementor-widget-container\">\n\t\t\t\t\t\t\t<div class=\"elementor-spacer\">\n\t\t\t<div class=\"elementor-spacer-inner\"><\/div>\n\t\t<\/div>\n\t\t\t\t\t\t<\/div>\n\t\t\t\t<\/div>\n\t\t\t\t\t<\/div>\n\t\t<\/div>\n\t\t\t\t\t<\/div>\n\t\t<\/section>\n\t\t\t\t<section class=\"elementor-section elementor-top-section elementor-element elementor-element-4170b3c elementor-section-boxed elementor-section-height-default elementor-section-height-default\" data-id=\"4170b3c\" data-element_type=\"section\" data-e-type=\"section\">\n\t\t\t\t\t\t<div class=\"elementor-container elementor-column-gap-default\">\n\t\t\t\t\t<div class=\"elementor-column elementor-col-100 elementor-top-column elementor-element elementor-element-1bfce16\" data-id=\"1bfce16\" data-element_type=\"column\" data-e-type=\"column\">\n\t\t\t<div class=\"elementor-widget-wrap elementor-element-populated\">\n\t\t\t\t\t\t<div class=\"elementor-element elementor-element-d11e95f elementor-widget elementor-widget-heading\" data-id=\"d11e95f\" data-element_type=\"widget\" data-e-type=\"widget\" data-widget_type=\"heading.default\">\n\t\t\t\t<div class=\"elementor-widget-container\">\n\t\t\t\t\t<h2 class=\"elementor-heading-title elementor-size-default\">\u00cdTAREFNI<\/h2>\t\t\t\t<\/div>\n\t\t\t\t<\/div>\n\t\t\t\t<div class=\"elementor-element elementor-element-6365aef elementor-widget elementor-widget-text-editor\" data-id=\"6365aef\" data-element_type=\"widget\" data-e-type=\"widget\" data-widget_type=\"text-editor.default\">\n\t\t\t\t<div class=\"elementor-widget-container\">\n\t\t\t\t\t\t\t\t\t<ul><li style=\"list-style-type: none;\"><ul><li style=\"list-style-type: none;\"><ul><li><a href=\"https:\/\/velarogverkfaeri.is\/wp-content\/uploads\/2024\/04\/Maeling-a-lashusi.pdf\">M\u00e6ling \u00e1 l\u00e1sh\u00fasi og sylinder \u00ed \u00fe\u00fdskum sta\u00f0li, Euro-sylinder (PDF)<\/a><\/li><li><a href=\"https:\/\/velarogverkfaeri.is\/wp-content\/uploads\/2025\/02\/ASSA-lashus_m_ollu.png\">Assa l\u00e1sh\u00fas me\u00f0 sk\u00fdringum<\/a><\/li><li><a href=\"https:\/\/velarogverkfaeri.is\/wp-content\/uploads\/2025\/02\/Opnun_haegri_vinstri.jpg\">Opnun hur\u00f0ar &#8211;\u00a0 h\u00e6gri e\u00f0a vinstri<\/a><\/li><li><a href=\"https:\/\/velarogverkfaeri.is\/wp-content\/uploads\/2025\/05\/multi-point-lock-for-doors-assa-oem.jpg\">Assa Fj\u00f6lpunkta l\u00e1sh\u00fas &#8211; m\u00e6ling<\/a><\/li><\/ul><\/li><\/ul><\/li><\/ul>\t\t\t\t\t\t\t\t<\/div>\n\t\t\t\t<\/div>\n\t\t\t\t\t<\/div>\n\t\t<\/div>\n\t\t\t\t\t<\/div>\n\t\t<\/section>\n\t\t\t\t<section class=\"elementor-section elementor-top-section elementor-element elementor-element-8761849 elementor-section-boxed elementor-section-height-default elementor-section-height-default\" data-id=\"8761849\" data-element_type=\"section\" data-e-type=\"section\">\n\t\t\t\t\t\t<div class=\"elementor-container elementor-column-gap-default\">\n\t\t\t\t\t<div class=\"elementor-column elementor-col-100 elementor-top-column elementor-element elementor-element-7fa0b99\" data-id=\"7fa0b99\" data-element_type=\"column\" data-e-type=\"column\">\n\t\t\t<div class=\"elementor-widget-wrap elementor-element-populated\">\n\t\t\t\t\t\t<div class=\"elementor-element elementor-element-a4c5306 elementor-widget elementor-widget-spacer\" data-id=\"a4c5306\" data-element_type=\"widget\" data-e-type=\"widget\" data-widget_type=\"spacer.default\">\n\t\t\t\t<div class=\"elementor-widget-container\">\n\t\t\t\t\t\t\t<div class=\"elementor-spacer\">\n\t\t\t<div class=\"elementor-spacer-inner\"><\/div>\n\t\t<\/div>\n\t\t\t\t\t\t<\/div>\n\t\t\t\t<\/div>\n\t\t\t\t\t<\/div>\n\t\t<\/div>\n\t\t\t\t\t<\/div>\n\t\t<\/section>\n\t\t\t\t<\/div>","protected":false},"excerpt":{"rendered":"<p>\u00cdTAREFNI M\u00e6ling \u00e1 l\u00e1sh\u00fasi og sylinder \u00ed \u00fe\u00fdskum sta\u00f0li, Euro-sylinder (PDF) Assa l\u00e1sh\u00fas me\u00f0 sk\u00fdringum Opnun hur\u00f0ar &#8211;\u00a0 h\u00e6gri e\u00f0a vinstri Assa Fj\u00f6lpunkta l\u00e1sh\u00fas &#8211; m\u00e6ling<\/p>","protected":false},"author":1,"featured_media":0,"parent":0,"menu_order":0,"comment_status":"closed","ping_status":"closed","template":"elementor_header_footer","meta":{"footnotes":""},"class_list":["post-10798","page","type-page","status-publish","hentry"],"yoast_head":"<!-- This site is optimized with the Yoast SEO plugin v27.3 - https:\/\/yoast.com\/product\/yoast-seo-wordpress\/ -->\n<title>\u00cdtarefni | t\u00e6knilegur uppl\u00fdsingavefur \u2013 V\u00e9lar &amp; Verkf\u00e6ri<\/title>\n<meta name=\"description\" content=\"\u00cdtarefni hj\u00e1 V\u00e9lum &amp; Verkf\u00e6rum: lei\u00f0beiningar fyrir m\u00e6lingu \u00e1 l\u00e1sh\u00fasi og sylinder, opnun hur\u00f0a og fleira. Hagn\u00fdtar uppl\u00fdsingar fyrir fagf\u00f3lk og einstaklinga.\" \/>\n<meta name=\"robots\" content=\"index, follow, max-snippet:-1, max-image-preview:large, max-video-preview:-1\" \/>\n<link rel=\"canonical\" href=\"https:\/\/velarogverkfaeri.is\/en\/itarefni\/\" \/>\n<meta property=\"og:locale\" content=\"en_US\" \/>\n<meta property=\"og:type\" content=\"article\" \/>\n<meta property=\"og:title\" content=\"\u00cdtarefni | t\u00e6knilegur uppl\u00fdsingavefur \u2013 V\u00e9lar &amp; Verkf\u00e6ri\" \/>\n<meta property=\"og:description\" content=\"\u00cdtarefni hj\u00e1 V\u00e9lum &amp; Verkf\u00e6rum: lei\u00f0beiningar fyrir m\u00e6lingu \u00e1 l\u00e1sh\u00fasi og sylinder, opnun hur\u00f0a og fleira. Hagn\u00fdtar uppl\u00fdsingar fyrir fagf\u00f3lk og einstaklinga.\" \/>\n<meta property=\"og:url\" content=\"https:\/\/velarogverkfaeri.is\/en\/itarefni\/\" \/>\n<meta property=\"og:site_name\" content=\"V\u00e9lar &amp; Verkf\u00e6ri\" \/>\n<meta property=\"article:publisher\" content=\"https:\/\/www.facebook.com\/VelarOgVerkfaeri\" \/>\n<meta property=\"article:modified_time\" content=\"2026-02-13T11:14:34+00:00\" \/>\n<meta name=\"twitter:card\" content=\"summary_large_image\" \/>\n<meta name=\"twitter:label1\" content=\"Est. reading time\" \/>\n\t<meta name=\"twitter:data1\" content=\"1 minute\" \/>\n<script type=\"application\/ld+json\" class=\"yoast-schema-graph\">{\"@context\":\"https:\\\/\\\/schema.org\",\"@graph\":[{\"@type\":\"WebPage\",\"@id\":\"https:\\\/\\\/velarogverkfaeri.is\\\/itarefni\\\/\",\"url\":\"https:\\\/\\\/velarogverkfaeri.is\\\/itarefni\\\/\",\"name\":\"\u00cdtarefni | t\u00e6knilegur uppl\u00fdsingavefur \u2013 V\u00e9lar & Verkf\u00e6ri\",\"isPartOf\":{\"@id\":\"https:\\\/\\\/velarogverkfaeri.is\\\/en\\\/#website\"},\"datePublished\":\"2022-10-09T23:09:42+00:00\",\"dateModified\":\"2026-02-13T11:14:34+00:00\",\"description\":\"\u00cdtarefni hj\u00e1 V\u00e9lum & Verkf\u00e6rum: lei\u00f0beiningar fyrir m\u00e6lingu \u00e1 l\u00e1sh\u00fasi og sylinder, opnun hur\u00f0a og fleira. Hagn\u00fdtar uppl\u00fdsingar fyrir fagf\u00f3lk og einstaklinga.\",\"breadcrumb\":{\"@id\":\"https:\\\/\\\/velarogverkfaeri.is\\\/itarefni\\\/#breadcrumb\"},\"inLanguage\":\"en-US\",\"potentialAction\":[{\"@type\":\"ReadAction\",\"target\":[\"https:\\\/\\\/velarogverkfaeri.is\\\/itarefni\\\/\"]}]},{\"@type\":\"BreadcrumbList\",\"@id\":\"https:\\\/\\\/velarogverkfaeri.is\\\/itarefni\\\/#breadcrumb\",\"itemListElement\":[{\"@type\":\"ListItem\",\"position\":1,\"name\":\"Home\",\"item\":\"https:\\\/\\\/velarogverkfaeri.is\\\/\"},{\"@type\":\"ListItem\",\"position\":2,\"name\":\"\u00cdtarefni\"}]},{\"@type\":\"WebSite\",\"@id\":\"https:\\\/\\\/velarogverkfaeri.is\\\/en\\\/#website\",\"url\":\"https:\\\/\\\/velarogverkfaeri.is\\\/en\\\/\",\"name\":\"V\u00e9lar & Verkf\u00e6ri\",\"description\":\"Umbo\u00f0s- og heildverslun fr\u00e1 \u00e1rinu 1919\",\"publisher\":{\"@id\":\"https:\\\/\\\/velarogverkfaeri.is\\\/en\\\/#organization\"},\"potentialAction\":[{\"@type\":\"SearchAction\",\"target\":{\"@type\":\"EntryPoint\",\"urlTemplate\":\"https:\\\/\\\/velarogverkfaeri.is\\\/en\\\/?s={search_term_string}\"},\"query-input\":{\"@type\":\"PropertyValueSpecification\",\"valueRequired\":true,\"valueName\":\"search_term_string\"}}],\"inLanguage\":\"en-US\"},{\"@type\":\"Organization\",\"@id\":\"https:\\\/\\\/velarogverkfaeri.is\\\/en\\\/#organization\",\"name\":\"V\u00e9lar & Verkf\u00e6ri\",\"url\":\"https:\\\/\\\/velarogverkfaeri.is\\\/en\\\/\",\"logo\":{\"@type\":\"ImageObject\",\"inLanguage\":\"en-US\",\"@id\":\"https:\\\/\\\/velarogverkfaeri.is\\\/en\\\/#\\\/schema\\\/logo\\\/image\\\/\",\"url\":\"https:\\\/\\\/velarogverkfaeri.is\\\/wp-content\\\/uploads\\\/2021\\\/10\\\/vv_logo_350x100.png\",\"contentUrl\":\"https:\\\/\\\/velarogverkfaeri.is\\\/wp-content\\\/uploads\\\/2021\\\/10\\\/vv_logo_350x100.png\",\"width\":350,\"height\":100,\"caption\":\"V\u00e9lar & Verkf\u00e6ri\"},\"image\":{\"@id\":\"https:\\\/\\\/velarogverkfaeri.is\\\/en\\\/#\\\/schema\\\/logo\\\/image\\\/\"},\"sameAs\":[\"https:\\\/\\\/www.facebook.com\\\/VelarOgVerkfaeri\"]}]}<\/script>\n<!-- \/ Yoast SEO plugin. -->","yoast_head_json":{"title":"\u00cdtarefni | t\u00e6knilegur uppl\u00fdsingavefur \u2013 V\u00e9lar & Verkf\u00e6ri","description":"\u00cdtarefni hj\u00e1 V\u00e9lum & Verkf\u00e6rum: lei\u00f0beiningar fyrir m\u00e6lingu \u00e1 l\u00e1sh\u00fasi og sylinder, opnun hur\u00f0a og fleira. Hagn\u00fdtar uppl\u00fdsingar fyrir fagf\u00f3lk og einstaklinga.","robots":{"index":"index","follow":"follow","max-snippet":"max-snippet:-1","max-image-preview":"max-image-preview:large","max-video-preview":"max-video-preview:-1"},"canonical":"https:\/\/velarogverkfaeri.is\/en\/itarefni\/","og_locale":"en_US","og_type":"article","og_title":"\u00cdtarefni | t\u00e6knilegur uppl\u00fdsingavefur \u2013 V\u00e9lar & Verkf\u00e6ri","og_description":"\u00cdtarefni hj\u00e1 V\u00e9lum & Verkf\u00e6rum: lei\u00f0beiningar fyrir m\u00e6lingu \u00e1 l\u00e1sh\u00fasi og sylinder, opnun hur\u00f0a og fleira. Hagn\u00fdtar uppl\u00fdsingar fyrir fagf\u00f3lk og einstaklinga.","og_url":"https:\/\/velarogverkfaeri.is\/en\/itarefni\/","og_site_name":"V\u00e9lar &amp; Verkf\u00e6ri","article_publisher":"https:\/\/www.facebook.com\/VelarOgVerkfaeri","article_modified_time":"2026-02-13T11:14:34+00:00","twitter_card":"summary_large_image","twitter_misc":{"Est. reading time":"1 minute"},"schema":{"@context":"https:\/\/schema.org","@graph":[{"@type":"WebPage","@id":"https:\/\/velarogverkfaeri.is\/itarefni\/","url":"https:\/\/velarogverkfaeri.is\/itarefni\/","name":"\u00cdtarefni | t\u00e6knilegur uppl\u00fdsingavefur \u2013 V\u00e9lar & Verkf\u00e6ri","isPartOf":{"@id":"https:\/\/velarogverkfaeri.is\/en\/#website"},"datePublished":"2022-10-09T23:09:42+00:00","dateModified":"2026-02-13T11:14:34+00:00","description":"\u00cdtarefni hj\u00e1 V\u00e9lum & Verkf\u00e6rum: lei\u00f0beiningar fyrir m\u00e6lingu \u00e1 l\u00e1sh\u00fasi og sylinder, opnun hur\u00f0a og fleira. Hagn\u00fdtar uppl\u00fdsingar fyrir fagf\u00f3lk og einstaklinga.","breadcrumb":{"@id":"https:\/\/velarogverkfaeri.is\/itarefni\/#breadcrumb"},"inLanguage":"en-US","potentialAction":[{"@type":"ReadAction","target":["https:\/\/velarogverkfaeri.is\/itarefni\/"]}]},{"@type":"BreadcrumbList","@id":"https:\/\/velarogverkfaeri.is\/itarefni\/#breadcrumb","itemListElement":[{"@type":"ListItem","position":1,"name":"Home","item":"https:\/\/velarogverkfaeri.is\/"},{"@type":"ListItem","position":2,"name":"\u00cdtarefni"}]},{"@type":"WebSite","@id":"https:\/\/velarogverkfaeri.is\/en\/#website","url":"https:\/\/velarogverkfaeri.is\/en\/","name":"V\u00e9lar & Verkf\u00e6ri","description":"Umbo\u00f0s- og heildverslun fr\u00e1 \u00e1rinu 1919","publisher":{"@id":"https:\/\/velarogverkfaeri.is\/en\/#organization"},"potentialAction":[{"@type":"SearchAction","target":{"@type":"EntryPoint","urlTemplate":"https:\/\/velarogverkfaeri.is\/en\/?s={search_term_string}"},"query-input":{"@type":"PropertyValueSpecification","valueRequired":true,"valueName":"search_term_string"}}],"inLanguage":"en-US"},{"@type":"Organization","@id":"https:\/\/velarogverkfaeri.is\/en\/#organization","name":"V\u00e9lar & Verkf\u00e6ri","url":"https:\/\/velarogverkfaeri.is\/en\/","logo":{"@type":"ImageObject","inLanguage":"en-US","@id":"https:\/\/velarogverkfaeri.is\/en\/#\/schema\/logo\/image\/","url":"https:\/\/velarogverkfaeri.is\/wp-content\/uploads\/2021\/10\/vv_logo_350x100.png","contentUrl":"https:\/\/velarogverkfaeri.is\/wp-content\/uploads\/2021\/10\/vv_logo_350x100.png","width":350,"height":100,"caption":"V\u00e9lar & Verkf\u00e6ri"},"image":{"@id":"https:\/\/velarogverkfaeri.is\/en\/#\/schema\/logo\/image\/"},"sameAs":["https:\/\/www.facebook.com\/VelarOgVerkfaeri"]}]}},"_links":{"self":[{"href":"https:\/\/velarogverkfaeri.is\/en\/wp-json\/wp\/v2\/pages\/10798","targetHints":{"allow":["GET"]}}],"collection":[{"href":"https:\/\/velarogverkfaeri.is\/en\/wp-json\/wp\/v2\/pages"}],"about":[{"href":"https:\/\/velarogverkfaeri.is\/en\/wp-json\/wp\/v2\/types\/page"}],"author":[{"embeddable":true,"href":"https:\/\/velarogverkfaeri.is\/en\/wp-json\/wp\/v2\/users\/1"}],"replies":[{"embeddable":true,"href":"https:\/\/velarogverkfaeri.is\/en\/wp-json\/wp\/v2\/comments?post=10798"}],"version-history":[{"count":30,"href":"https:\/\/velarogverkfaeri.is\/en\/wp-json\/wp\/v2\/pages\/10798\/revisions"}],"predecessor-version":[{"id":71949,"href":"https:\/\/velarogverkfaeri.is\/en\/wp-json\/wp\/v2\/pages\/10798\/revisions\/71949"}],"wp:attachment":[{"href":"https:\/\/velarogverkfaeri.is\/en\/wp-json\/wp\/v2\/media?parent=10798"}],"curies":[{"name":"wp","href":"https:\/\/api.w.org\/{rel}","templated":true}]}}